{"id":734069,"date":"2025-03-03T16:22:34","date_gmt":"2025-03-03T15:22:34","guid":{"rendered":"https:\/\/stoic-curie.212-227-153-4.plesk.page\/producto\/anemometer-thermometer-and-hygrometer-skywatch-atmos\/"},"modified":"2026-02-24T23:34:50","modified_gmt":"2026-02-24T23:34:50","slug":"anemometer-thermometer-and-hygrometer-skywatch-atmos","status":"publish","type":"product","link":"https:\/\/stoic-curie.212-227-153-4.plesk.page\/de\/product\/anemometer-thermometer-and-hygrometer-skywatch-atmos\/","title":{"rendered":"Anemometer, thermometer and hygrometer Skywatch Atmos"},"content":{"rendered":"<p>Anemometer, thermometer and hygrometer Skywatch Atmos &#8211; <\/p>\n<p>Anemometer, Thermometer und Hygrometer, alles in einem Ger\u00e4t. Ideal zum pr\u00e4zisen Messen von Wind, Temperatur und Luftfeuchtigkeit. Es berechnet den gef\u00fchlten Temperaturfaktor. Der LCD-Bildschirm ist in drei Teile unterteilt: Windgeschwindigkeit \u2013 Luftfeuchtigkeit \u2013 Temperatur.<\/p>\n","protected":false},"excerpt":{"rendered":"<p>Anemometer, thermometer and hygrometer Skywatch Atmos &#8211; Anemometer, Thermometer und Hygrometer, alles in einem Ger\u00e4t. Ideal zum pr\u00e4zisen Messen von<\/p>\n","protected":false},"featured_media":5939535,"comment_status":"open","ping_status":"closed","template":"","meta":[],"product_brand":[3405],"product_cat":[1457,1490],"product_tag":[],"class_list":{"0":"post-734069","1":"product","2":"type-product","3":"status-publish","4":"has-post-thumbnail","6":"product_brand-skywatch-de","7":"product_cat-bootelektronik","8":"product_cat-nautische-instrumente","10":"first","11":"instock","12":"shipping-taxable","13":"purchasable","14":"product-type-simple"},"_links":{"self":[{"href":"https:\/\/stoic-curie.212-227-153-4.plesk.page\/de\/wp-json\/wp\/v2\/product\/734069","targetHints":{"allow":["GET"]}}],"collection":[{"href":"https:\/\/stoic-curie.212-227-153-4.plesk.page\/de\/wp-json\/wp\/v2\/product"}],"about":[{"href":"https:\/\/stoic-curie.212-227-153-4.plesk.page\/de\/wp-json\/wp\/v2\/types\/product"}],"replies":[{"embeddable":true,"href":"https:\/\/stoic-curie.212-227-153-4.plesk.page\/de\/wp-json\/wp\/v2\/comments?post=734069"}],"version-history":[{"count":0,"href":"https:\/\/stoic-curie.212-227-153-4.plesk.page\/de\/wp-json\/wp\/v2\/product\/734069\/revisions"}],"wp:featuredmedia":[{"embeddable":true,"href":"https:\/\/stoic-curie.212-227-153-4.plesk.page\/de\/wp-json\/wp\/v2\/media\/5939535"}],"wp:attachment":[{"href":"https:\/\/stoic-curie.212-227-153-4.plesk.page\/de\/wp-json\/wp\/v2\/media?parent=734069"}],"wp:term":[{"taxonomy":"product_brand","embeddable":true,"href":"https:\/\/stoic-curie.212-227-153-4.plesk.page\/de\/wp-json\/wp\/v2\/product_brand?post=734069"},{"taxonomy":"product_cat","embeddable":true,"href":"https:\/\/stoic-curie.212-227-153-4.plesk.page\/de\/wp-json\/wp\/v2\/product_cat?post=734069"},{"taxonomy":"product_tag","embeddable":true,"href":"https:\/\/stoic-curie.212-227-153-4.plesk.page\/de\/wp-json\/wp\/v2\/product_tag?post=734069"}],"curies":[{"name":"wp","href":"https:\/\/api.w.org\/{rel}","templated":true}]}}