{"id":734087,"date":"2025-03-03T16:22:38","date_gmt":"2025-03-03T15:22:38","guid":{"rendered":"https:\/\/stoic-curie.212-227-153-4.plesk.page\/producto\/riviera-prisma-gehaeuse\/"},"modified":"2026-02-24T23:34:50","modified_gmt":"2026-02-24T23:34:50","slug":"riviera-prisma-gehaeuse","status":"publish","type":"product","link":"https:\/\/stoic-curie.212-227-153-4.plesk.page\/de\/product\/riviera-prisma-gehaeuse\/","title":{"rendered":"Riviera Prisma-Geh\u00e4use"},"content":{"rendered":"<p>Riviera Prisma-Geh\u00e4use &#8211; <\/p>\n<p>Sehr pr\u00e4ziser und zuverl\u00e4ssiger Handpeilkompass Riviera Prisma. <br \/>\u2022 Nadelsystem <br \/>\u2022 Prismatische Linse mit 1\u00b0 Kartenunterteilung <br \/>\u2022 Sichtbare Kartendurchmesser: 2\u00e2\u0080\u009d 1\/4 (57,5mm) <br \/>\u2022 Luftbl\u00e4schenfalle <br \/>\u2022 Inklusive batteriebetriebene Beleuchtung <br \/>\u2022 Gepolsterte Stoff- oder Buchenholztaschen optional<\/p>\n","protected":false},"excerpt":{"rendered":"<p>Riviera Prisma-Geh\u00e4use &#8211; Sehr pr\u00e4ziser und zuverl\u00e4ssiger Handpeilkompass Riviera Prisma. \u2022 Nadelsystem \u2022 Prismatische Linse mit 1\u00b0 Kartenunterteilung \u2022 Sichtbare<\/p>\n","protected":false},"featured_media":5939551,"comment_status":"open","ping_status":"closed","template":"","meta":[],"product_brand":[3305],"product_cat":[1488,1493],"product_tag":[],"class_list":{"0":"post-734087","1":"product","2":"type-product","3":"status-publish","4":"has-post-thumbnail","6":"product_brand-riviera-de","7":"product_cat-handgehaltene-marinekompass","8":"product_cat-navigationskompass","10":"first","11":"instock","12":"shipping-taxable","13":"purchasable","14":"product-type-simple"},"_links":{"self":[{"href":"https:\/\/stoic-curie.212-227-153-4.plesk.page\/de\/wp-json\/wp\/v2\/product\/734087","targetHints":{"allow":["GET"]}}],"collection":[{"href":"https:\/\/stoic-curie.212-227-153-4.plesk.page\/de\/wp-json\/wp\/v2\/product"}],"about":[{"href":"https:\/\/stoic-curie.212-227-153-4.plesk.page\/de\/wp-json\/wp\/v2\/types\/product"}],"replies":[{"embeddable":true,"href":"https:\/\/stoic-curie.212-227-153-4.plesk.page\/de\/wp-json\/wp\/v2\/comments?post=734087"}],"version-history":[{"count":0,"href":"https:\/\/stoic-curie.212-227-153-4.plesk.page\/de\/wp-json\/wp\/v2\/product\/734087\/revisions"}],"wp:featuredmedia":[{"embeddable":true,"href":"https:\/\/stoic-curie.212-227-153-4.plesk.page\/de\/wp-json\/wp\/v2\/media\/5939551"}],"wp:attachment":[{"href":"https:\/\/stoic-curie.212-227-153-4.plesk.page\/de\/wp-json\/wp\/v2\/media?parent=734087"}],"wp:term":[{"taxonomy":"product_brand","embeddable":true,"href":"https:\/\/stoic-curie.212-227-153-4.plesk.page\/de\/wp-json\/wp\/v2\/product_brand?post=734087"},{"taxonomy":"product_cat","embeddable":true,"href":"https:\/\/stoic-curie.212-227-153-4.plesk.page\/de\/wp-json\/wp\/v2\/product_cat?post=734087"},{"taxonomy":"product_tag","embeddable":true,"href":"https:\/\/stoic-curie.212-227-153-4.plesk.page\/de\/wp-json\/wp\/v2\/product_tag?post=734087"}],"curies":[{"name":"wp","href":"https:\/\/api.w.org\/{rel}","templated":true}]}}