{"id":734091,"date":"2025-03-03T16:22:38","date_gmt":"2025-03-03T15:22:38","guid":{"rendered":"https:\/\/stoic-curie.212-227-153-4.plesk.page\/producto\/hammar-hydrostatischer-ausloeser-fuer-rettungsinseln\/"},"modified":"2026-02-24T23:34:50","modified_gmt":"2026-02-24T23:34:50","slug":"hammar-hydrostatischer-ausloeser-fuer-rettungsinseln","status":"publish","type":"product","link":"https:\/\/stoic-curie.212-227-153-4.plesk.page\/de\/product\/hammar-hydrostatischer-ausloeser-fuer-rettungsinseln\/","title":{"rendered":"Hammar hydrostatischer Ausl\u00f6ser f\u00fcr Rettungsinseln"},"content":{"rendered":"<p>Hammar hydrostatischer Ausl\u00f6ser f\u00fcr Rettungsinseln &#8211; <\/p>\n<p>Original Hammer H20 R hydrostatischer Ausl\u00f6ser f\u00fcr selbstaufblasende Rettungsinseln. SOLAS- und ISO9001-Zertifizierung durch Bureau Veritas.<\/p>\n","protected":false},"excerpt":{"rendered":"<p>Hammar hydrostatischer Ausl\u00f6ser f\u00fcr Rettungsinseln &#8211; Original Hammer H20 R hydrostatischer Ausl\u00f6ser f\u00fcr selbstaufblasende Rettungsinseln. SOLAS- und ISO9001-Zertifizierung durch Bureau<\/p>\n","protected":false},"featured_media":5939573,"comment_status":"open","ping_status":"closed","template":"","meta":[],"product_brand":[2925],"product_cat":[1320],"product_tag":[],"class_list":{"0":"post-734091","1":"product","2":"type-product","3":"status-publish","4":"has-post-thumbnail","6":"product_brand-eurovinil-de","7":"product_cat-rettungsinseln","9":"first","10":"instock","11":"shipping-taxable","12":"purchasable","13":"product-type-simple"},"_links":{"self":[{"href":"https:\/\/stoic-curie.212-227-153-4.plesk.page\/de\/wp-json\/wp\/v2\/product\/734091","targetHints":{"allow":["GET"]}}],"collection":[{"href":"https:\/\/stoic-curie.212-227-153-4.plesk.page\/de\/wp-json\/wp\/v2\/product"}],"about":[{"href":"https:\/\/stoic-curie.212-227-153-4.plesk.page\/de\/wp-json\/wp\/v2\/types\/product"}],"replies":[{"embeddable":true,"href":"https:\/\/stoic-curie.212-227-153-4.plesk.page\/de\/wp-json\/wp\/v2\/comments?post=734091"}],"version-history":[{"count":0,"href":"https:\/\/stoic-curie.212-227-153-4.plesk.page\/de\/wp-json\/wp\/v2\/product\/734091\/revisions"}],"wp:featuredmedia":[{"embeddable":true,"href":"https:\/\/stoic-curie.212-227-153-4.plesk.page\/de\/wp-json\/wp\/v2\/media\/5939573"}],"wp:attachment":[{"href":"https:\/\/stoic-curie.212-227-153-4.plesk.page\/de\/wp-json\/wp\/v2\/media?parent=734091"}],"wp:term":[{"taxonomy":"product_brand","embeddable":true,"href":"https:\/\/stoic-curie.212-227-153-4.plesk.page\/de\/wp-json\/wp\/v2\/product_brand?post=734091"},{"taxonomy":"product_cat","embeddable":true,"href":"https:\/\/stoic-curie.212-227-153-4.plesk.page\/de\/wp-json\/wp\/v2\/product_cat?post=734091"},{"taxonomy":"product_tag","embeddable":true,"href":"https:\/\/stoic-curie.212-227-153-4.plesk.page\/de\/wp-json\/wp\/v2\/product_tag?post=734091"}],"curies":[{"name":"wp","href":"https:\/\/api.w.org\/{rel}","templated":true}]}}