{"id":734099,"date":"2025-03-03T16:22:40","date_gmt":"2025-03-03T15:22:40","guid":{"rendered":"https:\/\/stoic-curie.212-227-153-4.plesk.page\/producto\/automatischer-inflator-bravo-turbo-max-kit\/"},"modified":"2026-02-24T23:34:50","modified_gmt":"2026-02-24T23:34:50","slug":"automatischer-inflator-bravo-turbo-max-kit","status":"publish","type":"product","link":"https:\/\/stoic-curie.212-227-153-4.plesk.page\/de\/product\/automatischer-inflator-bravo-turbo-max-kit\/","title":{"rendered":"Automatischer Inflator Bravo Turbo Max Kit"},"content":{"rendered":"<p>Automatischer Inflator Bravo Turbo Max Kit &#8211; <\/p>\n<p>Das Turbo Max Kit ist ein fest installiertes Aufblassystem, das automatisch stoppt, wenn der gew\u00fcnschte Druck erreicht ist. Es kann ein 7-Meter-Boot in nur 7 Minuten aufblasen und entleeren. Das Kit wird mit Montageschienen, Schrauben und einem 0,5-Meter-Stromkabel geliefert.<\/p>\n<p>Dieser Inflator ist mit einem digitalen Treiber ausgestattet, der DSP- und MOSFET-Technologien verwendet, sowie einem integrierten LED-Steuersystem. Auf Anfrage ist es sowohl in 12V- als auch in 24V-Versionen erh\u00e4ltlich, mit einem maximalen Verbrauch von 60A. Die Abmessungen betragen 30 x 16 x 7 cm.<\/p>\n<p>In der KIT-Version umfasst der Inflator alle notwendigen Komponenten f\u00fcr die Installation auf Ihrem Boot, wie Halterungen, Schrauben und ein Stromkabel mit einem Stecker. Das Ger\u00e4t verf\u00fcgt \u00fcber einen fortschrittlichen digitalen Treiber, der von einem Mikroprozessor gesteuert wird, und wird von zwei robusten Motoren betrieben, die hohe Durchflussraten bieten. Es schaltet sich automatisch ab, sobald der eingestellte Druck erreicht ist.<\/p>\n<ul>\n<li>Das Turbo Max KIT ist sowohl in 12V- als auch in 24V-Optionen erh\u00e4ltlich.<\/li>\n<li>Das Stromkabel hat eine L\u00e4nge von 0,5 Metern und wird mit einem 100A-Stecker geliefert.<\/li>\n<li>Ein integriertes LED-Steuersystem ist vorhanden.<\/li>\n<li>Der Schlauch ist auf Anfrage erh\u00e4ltlich.<\/li>\n<\/ul>\n<p>Spezifikationen umfassen einen maximalen Druck von 250 mbar (3,6 psi), einen maximalen Luftstrom von 1000 l\/m, einen Spannungsbereich von 9 bis 16 V, einen maximalen Strom von 45-60 A und ein Gewicht von 2,6 kg. Es eignet sich f\u00fcr RIBs, Schlauchboote und Tender.<\/p>\n","protected":false},"excerpt":{"rendered":"<p>Automatischer Inflator Bravo Turbo Max Kit &#8211; Das Turbo Max Kit ist ein fest installiertes Aufblassystem, das automatisch stoppt, wenn<\/p>\n","protected":false},"featured_media":5939598,"comment_status":"open","ping_status":"closed","template":"","meta":[],"product_brand":[2850],"product_cat":[1548],"product_tag":[],"class_list":{"0":"post-734099","1":"product","2":"type-product","3":"status-publish","4":"has-post-thumbnail","6":"product_brand-bravo-scoprega-de","7":"product_cat-schlauchboot-luftpumpen","9":"first","10":"instock","11":"shipping-taxable","12":"purchasable","13":"product-type-simple"},"_links":{"self":[{"href":"https:\/\/stoic-curie.212-227-153-4.plesk.page\/de\/wp-json\/wp\/v2\/product\/734099","targetHints":{"allow":["GET"]}}],"collection":[{"href":"https:\/\/stoic-curie.212-227-153-4.plesk.page\/de\/wp-json\/wp\/v2\/product"}],"about":[{"href":"https:\/\/stoic-curie.212-227-153-4.plesk.page\/de\/wp-json\/wp\/v2\/types\/product"}],"replies":[{"embeddable":true,"href":"https:\/\/stoic-curie.212-227-153-4.plesk.page\/de\/wp-json\/wp\/v2\/comments?post=734099"}],"version-history":[{"count":0,"href":"https:\/\/stoic-curie.212-227-153-4.plesk.page\/de\/wp-json\/wp\/v2\/product\/734099\/revisions"}],"wp:featuredmedia":[{"embeddable":true,"href":"https:\/\/stoic-curie.212-227-153-4.plesk.page\/de\/wp-json\/wp\/v2\/media\/5939598"}],"wp:attachment":[{"href":"https:\/\/stoic-curie.212-227-153-4.plesk.page\/de\/wp-json\/wp\/v2\/media?parent=734099"}],"wp:term":[{"taxonomy":"product_brand","embeddable":true,"href":"https:\/\/stoic-curie.212-227-153-4.plesk.page\/de\/wp-json\/wp\/v2\/product_brand?post=734099"},{"taxonomy":"product_cat","embeddable":true,"href":"https:\/\/stoic-curie.212-227-153-4.plesk.page\/de\/wp-json\/wp\/v2\/product_cat?post=734099"},{"taxonomy":"product_tag","embeddable":true,"href":"https:\/\/stoic-curie.212-227-153-4.plesk.page\/de\/wp-json\/wp\/v2\/product_tag?post=734099"}],"curies":[{"name":"wp","href":"https:\/\/api.w.org\/{rel}","templated":true}]}}