{"id":734104,"date":"2025-03-03T16:22:41","date_gmt":"2025-03-03T15:22:41","guid":{"rendered":"https:\/\/stoic-curie.212-227-153-4.plesk.page\/producto\/feuerloescher-co2-zugelassen-2kg\/"},"modified":"2026-02-24T23:34:50","modified_gmt":"2026-02-24T23:34:50","slug":"feuerloescher-co2-zugelassen-2kg","status":"publish","type":"product","link":"https:\/\/stoic-curie.212-227-153-4.plesk.page\/de\/product\/feuerloescher-co2-zugelassen-2kg\/","title":{"rendered":"Feuerl\u00f6scher CO2 zugelassen 2kg"},"content":{"rendered":"<p>Feuerl\u00f6scher CO2 zugelassen 2kg &#8211; <\/p>\n<p>M.E.D. 96\/98\/EG und CE 0029 &#8211; EN3 genehmigter CO2-gef\u00fcllter Feuerl\u00f6scher. Komplett mit Halterung und gestempeldem Herstellungsdatum. Ohne Verfallsdatum verkauft (nicht notwendig f\u00fcr kleine Boote). F\u00fcr Boote muss das Verfallsdatum bei einem Techniker f\u00fcr Feuerl\u00f6scherwartung angefragt werden.<\/p>\n","protected":false},"excerpt":{"rendered":"<p>Feuerl\u00f6scher CO2 zugelassen 2kg &#8211; M.E.D. 96\/98\/EG und CE 0029 &#8211; EN3 genehmigter CO2-gef\u00fcllter Feuerl\u00f6scher. Komplett mit Halterung und gestempeldem<\/p>\n","protected":false},"featured_media":5939618,"comment_status":"open","ping_status":"closed","template":"","meta":[],"product_brand":[2775],"product_cat":[1313],"product_tag":[],"class_list":{"0":"post-734104","1":"product","2":"type-product","3":"status-publish","4":"has-post-thumbnail","6":"product_brand-anaf-marine-de","7":"product_cat-marine-feuerloescher","9":"first","10":"instock","11":"shipping-taxable","12":"purchasable","13":"product-type-simple"},"_links":{"self":[{"href":"https:\/\/stoic-curie.212-227-153-4.plesk.page\/de\/wp-json\/wp\/v2\/product\/734104","targetHints":{"allow":["GET"]}}],"collection":[{"href":"https:\/\/stoic-curie.212-227-153-4.plesk.page\/de\/wp-json\/wp\/v2\/product"}],"about":[{"href":"https:\/\/stoic-curie.212-227-153-4.plesk.page\/de\/wp-json\/wp\/v2\/types\/product"}],"replies":[{"embeddable":true,"href":"https:\/\/stoic-curie.212-227-153-4.plesk.page\/de\/wp-json\/wp\/v2\/comments?post=734104"}],"version-history":[{"count":0,"href":"https:\/\/stoic-curie.212-227-153-4.plesk.page\/de\/wp-json\/wp\/v2\/product\/734104\/revisions"}],"wp:featuredmedia":[{"embeddable":true,"href":"https:\/\/stoic-curie.212-227-153-4.plesk.page\/de\/wp-json\/wp\/v2\/media\/5939618"}],"wp:attachment":[{"href":"https:\/\/stoic-curie.212-227-153-4.plesk.page\/de\/wp-json\/wp\/v2\/media?parent=734104"}],"wp:term":[{"taxonomy":"product_brand","embeddable":true,"href":"https:\/\/stoic-curie.212-227-153-4.plesk.page\/de\/wp-json\/wp\/v2\/product_brand?post=734104"},{"taxonomy":"product_cat","embeddable":true,"href":"https:\/\/stoic-curie.212-227-153-4.plesk.page\/de\/wp-json\/wp\/v2\/product_cat?post=734104"},{"taxonomy":"product_tag","embeddable":true,"href":"https:\/\/stoic-curie.212-227-153-4.plesk.page\/de\/wp-json\/wp\/v2\/product_tag?post=734104"}],"curies":[{"name":"wp","href":"https:\/\/api.w.org\/{rel}","templated":true}]}}