{"id":734107,"date":"2025-03-03T16:22:41","date_gmt":"2025-03-03T15:22:41","guid":{"rendered":"https:\/\/stoic-curie.212-227-153-4.plesk.page\/producto\/marine-seil-weiss-classic-12mm-x-200m\/"},"modified":"2026-02-24T23:34:50","modified_gmt":"2026-02-24T23:34:50","slug":"marine-seil-weiss-classic-12mm-x-200m","status":"publish","type":"product","link":"https:\/\/stoic-curie.212-227-153-4.plesk.page\/de\/product\/marine-seil-weiss-classic-12mm-x-200m\/","title":{"rendered":"Marineseil Wei\u00df 12mm x 200m"},"content":{"rendered":"<p>Marineseil Wei\u00df 12mm x 200m &#8211; <\/p>\n<p>Das wei\u00dfe dreistr\u00e4ngige Polyesterseil ist eine starke und flexible Option, die perfekt f\u00fcr den Einsatz im Freien oder unter rauen Bedingungen geeignet ist. Hergestellt aus hochwertigen Polyesterfasern, widersteht es Rei\u00df- und Abriebfestigkeit sowie Farbverblassung. Dieses Seil ist zudem sehr wasserabweisend und beh\u00e4lt seine St\u00e4rke selbst bei nassen oder extremen Wetterbedingungen. Mit seiner mittleren Festigkeit ist dieses dreistr\u00e4ngige Polyesterseil eine ausgezeichnete Wahl f\u00fcr all Ihre Anlege- und Verankerungsbed\u00fcrfnisse. Dar\u00fcber hinaus wird es aus recycelten PET-Flaschen hergestellt, was es zu einer umweltfreundlichen Option macht. Sie werden feststellen, dass dieses rPET-Seil \u00e4hnlich wie traditionelles Polyester funktioniert.<\/p>\n<p>In der Bootindustrie ist Polyesterseil \u00e4u\u00dferst vielseitig. Es kann f\u00fcr Ankerseile, Festmacherleinen, Fenderleinen, Lebenslinien und sogar f\u00fcr Winden- oder Hebearbeiten verwendet werden.<\/p>\n<p>Hier sind einige wichtige Eigenschaften dieses Seils:<\/p>\n<ul>\n<li>Gedrehtes dreistr\u00e4ngiges Design<\/li>\n<li>Hergestellt aus synthetischen Materialien<\/li>\n<li>Beh\u00e4lt die Festigkeit bei N\u00e4sse<\/li>\n<li>Widerstandsf\u00e4hig gegen Wasser, UV-Strahlen, Verfall und Abnutzung<\/li>\n<li>Schwimmt nicht und wird bei N\u00e4sse etwas weicher<\/li>\n<li>Hergestellt in Europa<\/li>\n<\/ul>\n","protected":false},"excerpt":{"rendered":"<p>Marineseil Wei\u00df 12mm x 200m &#8211; Das wei\u00dfe dreistr\u00e4ngige Polyesterseil ist eine starke und flexible Option, die perfekt f\u00fcr den<\/p>\n","protected":false},"featured_media":5939640,"comment_status":"open","ping_status":"closed","template":"","meta":[],"product_brand":[3100],"product_cat":[1575,1335],"product_tag":[],"class_list":{"0":"post-734107","1":"product","2":"type-product","3":"status-publish","4":"has-post-thumbnail","6":"product_brand-marco-benvenuti-de","7":"product_cat-ankerseile","8":"product_cat-anlege-und-festmacherleinen","10":"first","11":"instock","12":"shipping-taxable","13":"purchasable","14":"product-type-simple"},"_links":{"self":[{"href":"https:\/\/stoic-curie.212-227-153-4.plesk.page\/de\/wp-json\/wp\/v2\/product\/734107","targetHints":{"allow":["GET"]}}],"collection":[{"href":"https:\/\/stoic-curie.212-227-153-4.plesk.page\/de\/wp-json\/wp\/v2\/product"}],"about":[{"href":"https:\/\/stoic-curie.212-227-153-4.plesk.page\/de\/wp-json\/wp\/v2\/types\/product"}],"replies":[{"embeddable":true,"href":"https:\/\/stoic-curie.212-227-153-4.plesk.page\/de\/wp-json\/wp\/v2\/comments?post=734107"}],"version-history":[{"count":0,"href":"https:\/\/stoic-curie.212-227-153-4.plesk.page\/de\/wp-json\/wp\/v2\/product\/734107\/revisions"}],"wp:featuredmedia":[{"embeddable":true,"href":"https:\/\/stoic-curie.212-227-153-4.plesk.page\/de\/wp-json\/wp\/v2\/media\/5939640"}],"wp:attachment":[{"href":"https:\/\/stoic-curie.212-227-153-4.plesk.page\/de\/wp-json\/wp\/v2\/media?parent=734107"}],"wp:term":[{"taxonomy":"product_brand","embeddable":true,"href":"https:\/\/stoic-curie.212-227-153-4.plesk.page\/de\/wp-json\/wp\/v2\/product_brand?post=734107"},{"taxonomy":"product_cat","embeddable":true,"href":"https:\/\/stoic-curie.212-227-153-4.plesk.page\/de\/wp-json\/wp\/v2\/product_cat?post=734107"},{"taxonomy":"product_tag","embeddable":true,"href":"https:\/\/stoic-curie.212-227-153-4.plesk.page\/de\/wp-json\/wp\/v2\/product_tag?post=734107"}],"curies":[{"name":"wp","href":"https:\/\/api.w.org\/{rel}","templated":true}]}}