{"id":734109,"date":"2025-03-03T16:22:42","date_gmt":"2025-03-03T15:22:42","guid":{"rendered":"https:\/\/stoic-curie.212-227-153-4.plesk.page\/producto\/marine-seil-weiss-classic-24mm-x-100m\/"},"modified":"2026-02-24T23:34:50","modified_gmt":"2026-02-24T23:34:50","slug":"marine-seil-weiss-classic-24mm-x-100m","status":"publish","type":"product","link":"https:\/\/stoic-curie.212-227-153-4.plesk.page\/de\/product\/marine-seil-weiss-classic-24mm-x-100m\/","title":{"rendered":"Marine Tau 24 mm x 100 m"},"content":{"rendered":"<p>Marine Tau 24 mm x 100 m &#8211; <\/p>\n<p>Das wei\u00dfe Polyesterseil mit drei Str\u00e4ngen ist eine langlebige und flexible Wahl, die sich ideal f\u00fcr den Einsatz im Freien oder in anspruchsvollen Umgebungen eignet. Hergestellt aus hochwertigen Polyesterfasern, ist es rei\u00dffest, abriebfest und farbbest\u00e4ndig. Dieses Seil ist zudem hoch wasserbest\u00e4ndig und beh\u00e4lt seine St\u00e4rke auch bei nassen oder widrigen Wetterbedingungen. Mit seiner mittleren Festigkeit ist dieses polyestergefertigte Seil eine hervorragende Option f\u00fcr all Ihre Anlege- und Verankerungsbed\u00fcrfnisse. Dar\u00fcber hinaus besteht es aus recycelten PET-Flaschen, was es zu einer umweltfreundlichen Wahl macht. Sie werden feststellen, dass dieses rPET-Seil in der Leistung mit herk\u00f6mmlichem Polyester vergleichbar ist.<\/p>\n<p>Im Bootsbau ist Polyesterseil unglaublich vielseitig. Es kann f\u00fcr Ankerleinen, Festmacherleinen, Fenderleinen, Lebenslinien und sogar f\u00fcr Winde- oder Hebearbeiten verwendet werden.<\/p>\n<p>Hier sind einige wichtige Merkmale dieses Seils:<\/p>\n<ul>\n<li>Verdrillte drei-Strang-Konstruktion<\/li>\n<li>Hergestellt aus synthetischen Materialien<\/li>\n<li>Beh\u00e4lt die Festigkeit bei N\u00e4sse<\/li>\n<li>Widerstandsf\u00e4hig gegen Wasser, UV-Strahlen, Verfall und Verschlei\u00df<\/li>\n<li>Sinkt nicht, wird bei N\u00e4sse jedoch etwas weicher<\/li>\n<li>In Europa hergestellt<\/li>\n<\/ul>\n","protected":false},"excerpt":{"rendered":"<p>Marine Tau 24 mm x 100 m &#8211; Das wei\u00dfe Polyesterseil mit drei Str\u00e4ngen ist eine langlebige und flexible Wahl,<\/p>\n","protected":false},"featured_media":5939640,"comment_status":"open","ping_status":"closed","template":"","meta":[],"product_brand":[3100],"product_cat":[1575,1335],"product_tag":[],"class_list":{"0":"post-734109","1":"product","2":"type-product","3":"status-publish","4":"has-post-thumbnail","6":"product_brand-marco-benvenuti-de","7":"product_cat-ankerseile","8":"product_cat-anlege-und-festmacherleinen","10":"first","11":"instock","12":"shipping-taxable","13":"purchasable","14":"product-type-simple"},"_links":{"self":[{"href":"https:\/\/stoic-curie.212-227-153-4.plesk.page\/de\/wp-json\/wp\/v2\/product\/734109","targetHints":{"allow":["GET"]}}],"collection":[{"href":"https:\/\/stoic-curie.212-227-153-4.plesk.page\/de\/wp-json\/wp\/v2\/product"}],"about":[{"href":"https:\/\/stoic-curie.212-227-153-4.plesk.page\/de\/wp-json\/wp\/v2\/types\/product"}],"replies":[{"embeddable":true,"href":"https:\/\/stoic-curie.212-227-153-4.plesk.page\/de\/wp-json\/wp\/v2\/comments?post=734109"}],"version-history":[{"count":0,"href":"https:\/\/stoic-curie.212-227-153-4.plesk.page\/de\/wp-json\/wp\/v2\/product\/734109\/revisions"}],"wp:featuredmedia":[{"embeddable":true,"href":"https:\/\/stoic-curie.212-227-153-4.plesk.page\/de\/wp-json\/wp\/v2\/media\/5939640"}],"wp:attachment":[{"href":"https:\/\/stoic-curie.212-227-153-4.plesk.page\/de\/wp-json\/wp\/v2\/media?parent=734109"}],"wp:term":[{"taxonomy":"product_brand","embeddable":true,"href":"https:\/\/stoic-curie.212-227-153-4.plesk.page\/de\/wp-json\/wp\/v2\/product_brand?post=734109"},{"taxonomy":"product_cat","embeddable":true,"href":"https:\/\/stoic-curie.212-227-153-4.plesk.page\/de\/wp-json\/wp\/v2\/product_cat?post=734109"},{"taxonomy":"product_tag","embeddable":true,"href":"https:\/\/stoic-curie.212-227-153-4.plesk.page\/de\/wp-json\/wp\/v2\/product_tag?post=734109"}],"curies":[{"name":"wp","href":"https:\/\/api.w.org\/{rel}","templated":true}]}}