{"id":734110,"date":"2025-03-03T16:22:42","date_gmt":"2025-03-03T15:22:42","guid":{"rendered":"https:\/\/stoic-curie.212-227-153-4.plesk.page\/producto\/marine-seil-weiss-classic-30mm-x-100m\/"},"modified":"2026-02-24T23:34:50","modified_gmt":"2026-02-24T23:34:50","slug":"marine-seil-weiss-classic-30mm-x-100m","status":"publish","type":"product","link":"https:\/\/stoic-curie.212-227-153-4.plesk.page\/de\/product\/marine-seil-weiss-classic-30mm-x-100m\/","title":{"rendered":"Marine Seil Wei\u00df 30 mm x 100 m"},"content":{"rendered":"<p>Marine Seil Wei\u00df 30 mm x 100 m &#8211; <\/p>\n<p>Das wei\u00dfe Polyesterseil mit drei Str\u00e4ngen ist eine strapazierf\u00e4hige und flexible Wahl, ideal f\u00fcr den Einsatz im Freien oder in herausfordernden Umgebungen. Es besteht aus hochwertigen Polyesterfasern und ist rei\u00dffest, abriebfest und farbecht. Dieses Seil ist auch stark wasserabweisend und beh\u00e4lt seine Festigkeit selbst bei nassen oder extremen Wetterbedingungen. Mit seiner mittleren Festigkeit ist dieses dreistr\u00e4ngige Polyesterseil eine hervorragende Option f\u00fcr all Ihre Dock- und Ankerbed\u00fcrfnisse. Dar\u00fcber hinaus wird es aus recycelten PET-Flaschen hergestellt, was es zu einer umweltfreundlichen Wahl macht. Sie werden feststellen, dass dieses rPET-Seil in Bezug auf die Leistung mit herk\u00f6mmlichem Polyester vergleichbar ist.<\/p>\n<p>Im Bootssektor ist Polyesterseil \u00e4u\u00dferst vielseitig. Es kann f\u00fcr Ankerlinien, Festmacherlinien, Fenderlinien, Lebenslinien und sogar f\u00fcr Winden- oder Hebearbeiten verwendet werden.<\/p>\n<p>Hier sind einige wichtige Merkmale dieses Seils:<\/p>\n<ul>\n<li>Gedrehtes Dreistrang-Konstrukt<\/li>\n<li>Hergestellt aus synthetischen Materialien<\/li>\n<li>Beibehaltung der Festigkeit bei N\u00e4sse<\/li>\n<li>Best\u00e4ndig gegen Wasser, UV-Strahlen, Verrottung und Abnutzung<\/li>\n<li>Schwimmt nicht und wird bei N\u00e4sse etwas weicher<\/li>\n<li>In Europa hergestellt<\/li>\n<\/ul>\n","protected":false},"excerpt":{"rendered":"<p>Marine Seil Wei\u00df 30 mm x 100 m &#8211; Das wei\u00dfe Polyesterseil mit drei Str\u00e4ngen ist eine strapazierf\u00e4hige und flexible<\/p>\n","protected":false},"featured_media":5939640,"comment_status":"open","ping_status":"closed","template":"","meta":[],"product_brand":[3100],"product_cat":[1575,1335],"product_tag":[],"class_list":{"0":"post-734110","1":"product","2":"type-product","3":"status-publish","4":"has-post-thumbnail","6":"product_brand-marco-benvenuti-de","7":"product_cat-ankerseile","8":"product_cat-anlege-und-festmacherleinen","10":"first","11":"instock","12":"shipping-taxable","13":"purchasable","14":"product-type-simple"},"_links":{"self":[{"href":"https:\/\/stoic-curie.212-227-153-4.plesk.page\/de\/wp-json\/wp\/v2\/product\/734110","targetHints":{"allow":["GET"]}}],"collection":[{"href":"https:\/\/stoic-curie.212-227-153-4.plesk.page\/de\/wp-json\/wp\/v2\/product"}],"about":[{"href":"https:\/\/stoic-curie.212-227-153-4.plesk.page\/de\/wp-json\/wp\/v2\/types\/product"}],"replies":[{"embeddable":true,"href":"https:\/\/stoic-curie.212-227-153-4.plesk.page\/de\/wp-json\/wp\/v2\/comments?post=734110"}],"version-history":[{"count":0,"href":"https:\/\/stoic-curie.212-227-153-4.plesk.page\/de\/wp-json\/wp\/v2\/product\/734110\/revisions"}],"wp:featuredmedia":[{"embeddable":true,"href":"https:\/\/stoic-curie.212-227-153-4.plesk.page\/de\/wp-json\/wp\/v2\/media\/5939640"}],"wp:attachment":[{"href":"https:\/\/stoic-curie.212-227-153-4.plesk.page\/de\/wp-json\/wp\/v2\/media?parent=734110"}],"wp:term":[{"taxonomy":"product_brand","embeddable":true,"href":"https:\/\/stoic-curie.212-227-153-4.plesk.page\/de\/wp-json\/wp\/v2\/product_brand?post=734110"},{"taxonomy":"product_cat","embeddable":true,"href":"https:\/\/stoic-curie.212-227-153-4.plesk.page\/de\/wp-json\/wp\/v2\/product_cat?post=734110"},{"taxonomy":"product_tag","embeddable":true,"href":"https:\/\/stoic-curie.212-227-153-4.plesk.page\/de\/wp-json\/wp\/v2\/product_tag?post=734110"}],"curies":[{"name":"wp","href":"https:\/\/api.w.org\/{rel}","templated":true}]}}