{"id":734111,"date":"2025-03-03T16:22:42","date_gmt":"2025-03-03T15:22:42","guid":{"rendered":"https:\/\/stoic-curie.212-227-153-4.plesk.page\/producto\/marine-seil-weiss-classic-32mm-x-100m\/"},"modified":"2026-02-24T23:34:50","modified_gmt":"2026-02-24T23:34:50","slug":"marine-seil-weiss-classic-32mm-x-100m","status":"publish","type":"product","link":"https:\/\/stoic-curie.212-227-153-4.plesk.page\/de\/product\/marine-seil-weiss-classic-32mm-x-100m\/","title":{"rendered":"Marineleine Wei\u00df 32mm x 100m"},"content":{"rendered":"<p>Marineleine Wei\u00df 32mm x 100m &#8211; <\/p>\n<p>Das wei\u00dfe Polyesterseil mit drei Str\u00e4ngen ist eine starke und flexible Option, die perfekt f\u00fcr den Einsatz im Freien oder unter schwierigen Bedingungen geeignet ist. Hergestellt aus hochwertigen Polyesterfasern, ist es rei\u00dffest, abriebfest und farbbest\u00e4ndig. Dieses Seil ist zudem sehr wasserbest\u00e4ndig und beh\u00e4lt auch bei nassen oder rauen Wetterbedingungen seine Festigkeit. Mit seiner mittleren St\u00e4rke ist dieses dreistr\u00e4ngige Polyesterseil eine ausgezeichnete Wahl f\u00fcr all Ihre Anlege- und Verankerungsbed\u00fcrfnisse. Dar\u00fcber hinaus besteht es aus recycelten PET-Flaschen, was es zu einer umweltfreundlichen Option macht. Sie werden feststellen, dass dieses rPET-Seil in seinen Eigenschaften \u00e4hnlich wie herk\u00f6mmliches Polyester funktioniert.<\/p>\n<p>In der Bootbauindustrie ist Polyesterseil \u00e4u\u00dferst vielseitig. Es kann f\u00fcr Ankerleinen, Festmacherlinien, Fenderleinen, Sicherheitsleinen und sogar f\u00fcr Winden- oder Hebet\u00e4tigkeiten verwendet werden.<\/p>\n<p>Hier sind einige wichtige Merkmale dieses Seils:<\/p>\n<ul>\n<li>Verdrehtes Design mit drei Str\u00e4ngen<\/li>\n<li>Hergestellt aus synthetischen Materialien<\/li>\n<li>Beh\u00e4lt die Festigkeit, wenn es nass ist<\/li>\n<li>Widerstandsf\u00e4hig gegen Wasser, UV-Strahlen, F\u00e4ulnis und Abnutzung<\/li>\n<li>Schwimmt nicht und wird bei N\u00e4sse etwas weicher<\/li>\n<li>In Europa produziert<\/li>\n<\/ul>\n","protected":false},"excerpt":{"rendered":"<p>Marineleine Wei\u00df 32mm x 100m &#8211; Das wei\u00dfe Polyesterseil mit drei Str\u00e4ngen ist eine starke und flexible Option, die perfekt<\/p>\n","protected":false},"featured_media":5939640,"comment_status":"open","ping_status":"closed","template":"","meta":[],"product_brand":[3205],"product_cat":[1575,1335],"product_tag":[],"class_list":{"0":"post-734111","1":"product","2":"type-product","3":"status-publish","4":"has-post-thumbnail","6":"product_brand-nova-argonautica-de","7":"product_cat-ankerseile","8":"product_cat-anlege-und-festmacherleinen","10":"first","11":"instock","12":"shipping-taxable","13":"purchasable","14":"product-type-simple"},"_links":{"self":[{"href":"https:\/\/stoic-curie.212-227-153-4.plesk.page\/de\/wp-json\/wp\/v2\/product\/734111","targetHints":{"allow":["GET"]}}],"collection":[{"href":"https:\/\/stoic-curie.212-227-153-4.plesk.page\/de\/wp-json\/wp\/v2\/product"}],"about":[{"href":"https:\/\/stoic-curie.212-227-153-4.plesk.page\/de\/wp-json\/wp\/v2\/types\/product"}],"replies":[{"embeddable":true,"href":"https:\/\/stoic-curie.212-227-153-4.plesk.page\/de\/wp-json\/wp\/v2\/comments?post=734111"}],"version-history":[{"count":0,"href":"https:\/\/stoic-curie.212-227-153-4.plesk.page\/de\/wp-json\/wp\/v2\/product\/734111\/revisions"}],"wp:featuredmedia":[{"embeddable":true,"href":"https:\/\/stoic-curie.212-227-153-4.plesk.page\/de\/wp-json\/wp\/v2\/media\/5939640"}],"wp:attachment":[{"href":"https:\/\/stoic-curie.212-227-153-4.plesk.page\/de\/wp-json\/wp\/v2\/media?parent=734111"}],"wp:term":[{"taxonomy":"product_brand","embeddable":true,"href":"https:\/\/stoic-curie.212-227-153-4.plesk.page\/de\/wp-json\/wp\/v2\/product_brand?post=734111"},{"taxonomy":"product_cat","embeddable":true,"href":"https:\/\/stoic-curie.212-227-153-4.plesk.page\/de\/wp-json\/wp\/v2\/product_cat?post=734111"},{"taxonomy":"product_tag","embeddable":true,"href":"https:\/\/stoic-curie.212-227-153-4.plesk.page\/de\/wp-json\/wp\/v2\/product_tag?post=734111"}],"curies":[{"name":"wp","href":"https:\/\/api.w.org\/{rel}","templated":true}]}}