{"id":734116,"date":"2025-03-03T16:22:43","date_gmt":"2025-03-03T15:22:43","guid":{"rendered":"https:\/\/stoic-curie.212-227-153-4.plesk.page\/producto\/marine-seil-schwarz-classic-18mm-x-100m\/"},"modified":"2026-02-24T23:34:50","modified_gmt":"2026-02-24T23:34:50","slug":"marine-seil-schwarz-classic-18mm-x-100m","status":"publish","type":"product","link":"https:\/\/stoic-curie.212-227-153-4.plesk.page\/de\/product\/marine-seil-schwarz-classic-18mm-x-100m\/","title":{"rendered":"Schwarzes Marine-Seil 18mm x 100m"},"content":{"rendered":"<p>Schwarzes Marine-Seil 18mm x 100m &#8211; <\/p>\n<p>Dieses mittelstarke, drehbare Polyesterseil aus drei Str\u00e4ngen ist eine hervorragende Wahl f\u00fcr all Ihre Transport- und Anlegebed\u00fcrfnisse. Zudem besteht es aus recycelten PET-Flaschen, was es zu einer umweltfreundlichen Option macht. Sie werden feststellen, dass dieses rPET-Seil \u00e4hnlich wie traditionelles Polyester funktioniert.<\/p>\n<p>Im Bootssektor ist Polyesterseil \u00e4u\u00dferst vielseitig. Es kann f\u00fcr Ankerleinen, Festmacherleinen, Fenderleinen, Lebenslinien und sogar f\u00fcr Winden- oder Hebeanwendungen verwendet werden.<\/p>\n<p>Hier sind einige wichtige Merkmale dieses Seils:<\/p>\n<ul>\n<li>Drehbare drei-str\u00e4ngige Konstruktion<\/li>\n<li>Aus synthetischen Materialien gefertigt<\/li>\n<li>Beh\u00e4lt auch im Nassen seine St\u00e4rke<\/li>\n<li>Widerstandsf\u00e4hig gegen Wasser, UV-Strahlen, Verrottung und Abrieb<\/li>\n<li>Schwimmt nicht und wird beim Nassen etwas weicher<\/li>\n<li>In Europa produziert<\/li>\n<\/ul>\n","protected":false},"excerpt":{"rendered":"<p>Schwarzes Marine-Seil 18mm x 100m &#8211; Dieses mittelstarke, drehbare Polyesterseil aus drei Str\u00e4ngen ist eine hervorragende Wahl f\u00fcr all Ihre<\/p>\n","protected":false},"featured_media":5939641,"comment_status":"open","ping_status":"closed","template":"","meta":[],"product_brand":[3100],"product_cat":[1575,1335],"product_tag":[],"class_list":{"0":"post-734116","1":"product","2":"type-product","3":"status-publish","4":"has-post-thumbnail","6":"product_brand-marco-benvenuti-de","7":"product_cat-ankerseile","8":"product_cat-anlege-und-festmacherleinen","10":"first","11":"instock","12":"shipping-taxable","13":"purchasable","14":"product-type-simple"},"_links":{"self":[{"href":"https:\/\/stoic-curie.212-227-153-4.plesk.page\/de\/wp-json\/wp\/v2\/product\/734116","targetHints":{"allow":["GET"]}}],"collection":[{"href":"https:\/\/stoic-curie.212-227-153-4.plesk.page\/de\/wp-json\/wp\/v2\/product"}],"about":[{"href":"https:\/\/stoic-curie.212-227-153-4.plesk.page\/de\/wp-json\/wp\/v2\/types\/product"}],"replies":[{"embeddable":true,"href":"https:\/\/stoic-curie.212-227-153-4.plesk.page\/de\/wp-json\/wp\/v2\/comments?post=734116"}],"version-history":[{"count":0,"href":"https:\/\/stoic-curie.212-227-153-4.plesk.page\/de\/wp-json\/wp\/v2\/product\/734116\/revisions"}],"wp:featuredmedia":[{"embeddable":true,"href":"https:\/\/stoic-curie.212-227-153-4.plesk.page\/de\/wp-json\/wp\/v2\/media\/5939641"}],"wp:attachment":[{"href":"https:\/\/stoic-curie.212-227-153-4.plesk.page\/de\/wp-json\/wp\/v2\/media?parent=734116"}],"wp:term":[{"taxonomy":"product_brand","embeddable":true,"href":"https:\/\/stoic-curie.212-227-153-4.plesk.page\/de\/wp-json\/wp\/v2\/product_brand?post=734116"},{"taxonomy":"product_cat","embeddable":true,"href":"https:\/\/stoic-curie.212-227-153-4.plesk.page\/de\/wp-json\/wp\/v2\/product_cat?post=734116"},{"taxonomy":"product_tag","embeddable":true,"href":"https:\/\/stoic-curie.212-227-153-4.plesk.page\/de\/wp-json\/wp\/v2\/product_tag?post=734116"}],"curies":[{"name":"wp","href":"https:\/\/api.w.org\/{rel}","templated":true}]}}