{"id":734118,"date":"2025-03-03T16:22:44","date_gmt":"2025-03-03T15:22:44","guid":{"rendered":"https:\/\/stoic-curie.212-227-153-4.plesk.page\/producto\/marine-seil-schwarz-classic-22mm-x-200m\/"},"modified":"2026-02-24T23:34:50","modified_gmt":"2026-02-24T23:34:50","slug":"marine-seil-schwarz-classic-22mm-x-200m","status":"publish","type":"product","link":"https:\/\/stoic-curie.212-227-153-4.plesk.page\/de\/product\/marine-seil-schwarz-classic-22mm-x-200m\/","title":{"rendered":"Schwarzes Marine-Seil 22mm x 200m"},"content":{"rendered":"<p>Schwarzes Marine-Seil 22mm x 200m &#8211; <\/p>\n<p>Dieses mittelstarke, dreistr\u00e4ngige Polyesterseil ist eine hervorragende Wahl f\u00fcr all Ihre Anleg- und Ankerbed\u00fcrfnisse. Dar\u00fcber hinaus wird es aus recycelten PET- Kunststoffflaschen hergestellt und ist somit eine umweltfreundliche Option. Sie werden feststellen, dass dieses rPET-Seil \u00e4hnlich wie herk\u00f6mmliches Polyester funktioniert.<\/p>\n<p>Im Bootsbereich ist Polyesterseil \u00e4u\u00dferst vielseitig. Es kann f\u00fcr Ankerleinen, Festmacherleinen, Fenderleinen, Rettungsleinen und sogar f\u00fcr das Winden oder Heben von Lasten verwendet werden.<\/p>\n<p>Hier sind einige wichtige Eigenschaften dieses Seils:<\/p>\n<ul>\n<li>Dreistr\u00e4ngige gedrehte Konstruktion<\/li>\n<li>Aus synthetischen Materialien zusammengesetzt<\/li>\n<li>Beh\u00e4lt die Festigkeit auch im nassen Zustand<\/li>\n<li>Widerstandsf\u00e4hig gegen Wasser, UV-Strahlen, F\u00e4ulnis und Abrieb<\/li>\n<li>Schwimmt nicht und wird im nassen Zustand etwas weicher<\/li>\n<li>In Europa produziert<\/li>\n<\/ul>\n","protected":false},"excerpt":{"rendered":"<p>Schwarzes Marine-Seil 22mm x 200m &#8211; Dieses mittelstarke, dreistr\u00e4ngige Polyesterseil ist eine hervorragende Wahl f\u00fcr all Ihre Anleg- und Ankerbed\u00fcrfnisse.<\/p>\n","protected":false},"featured_media":5939641,"comment_status":"open","ping_status":"closed","template":"","meta":[],"product_brand":[3100],"product_cat":[1575,1335],"product_tag":[],"class_list":{"0":"post-734118","1":"product","2":"type-product","3":"status-publish","4":"has-post-thumbnail","6":"product_brand-marco-benvenuti-de","7":"product_cat-ankerseile","8":"product_cat-anlege-und-festmacherleinen","10":"first","11":"instock","12":"shipping-taxable","13":"purchasable","14":"product-type-simple"},"_links":{"self":[{"href":"https:\/\/stoic-curie.212-227-153-4.plesk.page\/de\/wp-json\/wp\/v2\/product\/734118","targetHints":{"allow":["GET"]}}],"collection":[{"href":"https:\/\/stoic-curie.212-227-153-4.plesk.page\/de\/wp-json\/wp\/v2\/product"}],"about":[{"href":"https:\/\/stoic-curie.212-227-153-4.plesk.page\/de\/wp-json\/wp\/v2\/types\/product"}],"replies":[{"embeddable":true,"href":"https:\/\/stoic-curie.212-227-153-4.plesk.page\/de\/wp-json\/wp\/v2\/comments?post=734118"}],"version-history":[{"count":0,"href":"https:\/\/stoic-curie.212-227-153-4.plesk.page\/de\/wp-json\/wp\/v2\/product\/734118\/revisions"}],"wp:featuredmedia":[{"embeddable":true,"href":"https:\/\/stoic-curie.212-227-153-4.plesk.page\/de\/wp-json\/wp\/v2\/media\/5939641"}],"wp:attachment":[{"href":"https:\/\/stoic-curie.212-227-153-4.plesk.page\/de\/wp-json\/wp\/v2\/media?parent=734118"}],"wp:term":[{"taxonomy":"product_brand","embeddable":true,"href":"https:\/\/stoic-curie.212-227-153-4.plesk.page\/de\/wp-json\/wp\/v2\/product_brand?post=734118"},{"taxonomy":"product_cat","embeddable":true,"href":"https:\/\/stoic-curie.212-227-153-4.plesk.page\/de\/wp-json\/wp\/v2\/product_cat?post=734118"},{"taxonomy":"product_tag","embeddable":true,"href":"https:\/\/stoic-curie.212-227-153-4.plesk.page\/de\/wp-json\/wp\/v2\/product_tag?post=734118"}],"curies":[{"name":"wp","href":"https:\/\/api.w.org\/{rel}","templated":true}]}}