{"id":734120,"date":"2025-03-03T16:22:44","date_gmt":"2025-03-03T15:22:44","guid":{"rendered":"https:\/\/stoic-curie.212-227-153-4.plesk.page\/producto\/marine-seil-schwarz-classic-26mm-x-100m\/"},"modified":"2026-02-24T23:34:50","modified_gmt":"2026-02-24T23:34:50","slug":"marine-seil-schwarz-classic-26mm-x-100m","status":"publish","type":"product","link":"https:\/\/stoic-curie.212-227-153-4.plesk.page\/de\/product\/marine-seil-schwarz-classic-26mm-x-100m\/","title":{"rendered":"Schwarzes Marine Seil 26 mm x 100 m"},"content":{"rendered":"<p>Schwarzes Marine Seil 26 mm x 100 m &#8211; <\/p>\n<p>Dieses mittelfeste, dreistr\u00e4ngige Polyesterseil ist eine hervorragende Wahl f\u00fcr all Ihre Anlege- und Ankerbed\u00fcrfnisse. Au\u00dferdem besteht es aus recycelten PET-Flaschen, was ziemlich gro\u00dfartig ist, da es umweltfreundlich ist! Sie werden feststellen, dass dieses rPET-Seil genauso gut funktioniert wie gew\u00f6hnliches Polyester.<\/p>\n<p>In der Bootsbranche ist Polyesterseil \u00e4u\u00dferst vielseitig. Sie k\u00f6nnen es f\u00fcr Ankerleinen, Mooringleinen, Fenderleinen, Lifelines und sogar zum Winden oder Heben verwenden.<\/p>\n<p>Hier sind einige der coolen Eigenschaften dieses Seils:<\/p>\n<ul>\n<li>Dreistr\u00e4ngiges, gedrehtes Design<\/li>\n<li>Hergestellt aus synthetischen Materialien<\/li>\n<li>Bleibt stark, auch wenn es nass ist<\/li>\n<li>Widerstandsf\u00e4hig gegen Wasser, UV-Strahlen, Verrottung und Abnutzung<\/li>\n<li>Schwimmt nicht und wird etwas weicher, wenn es nass ist<\/li>\n<li>Hergestellt in Europa<\/li>\n<\/ul>\n","protected":false},"excerpt":{"rendered":"<p>Schwarzes Marine Seil 26 mm x 100 m &#8211; Dieses mittelfeste, dreistr\u00e4ngige Polyesterseil ist eine hervorragende Wahl f\u00fcr all Ihre<\/p>\n","protected":false},"featured_media":5939641,"comment_status":"open","ping_status":"closed","template":"","meta":[],"product_brand":[3100],"product_cat":[1575,1335],"product_tag":[],"class_list":{"0":"post-734120","1":"product","2":"type-product","3":"status-publish","4":"has-post-thumbnail","6":"product_brand-marco-benvenuti-de","7":"product_cat-ankerseile","8":"product_cat-anlege-und-festmacherleinen","10":"first","11":"instock","12":"shipping-taxable","13":"purchasable","14":"product-type-simple"},"_links":{"self":[{"href":"https:\/\/stoic-curie.212-227-153-4.plesk.page\/de\/wp-json\/wp\/v2\/product\/734120","targetHints":{"allow":["GET"]}}],"collection":[{"href":"https:\/\/stoic-curie.212-227-153-4.plesk.page\/de\/wp-json\/wp\/v2\/product"}],"about":[{"href":"https:\/\/stoic-curie.212-227-153-4.plesk.page\/de\/wp-json\/wp\/v2\/types\/product"}],"replies":[{"embeddable":true,"href":"https:\/\/stoic-curie.212-227-153-4.plesk.page\/de\/wp-json\/wp\/v2\/comments?post=734120"}],"version-history":[{"count":0,"href":"https:\/\/stoic-curie.212-227-153-4.plesk.page\/de\/wp-json\/wp\/v2\/product\/734120\/revisions"}],"wp:featuredmedia":[{"embeddable":true,"href":"https:\/\/stoic-curie.212-227-153-4.plesk.page\/de\/wp-json\/wp\/v2\/media\/5939641"}],"wp:attachment":[{"href":"https:\/\/stoic-curie.212-227-153-4.plesk.page\/de\/wp-json\/wp\/v2\/media?parent=734120"}],"wp:term":[{"taxonomy":"product_brand","embeddable":true,"href":"https:\/\/stoic-curie.212-227-153-4.plesk.page\/de\/wp-json\/wp\/v2\/product_brand?post=734120"},{"taxonomy":"product_cat","embeddable":true,"href":"https:\/\/stoic-curie.212-227-153-4.plesk.page\/de\/wp-json\/wp\/v2\/product_cat?post=734120"},{"taxonomy":"product_tag","embeddable":true,"href":"https:\/\/stoic-curie.212-227-153-4.plesk.page\/de\/wp-json\/wp\/v2\/product_tag?post=734120"}],"curies":[{"name":"wp","href":"https:\/\/api.w.org\/{rel}","templated":true}]}}