{"id":734121,"date":"2025-03-03T16:22:44","date_gmt":"2025-03-03T15:22:44","guid":{"rendered":"https:\/\/stoic-curie.212-227-153-4.plesk.page\/producto\/marine-seil-schwarz-classic-30mm-x-100m\/"},"modified":"2026-02-24T23:34:50","modified_gmt":"2026-02-24T23:34:50","slug":"marine-seil-schwarz-classic-30mm-x-100m","status":"publish","type":"product","link":"https:\/\/stoic-curie.212-227-153-4.plesk.page\/de\/product\/marine-seil-schwarz-classic-30mm-x-100m\/","title":{"rendered":"Schwarzes Marine-Seil 30 mm x 100 m"},"content":{"rendered":"<p>Schwarzes Marine-Seil 30 mm x 100 m &#8211; <\/p>\n<p>Dieses mittelstarke, dreistr\u00e4ngige Polyesterseil ist eine ausgezeichnete Wahl sowohl f\u00fcr Anlegeman\u00f6ver als auch f\u00fcr Verankerungsanwendungen. Es wird vollst\u00e4ndig aus recycelten PET-Plastikflaschen, auch bekannt als rPET (recyceltes PET), hergestellt. Sie werden feststellen, dass dieses umweltfreundliche Polyester \u00e4hnlich gut funktioniert wie herk\u00f6mmliches Polyesterseil.<\/p>\n<p>In der Bootsindustrie ist Polyesterseil \u00e4u\u00dferst vielseitig einsetzbar und wird h\u00e4ufig f\u00fcr Ankerseile, Festmacherleinen, Fenderleinen, Lebenslinien sowie f\u00fcr Aufgaben, die Winden oder Heben umfassen, verwendet.<\/p>\n<p>Hier sind einige wichtige Merkmale dieses Seils:<\/p>\n<ul>\n<li>Dreistr\u00e4ngige Zwirnstruktur<\/li>\n<li>Hergestellt aus synthetischen Materialien<\/li>\n<li>Beh\u00e4lt auch im nassen Zustand seine St\u00e4rke<\/li>\n<li>Wasser-, UV-, F\u00e4ulnis- und Abriebresistent<\/li>\n<li>Sinkt und wird im nassen Zustand weicher<\/li>\n<li>In Europa hergestellt<\/li>\n<\/ul>\n","protected":false},"excerpt":{"rendered":"<p>Schwarzes Marine-Seil 30 mm x 100 m &#8211; Dieses mittelstarke, dreistr\u00e4ngige Polyesterseil ist eine ausgezeichnete Wahl sowohl f\u00fcr Anlegeman\u00f6ver als<\/p>\n","protected":false},"featured_media":5939641,"comment_status":"open","ping_status":"closed","template":"","meta":[],"product_brand":[3100],"product_cat":[1575,1335],"product_tag":[],"class_list":{"0":"post-734121","1":"product","2":"type-product","3":"status-publish","4":"has-post-thumbnail","6":"product_brand-marco-benvenuti-de","7":"product_cat-ankerseile","8":"product_cat-anlege-und-festmacherleinen","10":"first","11":"instock","12":"shipping-taxable","13":"purchasable","14":"product-type-simple"},"_links":{"self":[{"href":"https:\/\/stoic-curie.212-227-153-4.plesk.page\/de\/wp-json\/wp\/v2\/product\/734121","targetHints":{"allow":["GET"]}}],"collection":[{"href":"https:\/\/stoic-curie.212-227-153-4.plesk.page\/de\/wp-json\/wp\/v2\/product"}],"about":[{"href":"https:\/\/stoic-curie.212-227-153-4.plesk.page\/de\/wp-json\/wp\/v2\/types\/product"}],"replies":[{"embeddable":true,"href":"https:\/\/stoic-curie.212-227-153-4.plesk.page\/de\/wp-json\/wp\/v2\/comments?post=734121"}],"version-history":[{"count":0,"href":"https:\/\/stoic-curie.212-227-153-4.plesk.page\/de\/wp-json\/wp\/v2\/product\/734121\/revisions"}],"wp:featuredmedia":[{"embeddable":true,"href":"https:\/\/stoic-curie.212-227-153-4.plesk.page\/de\/wp-json\/wp\/v2\/media\/5939641"}],"wp:attachment":[{"href":"https:\/\/stoic-curie.212-227-153-4.plesk.page\/de\/wp-json\/wp\/v2\/media?parent=734121"}],"wp:term":[{"taxonomy":"product_brand","embeddable":true,"href":"https:\/\/stoic-curie.212-227-153-4.plesk.page\/de\/wp-json\/wp\/v2\/product_brand?post=734121"},{"taxonomy":"product_cat","embeddable":true,"href":"https:\/\/stoic-curie.212-227-153-4.plesk.page\/de\/wp-json\/wp\/v2\/product_cat?post=734121"},{"taxonomy":"product_tag","embeddable":true,"href":"https:\/\/stoic-curie.212-227-153-4.plesk.page\/de\/wp-json\/wp\/v2\/product_tag?post=734121"}],"curies":[{"name":"wp","href":"https:\/\/api.w.org\/{rel}","templated":true}]}}