{"id":734123,"date":"2025-03-03T16:22:45","date_gmt":"2025-03-03T15:22:45","guid":{"rendered":"https:\/\/stoic-curie.212-227-153-4.plesk.page\/producto\/marine-seil-schwarz-classic-36mm-x-100m\/"},"modified":"2026-02-24T23:34:50","modified_gmt":"2026-02-24T23:34:50","slug":"marine-seil-schwarz-classic-36mm-x-100m","status":"publish","type":"product","link":"https:\/\/stoic-curie.212-227-153-4.plesk.page\/de\/product\/marine-seil-schwarz-classic-36mm-x-100m\/","title":{"rendered":"Schwarzes Marine-Seil 36mm x 100m"},"content":{"rendered":"<p>Schwarzes Marine-Seil 36mm x 100m &#8211; <\/p>\n<p>Dieses Polyesterseil mit mittlerer Festigkeit und dreifachem Faden ist eine hervorragende Wahl f\u00fcr das Anlegen und Verankern. Es besteht vollst\u00e4ndig aus recycelten Kunststoff-PET-Flaschen, die wir rPET (recyceltes PET) nennen. Sie werden feststellen, dass dieses umweltfreundliche Polyester die gleiche Leistung wie herk\u00f6mmliches Polyesterseil bietet.<\/p>\n<p>In der Bootsbranche ist Polyesterseil \u00e4u\u00dferst vielseitig und wird h\u00e4ufig f\u00fcr Ankerleinen, Festmacherleinen, Fenderleinen, Sicherheitsleinen und sogar f\u00fcr Winden- oder Hebearbeiten eingesetzt.<\/p>\n<p>Hier sind einige wichtige Merkmale dieses Seils:<\/p>\n<ul>\n<li>Gedrehtes dreistr\u00e4ngiges Design<\/li>\n<li>Hergestellt aus synthetischen Materialien<\/li>\n<li>Bleibt auch im nassen Zustand stabil<\/li>\n<li>Best\u00e4ndig gegen Wasser, UV-Strahlen, F\u00e4ulnis und Abnutzung<\/li>\n<li>Schwimmt nicht und wird im nassen Zustand weicher<\/li>\n<li>Produziert in Europa<\/li>\n<\/ul>\n","protected":false},"excerpt":{"rendered":"<p>Schwarzes Marine-Seil 36mm x 100m &#8211; Dieses Polyesterseil mit mittlerer Festigkeit und dreifachem Faden ist eine hervorragende Wahl f\u00fcr das<\/p>\n","protected":false},"featured_media":5939641,"comment_status":"open","ping_status":"closed","template":"","meta":[],"product_brand":[3205],"product_cat":[1575,1335],"product_tag":[],"class_list":{"0":"post-734123","1":"product","2":"type-product","3":"status-publish","4":"has-post-thumbnail","6":"product_brand-nova-argonautica-de","7":"product_cat-ankerseile","8":"product_cat-anlege-und-festmacherleinen","10":"first","11":"instock","12":"shipping-taxable","13":"purchasable","14":"product-type-simple"},"_links":{"self":[{"href":"https:\/\/stoic-curie.212-227-153-4.plesk.page\/de\/wp-json\/wp\/v2\/product\/734123","targetHints":{"allow":["GET"]}}],"collection":[{"href":"https:\/\/stoic-curie.212-227-153-4.plesk.page\/de\/wp-json\/wp\/v2\/product"}],"about":[{"href":"https:\/\/stoic-curie.212-227-153-4.plesk.page\/de\/wp-json\/wp\/v2\/types\/product"}],"replies":[{"embeddable":true,"href":"https:\/\/stoic-curie.212-227-153-4.plesk.page\/de\/wp-json\/wp\/v2\/comments?post=734123"}],"version-history":[{"count":0,"href":"https:\/\/stoic-curie.212-227-153-4.plesk.page\/de\/wp-json\/wp\/v2\/product\/734123\/revisions"}],"wp:featuredmedia":[{"embeddable":true,"href":"https:\/\/stoic-curie.212-227-153-4.plesk.page\/de\/wp-json\/wp\/v2\/media\/5939641"}],"wp:attachment":[{"href":"https:\/\/stoic-curie.212-227-153-4.plesk.page\/de\/wp-json\/wp\/v2\/media?parent=734123"}],"wp:term":[{"taxonomy":"product_brand","embeddable":true,"href":"https:\/\/stoic-curie.212-227-153-4.plesk.page\/de\/wp-json\/wp\/v2\/product_brand?post=734123"},{"taxonomy":"product_cat","embeddable":true,"href":"https:\/\/stoic-curie.212-227-153-4.plesk.page\/de\/wp-json\/wp\/v2\/product_cat?post=734123"},{"taxonomy":"product_tag","embeddable":true,"href":"https:\/\/stoic-curie.212-227-153-4.plesk.page\/de\/wp-json\/wp\/v2\/product_tag?post=734123"}],"curies":[{"name":"wp","href":"https:\/\/api.w.org\/{rel}","templated":true}]}}