{"id":734124,"date":"2025-03-03T16:22:45","date_gmt":"2025-03-03T15:22:45","guid":{"rendered":"https:\/\/stoic-curie.212-227-153-4.plesk.page\/producto\/marine-seil-schwarz-classic-40mm-x-100m\/"},"modified":"2026-02-24T23:34:50","modified_gmt":"2026-02-24T23:34:50","slug":"marine-seil-schwarz-classic-40mm-x-100m","status":"publish","type":"product","link":"https:\/\/stoic-curie.212-227-153-4.plesk.page\/de\/product\/marine-seil-schwarz-classic-40mm-x-100m\/","title":{"rendered":"Schwarzes Marine-Seil 40mm x 100m"},"content":{"rendered":"<p>Schwarzes Marine-Seil 40mm x 100m &#8211; <\/p>\n<p style=\"color: rgb(34, 34, 34); font-family: Arial, Helvetica, sans-serif; font-size: small;\">Dieses mittelstarke, dreistr\u00e4ngige Polyesterseil eignet sich perfekt f\u00fcr Anlegeman\u00f6ver und Ankerzwecke. Es ist vollst\u00e4ndig aus recycelten Kunststoff-PET-Flaschen hergestellt, die als rPET (recyceltes PET) bezeichnet werden. Die Leistung dieses umweltfreundlichen Polyesterseils \u00e4hnelt nahe der von herk\u00f6mmlichen Polyesterseilen.<\/p>\n<p style=\"color: rgb(34, 34, 34); font-family: Arial, Helvetica, sans-serif; font-size: small;\">Im Bootssektor ist Polyesterseil eine flexible Wahl, die h\u00e4ufig f\u00fcr Ankerleinen, Mooringleinen, Fenderleinen, Sicherheitsleinen und f\u00fcr Winden- oder Hebearbeiten verwendet wird.<\/p>\n<p style=\"color: rgb(34, 34, 34); font-family: Arial, Helvetica, sans-serif; font-size: small;\">Hier sind die Hauptmerkmale dieses Seils:<\/p>\n<ul style=\"color: rgb(34, 34, 34); font-family: Arial, Helvetica, sans-serif; font-size: small;\">\n<li>Dreistr\u00e4ngiges, verdrehtes Design<\/li>\n<li>Aus synthetischen Materialien hergestellt<\/li>\n<li>Beh\u00e4lt die Festigkeit auch im Nassen<\/li>\n<li>Widerstandsf\u00e4hig gegen Wasser, UV-Strahlung, F\u00e4ulnis und Abnutzung<\/li>\n<li>Schwimmt nicht und wird bei N\u00e4sse weicher<\/li>\n<li>In Europa produziert<\/li>\n<\/ul>\n","protected":false},"excerpt":{"rendered":"<p>Schwarzes Marine-Seil 40mm x 100m &#8211; Dieses mittelstarke, dreistr\u00e4ngige Polyesterseil eignet sich perfekt f\u00fcr Anlegeman\u00f6ver und Ankerzwecke. Es ist vollst\u00e4ndig<\/p>\n","protected":false},"featured_media":5939641,"comment_status":"open","ping_status":"closed","template":"","meta":[],"product_brand":[3205],"product_cat":[1575,1335],"product_tag":[],"class_list":{"0":"post-734124","1":"product","2":"type-product","3":"status-publish","4":"has-post-thumbnail","6":"product_brand-nova-argonautica-de","7":"product_cat-ankerseile","8":"product_cat-anlege-und-festmacherleinen","10":"first","11":"instock","12":"shipping-taxable","13":"purchasable","14":"product-type-simple"},"_links":{"self":[{"href":"https:\/\/stoic-curie.212-227-153-4.plesk.page\/de\/wp-json\/wp\/v2\/product\/734124","targetHints":{"allow":["GET"]}}],"collection":[{"href":"https:\/\/stoic-curie.212-227-153-4.plesk.page\/de\/wp-json\/wp\/v2\/product"}],"about":[{"href":"https:\/\/stoic-curie.212-227-153-4.plesk.page\/de\/wp-json\/wp\/v2\/types\/product"}],"replies":[{"embeddable":true,"href":"https:\/\/stoic-curie.212-227-153-4.plesk.page\/de\/wp-json\/wp\/v2\/comments?post=734124"}],"version-history":[{"count":0,"href":"https:\/\/stoic-curie.212-227-153-4.plesk.page\/de\/wp-json\/wp\/v2\/product\/734124\/revisions"}],"wp:featuredmedia":[{"embeddable":true,"href":"https:\/\/stoic-curie.212-227-153-4.plesk.page\/de\/wp-json\/wp\/v2\/media\/5939641"}],"wp:attachment":[{"href":"https:\/\/stoic-curie.212-227-153-4.plesk.page\/de\/wp-json\/wp\/v2\/media?parent=734124"}],"wp:term":[{"taxonomy":"product_brand","embeddable":true,"href":"https:\/\/stoic-curie.212-227-153-4.plesk.page\/de\/wp-json\/wp\/v2\/product_brand?post=734124"},{"taxonomy":"product_cat","embeddable":true,"href":"https:\/\/stoic-curie.212-227-153-4.plesk.page\/de\/wp-json\/wp\/v2\/product_cat?post=734124"},{"taxonomy":"product_tag","embeddable":true,"href":"https:\/\/stoic-curie.212-227-153-4.plesk.page\/de\/wp-json\/wp\/v2\/product_tag?post=734124"}],"curies":[{"name":"wp","href":"https:\/\/api.w.org\/{rel}","templated":true}]}}