{"id":734125,"date":"2025-03-03T16:22:45","date_gmt":"2025-03-03T15:22:45","guid":{"rendered":"https:\/\/stoic-curie.212-227-153-4.plesk.page\/producto\/ankerungsset-8x30m-2-m-6mm-kette\/"},"modified":"2026-02-24T23:34:50","modified_gmt":"2026-02-24T23:34:50","slug":"ankerungsset-8x30m-2-m-6mm-kette","status":"publish","type":"product","link":"https:\/\/stoic-curie.212-227-153-4.plesk.page\/de\/product\/ankerungsset-8x30m-2-m-6mm-kette\/","title":{"rendered":"Ankerungsset 8x30m + 2 m 6mm Kette"},"content":{"rendered":"<p>Ankerungsset 8x30m + 2 m 6mm Kette &#8211; <\/p>\n<p>Ankerseil\/ Kettenkit, einschlie\u00dflich 30 m Linie, komplett mit \u00d6se, 2 m hei\u00dfgalvanisierte Stahlkette und 2 Sch\u00e4kel.<\/p>\n","protected":false},"excerpt":{"rendered":"<p>Ankerungsset 8x30m + 2 m 6mm Kette &#8211; Ankerseil\/ Kettenkit, einschlie\u00dflich 30 m Linie, komplett mit \u00d6se, 2 m hei\u00dfgalvanisierte<\/p>\n","protected":false},"featured_media":2947889,"comment_status":"open","ping_status":"closed","template":"","meta":[],"product_brand":[3085,2172],"product_cat":[1575],"product_tag":[],"class_list":{"0":"post-734125","1":"product","2":"type-product","3":"status-publish","4":"has-post-thumbnail","6":"product_brand-maggigroup-de","7":"product_brand-nova-argonautica","8":"product_cat-ankerseile","10":"first","11":"instock","12":"shipping-taxable","13":"purchasable","14":"product-type-simple"},"_links":{"self":[{"href":"https:\/\/stoic-curie.212-227-153-4.plesk.page\/de\/wp-json\/wp\/v2\/product\/734125","targetHints":{"allow":["GET"]}}],"collection":[{"href":"https:\/\/stoic-curie.212-227-153-4.plesk.page\/de\/wp-json\/wp\/v2\/product"}],"about":[{"href":"https:\/\/stoic-curie.212-227-153-4.plesk.page\/de\/wp-json\/wp\/v2\/types\/product"}],"replies":[{"embeddable":true,"href":"https:\/\/stoic-curie.212-227-153-4.plesk.page\/de\/wp-json\/wp\/v2\/comments?post=734125"}],"version-history":[{"count":0,"href":"https:\/\/stoic-curie.212-227-153-4.plesk.page\/de\/wp-json\/wp\/v2\/product\/734125\/revisions"}],"wp:featuredmedia":[{"embeddable":true,"href":"https:\/\/stoic-curie.212-227-153-4.plesk.page\/de\/wp-json\/"}],"wp:attachment":[{"href":"https:\/\/stoic-curie.212-227-153-4.plesk.page\/de\/wp-json\/wp\/v2\/media?parent=734125"}],"wp:term":[{"taxonomy":"product_brand","embeddable":true,"href":"https:\/\/stoic-curie.212-227-153-4.plesk.page\/de\/wp-json\/wp\/v2\/product_brand?post=734125"},{"taxonomy":"product_cat","embeddable":true,"href":"https:\/\/stoic-curie.212-227-153-4.plesk.page\/de\/wp-json\/wp\/v2\/product_cat?post=734125"},{"taxonomy":"product_tag","embeddable":true,"href":"https:\/\/stoic-curie.212-227-153-4.plesk.page\/de\/wp-json\/wp\/v2\/product_tag?post=734125"}],"curies":[{"name":"wp","href":"https:\/\/api.w.org\/{rel}","templated":true}]}}