{"id":734131,"date":"2025-03-03T16:22:47","date_gmt":"2025-03-03T15:22:47","guid":{"rendered":"https:\/\/stoic-curie.212-227-153-4.plesk.page\/producto\/elektrischer-seilschneider-fusion-220v-60w\/"},"modified":"2026-02-24T23:34:50","modified_gmt":"2026-02-24T23:34:50","slug":"elektrischer-seilschneider-fusion-220v-60w","status":"publish","type":"product","link":"https:\/\/stoic-curie.212-227-153-4.plesk.page\/de\/product\/elektrischer-seilschneider-fusion-220v-60w\/","title":{"rendered":"Elektrischer Seilschneider Fusion 220V 60W"},"content":{"rendered":"<p>Elektrischer Seilschneider Fusion 220V 60W &#8211; <\/p>\n<p>220V 60W elektrischer Seilschneider zum Hei\u00dfschneiden von Seilen und Schn\u00fcren. Auch geeignet f\u00fcr Segel, Markisen, G\u00fcrtel, B\u00e4nder und synthetische Leinw\u00e4nde.<\/p>\n","protected":false},"excerpt":{"rendered":"<p>Elektrischer Seilschneider Fusion 220V 60W &#8211; 220V 60W elektrischer Seilschneider zum Hei\u00dfschneiden von Seilen und Schn\u00fcren. Auch geeignet f\u00fcr Segel,<\/p>\n","protected":false},"featured_media":5939682,"comment_status":"open","ping_status":"closed","template":"","meta":[],"product_brand":[3065],"product_cat":[1569,1326],"product_tag":[],"class_list":{"0":"post-734131","1":"product","2":"type-product","3":"status-publish","4":"has-post-thumbnail","6":"product_brand-liros-de","7":"product_cat-segelmesser-und-werkzeuge","8":"product_cat-splicing-werkzeuge","10":"first","11":"instock","12":"shipping-taxable","13":"purchasable","14":"product-type-simple"},"_links":{"self":[{"href":"https:\/\/stoic-curie.212-227-153-4.plesk.page\/de\/wp-json\/wp\/v2\/product\/734131","targetHints":{"allow":["GET"]}}],"collection":[{"href":"https:\/\/stoic-curie.212-227-153-4.plesk.page\/de\/wp-json\/wp\/v2\/product"}],"about":[{"href":"https:\/\/stoic-curie.212-227-153-4.plesk.page\/de\/wp-json\/wp\/v2\/types\/product"}],"replies":[{"embeddable":true,"href":"https:\/\/stoic-curie.212-227-153-4.plesk.page\/de\/wp-json\/wp\/v2\/comments?post=734131"}],"version-history":[{"count":0,"href":"https:\/\/stoic-curie.212-227-153-4.plesk.page\/de\/wp-json\/wp\/v2\/product\/734131\/revisions"}],"wp:featuredmedia":[{"embeddable":true,"href":"https:\/\/stoic-curie.212-227-153-4.plesk.page\/de\/wp-json\/wp\/v2\/media\/5939682"}],"wp:attachment":[{"href":"https:\/\/stoic-curie.212-227-153-4.plesk.page\/de\/wp-json\/wp\/v2\/media?parent=734131"}],"wp:term":[{"taxonomy":"product_brand","embeddable":true,"href":"https:\/\/stoic-curie.212-227-153-4.plesk.page\/de\/wp-json\/wp\/v2\/product_brand?post=734131"},{"taxonomy":"product_cat","embeddable":true,"href":"https:\/\/stoic-curie.212-227-153-4.plesk.page\/de\/wp-json\/wp\/v2\/product_cat?post=734131"},{"taxonomy":"product_tag","embeddable":true,"href":"https:\/\/stoic-curie.212-227-153-4.plesk.page\/de\/wp-json\/wp\/v2\/product_tag?post=734131"}],"curies":[{"name":"wp","href":"https:\/\/api.w.org\/{rel}","templated":true}]}}