{"id":734133,"date":"2025-03-03T16:22:47","date_gmt":"2025-03-03T15:22:47","guid":{"rendered":"https:\/\/stoic-curie.212-227-153-4.plesk.page\/producto\/liros-rigger-tasche-splicing-kit\/"},"modified":"2026-02-24T23:34:50","modified_gmt":"2026-02-24T23:34:50","slug":"liros-rigger-tasche-splicing-kit","status":"publish","type":"product","link":"https:\/\/stoic-curie.212-227-153-4.plesk.page\/de\/product\/liros-rigger-tasche-splicing-kit\/","title":{"rendered":"Liros Rigger-Tasche Splicing-Kit"},"content":{"rendered":"<p>Liros Rigger-Tasche Splicing-Kit &#8211; <\/p>\n<p>Rigger Bag Splicing-Kit mit allen erforderlichen Werkzeuge und Zubeh\u00f6r f\u00fcr die Arbeit mit allen bekannten Seilarten. Perfekt f\u00fcr professionelle Anwender sowie f\u00fcr DIY-Enthusiasten. Abmessungen: 41 x 31 x 10 cm. Laptopfach f\u00fcr Ger\u00e4te mit einer Bildschirmgr\u00f6\u00dfe von bis zu 17 Zoll.<\/p>\n<p>Funktionen:<br \/>\u2022 1 x LIROS Peitschennadel<br \/>\u2022 1 x schwedischer Fid<br \/>\u2022 3 x Splicing-Nadeln (5,5 &#8211; 7,5 &#8211; 10 mm)<br \/>\u2022 LIROS-Katalog<br \/>\u2022 LIROS USB-Stick mit Splicing-Anleitungen<br \/>\u2022 LIROS Klebeband<br \/>\u2022 Dyneema Peitschenzwirn<br \/>\u2022 1 x Stift<br \/>\u2022 1 x Feuerzeug<\/p>\n","protected":false},"excerpt":{"rendered":"<p>Liros Rigger-Tasche Splicing-Kit &#8211; Rigger Bag Splicing-Kit mit allen erforderlichen Werkzeuge und Zubeh\u00f6r f\u00fcr die Arbeit mit allen bekannten Seilarten.<\/p>\n","protected":false},"featured_media":5939689,"comment_status":"open","ping_status":"closed","template":"","meta":[],"product_brand":[3065],"product_cat":[1569,1326],"product_tag":[],"class_list":{"0":"post-734133","1":"product","2":"type-product","3":"status-publish","4":"has-post-thumbnail","6":"product_brand-liros-de","7":"product_cat-segelmesser-und-werkzeuge","8":"product_cat-splicing-werkzeuge","10":"first","11":"instock","12":"shipping-taxable","13":"purchasable","14":"product-type-simple"},"_links":{"self":[{"href":"https:\/\/stoic-curie.212-227-153-4.plesk.page\/de\/wp-json\/wp\/v2\/product\/734133","targetHints":{"allow":["GET"]}}],"collection":[{"href":"https:\/\/stoic-curie.212-227-153-4.plesk.page\/de\/wp-json\/wp\/v2\/product"}],"about":[{"href":"https:\/\/stoic-curie.212-227-153-4.plesk.page\/de\/wp-json\/wp\/v2\/types\/product"}],"replies":[{"embeddable":true,"href":"https:\/\/stoic-curie.212-227-153-4.plesk.page\/de\/wp-json\/wp\/v2\/comments?post=734133"}],"version-history":[{"count":0,"href":"https:\/\/stoic-curie.212-227-153-4.plesk.page\/de\/wp-json\/wp\/v2\/product\/734133\/revisions"}],"wp:featuredmedia":[{"embeddable":true,"href":"https:\/\/stoic-curie.212-227-153-4.plesk.page\/de\/wp-json\/wp\/v2\/media\/5939689"}],"wp:attachment":[{"href":"https:\/\/stoic-curie.212-227-153-4.plesk.page\/de\/wp-json\/wp\/v2\/media?parent=734133"}],"wp:term":[{"taxonomy":"product_brand","embeddable":true,"href":"https:\/\/stoic-curie.212-227-153-4.plesk.page\/de\/wp-json\/wp\/v2\/product_brand?post=734133"},{"taxonomy":"product_cat","embeddable":true,"href":"https:\/\/stoic-curie.212-227-153-4.plesk.page\/de\/wp-json\/wp\/v2\/product_cat?post=734133"},{"taxonomy":"product_tag","embeddable":true,"href":"https:\/\/stoic-curie.212-227-153-4.plesk.page\/de\/wp-json\/wp\/v2\/product_tag?post=734133"}],"curies":[{"name":"wp","href":"https:\/\/api.w.org\/{rel}","templated":true}]}}