{"id":734141,"date":"2025-03-03T16:22:50","date_gmt":"2025-03-03T15:22:50","guid":{"rendered":"https:\/\/stoic-curie.212-227-153-4.plesk.page\/producto\/f3-aluminium-bimini-3-boegen-weiss-225-x-180-x-h140-cm\/"},"modified":"2026-02-24T23:34:51","modified_gmt":"2026-02-24T23:34:51","slug":"f3-aluminium-bimini-3-boegen-weiss-225-x-180-x-h140-cm","status":"publish","type":"product","link":"https:\/\/stoic-curie.212-227-153-4.plesk.page\/de\/product\/f3-aluminium-bimini-3-boegen-weiss-225-x-180-x-h140-cm\/","title":{"rendered":"F3 Aluminium Bimini 3 B\u00f6gen Wei\u00df 225 x 180 x H140 cm"},"content":{"rendered":"<p>F3 Aluminium Bimini 3 B\u00f6gen Wei\u00df 225 x 180 x H140 cm &#8211; <\/p>\n<p>3-Bogen Sonnenschutzbimini. Wei\u00df lackierter Aluminiumrahmen, 100% Polyester mit PVC-Beschichtung. 20 mm Rohre.<\/p>\n","protected":false},"excerpt":{"rendered":"<p>F3 Aluminium Bimini 3 B\u00f6gen Wei\u00df 225 x 180 x H140 cm &#8211; 3-Bogen Sonnenschutzbimini. Wei\u00df lackierter Aluminiumrahmen, 100% Polyester<\/p>\n","protected":false},"featured_media":5936248,"comment_status":"open","ping_status":"closed","template":"","meta":[],"product_brand":[3185],"product_cat":[1402],"product_tag":[],"class_list":{"0":"post-734141","1":"product","2":"type-product","3":"status-publish","4":"has-post-thumbnail","6":"product_brand-nettuno-de","7":"product_cat-bimini-verdecke","9":"first","10":"instock","11":"shipping-taxable","12":"purchasable","13":"product-type-simple"},"_links":{"self":[{"href":"https:\/\/stoic-curie.212-227-153-4.plesk.page\/de\/wp-json\/wp\/v2\/product\/734141","targetHints":{"allow":["GET"]}}],"collection":[{"href":"https:\/\/stoic-curie.212-227-153-4.plesk.page\/de\/wp-json\/wp\/v2\/product"}],"about":[{"href":"https:\/\/stoic-curie.212-227-153-4.plesk.page\/de\/wp-json\/wp\/v2\/types\/product"}],"replies":[{"embeddable":true,"href":"https:\/\/stoic-curie.212-227-153-4.plesk.page\/de\/wp-json\/wp\/v2\/comments?post=734141"}],"version-history":[{"count":0,"href":"https:\/\/stoic-curie.212-227-153-4.plesk.page\/de\/wp-json\/wp\/v2\/product\/734141\/revisions"}],"wp:featuredmedia":[{"embeddable":true,"href":"https:\/\/stoic-curie.212-227-153-4.plesk.page\/de\/wp-json\/wp\/v2\/media\/5936248"}],"wp:attachment":[{"href":"https:\/\/stoic-curie.212-227-153-4.plesk.page\/de\/wp-json\/wp\/v2\/media?parent=734141"}],"wp:term":[{"taxonomy":"product_brand","embeddable":true,"href":"https:\/\/stoic-curie.212-227-153-4.plesk.page\/de\/wp-json\/wp\/v2\/product_brand?post=734141"},{"taxonomy":"product_cat","embeddable":true,"href":"https:\/\/stoic-curie.212-227-153-4.plesk.page\/de\/wp-json\/wp\/v2\/product_cat?post=734141"},{"taxonomy":"product_tag","embeddable":true,"href":"https:\/\/stoic-curie.212-227-153-4.plesk.page\/de\/wp-json\/wp\/v2\/product_tag?post=734141"}],"curies":[{"name":"wp","href":"https:\/\/api.w.org\/{rel}","templated":true}]}}