{"id":734142,"date":"2025-03-03T16:22:50","date_gmt":"2025-03-03T15:22:50","guid":{"rendered":"https:\/\/stoic-curie.212-227-153-4.plesk.page\/producto\/blaue-aluminium-f3-bimini-top-3-boegen-200cm-laenge-x-180cm-h140cm\/"},"modified":"2026-02-24T23:34:51","modified_gmt":"2026-02-24T23:34:51","slug":"blaue-aluminium-f3-bimini-top-3-boegen-200cm-laenge-x-180cm-h140cm","status":"publish","type":"product","link":"https:\/\/stoic-curie.212-227-153-4.plesk.page\/de\/product\/blaue-aluminium-f3-bimini-top-3-boegen-200cm-laenge-x-180cm-h140cm\/","title":{"rendered":"Blaue Aluminium F3 Bimini Top 3 B\u00f6gen 200cm L\u00e4nge x 180cm H140cm"},"content":{"rendered":"<p>Blaue Aluminium F3 Bimini Top 3 B\u00f6gen 200cm L\u00e4nge x 180cm H140cm &#8211; <\/p>\n<p>3-Bogen Sonnen-Wasser-Bimini-Top. Wei\u00dfe lackierte Aluminiumrahmen, 100% Polyester mit PVC-Beschichtung. 20 mm Rohre.<\/p>\n","protected":false},"excerpt":{"rendered":"<p>Blaue Aluminium F3 Bimini Top 3 B\u00f6gen 200cm L\u00e4nge x 180cm H140cm &#8211; 3-Bogen Sonnen-Wasser-Bimini-Top. Wei\u00dfe lackierte Aluminiumrahmen, 100% Polyester<\/p>\n","protected":false},"featured_media":5937083,"comment_status":"open","ping_status":"closed","template":"","meta":[],"product_brand":[3185],"product_cat":[1402],"product_tag":[],"class_list":{"0":"post-734142","1":"product","2":"type-product","3":"status-publish","4":"has-post-thumbnail","6":"product_brand-nettuno-de","7":"product_cat-bimini-verdecke","9":"first","10":"instock","11":"shipping-taxable","12":"purchasable","13":"product-type-simple"},"_links":{"self":[{"href":"https:\/\/stoic-curie.212-227-153-4.plesk.page\/de\/wp-json\/wp\/v2\/product\/734142","targetHints":{"allow":["GET"]}}],"collection":[{"href":"https:\/\/stoic-curie.212-227-153-4.plesk.page\/de\/wp-json\/wp\/v2\/product"}],"about":[{"href":"https:\/\/stoic-curie.212-227-153-4.plesk.page\/de\/wp-json\/wp\/v2\/types\/product"}],"replies":[{"embeddable":true,"href":"https:\/\/stoic-curie.212-227-153-4.plesk.page\/de\/wp-json\/wp\/v2\/comments?post=734142"}],"version-history":[{"count":0,"href":"https:\/\/stoic-curie.212-227-153-4.plesk.page\/de\/wp-json\/wp\/v2\/product\/734142\/revisions"}],"wp:featuredmedia":[{"embeddable":true,"href":"https:\/\/stoic-curie.212-227-153-4.plesk.page\/de\/wp-json\/wp\/v2\/media\/5937083"}],"wp:attachment":[{"href":"https:\/\/stoic-curie.212-227-153-4.plesk.page\/de\/wp-json\/wp\/v2\/media?parent=734142"}],"wp:term":[{"taxonomy":"product_brand","embeddable":true,"href":"https:\/\/stoic-curie.212-227-153-4.plesk.page\/de\/wp-json\/wp\/v2\/product_brand?post=734142"},{"taxonomy":"product_cat","embeddable":true,"href":"https:\/\/stoic-curie.212-227-153-4.plesk.page\/de\/wp-json\/wp\/v2\/product_cat?post=734142"},{"taxonomy":"product_tag","embeddable":true,"href":"https:\/\/stoic-curie.212-227-153-4.plesk.page\/de\/wp-json\/wp\/v2\/product_tag?post=734142"}],"curies":[{"name":"wp","href":"https:\/\/api.w.org\/{rel}","templated":true}]}}