{"id":734144,"date":"2025-03-03T16:22:51","date_gmt":"2025-03-03T15:22:51","guid":{"rendered":"https:\/\/stoic-curie.212-227-153-4.plesk.page\/producto\/f3-edelstahl-bimini-3-boegen-blau-200-x-180-h140-cm\/"},"modified":"2026-02-24T23:34:51","modified_gmt":"2026-02-24T23:34:51","slug":"f3-edelstahl-bimini-3-boegen-blau-200-x-180-h140-cm","status":"publish","type":"product","link":"https:\/\/stoic-curie.212-227-153-4.plesk.page\/de\/product\/f3-edelstahl-bimini-3-boegen-blau-200-x-180-h140-cm\/","title":{"rendered":"Edelstahl Bimini 3 B\u00f6gen Blau 200 x 180 H140 cm"},"content":{"rendered":"<p>Edelstahl Bimini 3 B\u00f6gen Blau 200 x 180 H140 cm &#8211; <\/p>\n<p><span style=\"font-weight: 700;\">F3 Edelstahl-Bimini 3 B\u00f6gen Blau 200 x 180 H140cm.&nbsp;<\/span><strong>3-Bogen Edelstahl-Bimini: Eine zuverl\u00e4ssige Schattenl\u00f6sung f\u00fcr Ihr Boot<\/strong><\/p>\n<p>Das 3-Bogen Edelstahl-Bimini ist eine erstklassige Wahl f\u00fcr einen Baldachin, ideal f\u00fcr verschiedene Bootstypen wie offene Boote, Aluboote und RIBs. Mit einem stilvollen \u00d822 mm 316 Edelstahlrahmen gebaut, bietet es zuverl\u00e4ssigen Schatten und Schutz w\u00e4hrend Ihrer Bootsausfl\u00fcge.<\/p>\n<p><strong>Hochwertige Materialien f\u00fcr erh\u00f6hte Langlebigkeit<\/strong><\/p>\n<p>Das Bimini besteht aus 310 g\/m\u00b2 ATLAS-Marine-Qualit\u00e4tsgewebe und ist so konzipiert, dass es sowohl UV- als auch wetterbest\u00e4ndig ist. Dies gew\u00e4hrleistet eine langanhaltende Leistung und Farbtreue unter harten maritimen Bedingungen. Das Kit umfasst einen Edelstahlrahmen, ein Stoffdach mit einer Aufbewahrungstasche, strapazierf\u00e4hige Gurte und Quertr\u00e4ger, was die Installation zum Kinderspiel macht. Es bietet au\u00dfergew\u00f6hnlichen Komfort auf dem Wasser bei Geschwindigkeiten von bis zu 40 Knoten.<\/p>\n<p><strong>\u00dcberlegungen zur Hardware<\/strong><\/p>\n<p>Obwohl das Kit mit s\u00e4mtlichem erforderlichen Montagezubeh\u00f6r geliefert wird, beachten Sie bitte, dass die Befestigungselemente zur Sicherung des Bimini-Rahmens an Ihrem Boot nicht enthalten sind. Sie m\u00fcssen geeignete Befestigungselemente basierend auf dem Material Ihres Bootes beschaffen.<\/p>\n<p><strong>Einfache Aufbewahrungsl\u00f6sungen<\/strong><\/p>\n<p>Das Bimini ist f\u00fcr eine praktische Lagerung konzipiert und verf\u00fcgt \u00fcber eine Aufbewahrungstasche, die eine einfache R\u00fcckf\u00fchrung erm\u00f6glicht und verhindert, dass lose Stoffe Ihr Boot unordentlich machen. Es kann einfach flach auf der Bordwand abgelegt oder vollst\u00e4ndig entfernt werden, indem die Decksmontagen abgenommen werden.<\/p>\n<p><strong>Bemerkenswerte Eigenschaften:<\/strong><\/p>\n<ul>\n<li>\n<p>Wasserbest\u00e4ndiges und atmungsaktives Gewebe<\/p>\n<\/li>\n<li>\n<p>UV- und wetterbest\u00e4ndig mit einer Farbtreue der Klassen 6-7<\/p>\n<\/li>\n<li>\n<p>Schimmel- und mehltauresistent<\/p>\n<\/li>\n<li>\n<p>Robuster Edelstahlrahmen und marine-grade fittings<\/p>\n<\/li>\n<li>\n<p>Bequem bei Geschwindigkeiten von bis zu 40 Knoten<\/p>\n<\/li>\n<\/ul>\n","protected":false},"excerpt":{"rendered":"<p>Edelstahl Bimini 3 B\u00f6gen Blau 200 x 180 H140 cm &#8211; F3 Edelstahl-Bimini 3 B\u00f6gen Blau 200 x 180 H140cm.&nbsp;3-Bogen<\/p>\n","protected":false},"featured_media":5937087,"comment_status":"open","ping_status":"closed","template":"","meta":[],"product_brand":[3185],"product_cat":[1402],"product_tag":[],"class_list":{"0":"post-734144","1":"product","2":"type-product","3":"status-publish","4":"has-post-thumbnail","6":"product_brand-nettuno-de","7":"product_cat-bimini-verdecke","9":"first","10":"instock","11":"shipping-taxable","12":"purchasable","13":"product-type-simple"},"_links":{"self":[{"href":"https:\/\/stoic-curie.212-227-153-4.plesk.page\/de\/wp-json\/wp\/v2\/product\/734144","targetHints":{"allow":["GET"]}}],"collection":[{"href":"https:\/\/stoic-curie.212-227-153-4.plesk.page\/de\/wp-json\/wp\/v2\/product"}],"about":[{"href":"https:\/\/stoic-curie.212-227-153-4.plesk.page\/de\/wp-json\/wp\/v2\/types\/product"}],"replies":[{"embeddable":true,"href":"https:\/\/stoic-curie.212-227-153-4.plesk.page\/de\/wp-json\/wp\/v2\/comments?post=734144"}],"version-history":[{"count":0,"href":"https:\/\/stoic-curie.212-227-153-4.plesk.page\/de\/wp-json\/wp\/v2\/product\/734144\/revisions"}],"wp:featuredmedia":[{"embeddable":true,"href":"https:\/\/stoic-curie.212-227-153-4.plesk.page\/de\/wp-json\/wp\/v2\/media\/5937087"}],"wp:attachment":[{"href":"https:\/\/stoic-curie.212-227-153-4.plesk.page\/de\/wp-json\/wp\/v2\/media?parent=734144"}],"wp:term":[{"taxonomy":"product_brand","embeddable":true,"href":"https:\/\/stoic-curie.212-227-153-4.plesk.page\/de\/wp-json\/wp\/v2\/product_brand?post=734144"},{"taxonomy":"product_cat","embeddable":true,"href":"https:\/\/stoic-curie.212-227-153-4.plesk.page\/de\/wp-json\/wp\/v2\/product_cat?post=734144"},{"taxonomy":"product_tag","embeddable":true,"href":"https:\/\/stoic-curie.212-227-153-4.plesk.page\/de\/wp-json\/wp\/v2\/product_tag?post=734144"}],"curies":[{"name":"wp","href":"https:\/\/api.w.org\/{rel}","templated":true}]}}