{"id":734145,"date":"2025-03-03T16:22:51","date_gmt":"2025-03-03T15:22:51","guid":{"rendered":"https:\/\/stoic-curie.212-227-153-4.plesk.page\/producto\/edelstahl-bimini-eco-top-blau-3-boegen-230-x-235-x-h140-cm\/"},"modified":"2026-02-24T23:34:51","modified_gmt":"2026-02-24T23:34:51","slug":"edelstahl-bimini-eco-top-blau-3-boegen-230-x-235-x-h140-cm","status":"publish","type":"product","link":"https:\/\/stoic-curie.212-227-153-4.plesk.page\/de\/product\/edelstahl-bimini-eco-top-blau-3-boegen-230-x-235-x-h140-cm\/","title":{"rendered":"Edelstahl-Bimini Eco-Top Blau 3 B\u00f6gen 230 x 235 x H140 cm"},"content":{"rendered":"<p>Edelstahl-Bimini Eco-Top Blau 3 B\u00f6gen 230 x 235 x H140 cm &#8211; <\/p>\n<p style=\"\"><span style=\"color: rgb(34, 34, 34); font-family: Arial, Helvetica, sans-serif; font-size: small; font-weight: 700;\">Edelstahl Bimini Eco-Top Blau 3 B\u00f6gen 230 x 235 x H140 cm. <\/span><strong style=\"color: rgb(34, 34, 34); font-family: Arial, Helvetica, sans-serif; font-size: small;\">3-Bogen Edelstahl Bimini: Robuster Schatten f\u00fcr Ihr Boot<\/strong><\/p>\n<p style=\"color: rgb(34, 34, 34); font-family: Arial, Helvetica, sans-serif; font-size: small;\">Das 3-Bogen Edelstahl Bimini ist ein Premium-Verdeck, das f\u00fcr verschiedene Bootstypen geeignet ist, einschlie\u00dflich offener Boote, Blechboote und RIBs. Mit einem eleganten \u00d822mm 316 Edelstahlrahmen bietet es zuverl\u00e4ssigen Schatten und Schutz beim Bootfahren.<\/p>\n<p style=\"color: rgb(34, 34, 34); font-family: Arial, Helvetica, sans-serif; font-size: small;\"><strong>Hochwertige Materialien f\u00fcr Langlebigkeit<\/strong><\/p>\n<p style=\"color: rgb(34, 34, 34); font-family: Arial, Helvetica, sans-serif; font-size: small;\">Hergestellt aus 310 g\/m\u00b2 ATLAS Marine-Grade Stoff, ist dieses Bimini UV- und wetterbest\u00e4ndig, was Langlebigkeit und Farbbest\u00e4ndigkeit unter harten marinen Bedingungen gew\u00e4hrleistet. Das Set beinhaltet einen Edelstahlrahmen, ein Stoffverdeck mit Aufbewahrungstasche, strapazierf\u00e4hige Riemen und Quertr\u00e4ger f\u00fcr eine einfache Installation. Es \u00fcberzeugt durch Komfort auf dem Wasser bei Geschwindigkeiten von bis zu 40 Knoten.<\/p>\n<p style=\"color: rgb(34, 34, 34); font-family: Arial, Helvetica, sans-serif; font-size: small;\"><strong>Hinweis zur Hardware<\/strong><\/p>\n<p style=\"color: rgb(34, 34, 34); font-family: Arial, Helvetica, sans-serif; font-size: small;\">Das Set umfasst alle notwendigen Montagematerialien, jedoch sind keine Befestigungen zum Anbringen des Bimini-Rahmens an Ihrem Boot enthalten; Sie m\u00fcssen passende Befestigungen entsprechend dem Material Ihres Bootes besorgen.<\/p>\n<p style=\"color: rgb(34, 34, 34); font-family: Arial, Helvetica, sans-serif; font-size: small;\"><strong>Praktische Lagerung<\/strong><\/p>\n<p style=\"color: rgb(34, 34, 34); font-family: Arial, Helvetica, sans-serif; font-size: small;\">F\u00fcr eine einfache Lagerung ausgelegt, verf\u00fcgt das Bimini \u00fcber eine Aufbewahrungstasche f\u00fcr eine unkomplizierte R\u00fcckf\u00fchrung und verhindert herumliegendes Material an Bord. Sie k\u00f6nnen es schnell flach auf der Reling auslegen oder komplett entfernen, indem Sie die Decksbefestigungen abtrennen.<\/p>\n<p style=\"color: rgb(34, 34, 34); font-family: Arial, Helvetica, sans-serif; font-size: small;\"><strong>Hauptmerkmale:<\/strong><\/p>\n<ul style=\"color: rgb(34, 34, 34); font-family: Arial, Helvetica, sans-serif; font-size: small;\">\n<li>Verdeckl\u00e4nge: 183 cm; H\u00f6he: 130 cm (bei Bedarf auf 110 cm k\u00fcrzbar)<\/li>\n<li>Wasserabweisender, atmungsaktiver Stoff<\/li>\n<li>UV- und wetterbest\u00e4ndig mit einer Farbbest\u00e4ndigkeit der Klasse 6-7<\/li>\n<li>Schimmel- und mildew-resistent<\/li>\n<li>Robuster Edelstahlrahmen und marine-geeignete Beschl\u00e4ge<\/li>\n<li>Bequem bei Geschwindigkeiten von bis zu 40 Knoten<\/li>\n<\/ul>\n","protected":false},"excerpt":{"rendered":"<p>Edelstahl-Bimini Eco-Top Blau 3 B\u00f6gen 230 x 235 x H140 cm &#8211; Edelstahl Bimini Eco-Top Blau 3 B\u00f6gen 230 x<\/p>\n","protected":false},"featured_media":5937087,"comment_status":"open","ping_status":"closed","template":"","meta":[],"product_brand":[3185],"product_cat":[1402],"product_tag":[],"class_list":{"0":"post-734145","1":"product","2":"type-product","3":"status-publish","4":"has-post-thumbnail","6":"product_brand-nettuno-de","7":"product_cat-bimini-verdecke","9":"first","10":"instock","11":"shipping-taxable","12":"purchasable","13":"product-type-simple"},"_links":{"self":[{"href":"https:\/\/stoic-curie.212-227-153-4.plesk.page\/de\/wp-json\/wp\/v2\/product\/734145","targetHints":{"allow":["GET"]}}],"collection":[{"href":"https:\/\/stoic-curie.212-227-153-4.plesk.page\/de\/wp-json\/wp\/v2\/product"}],"about":[{"href":"https:\/\/stoic-curie.212-227-153-4.plesk.page\/de\/wp-json\/wp\/v2\/types\/product"}],"replies":[{"embeddable":true,"href":"https:\/\/stoic-curie.212-227-153-4.plesk.page\/de\/wp-json\/wp\/v2\/comments?post=734145"}],"version-history":[{"count":0,"href":"https:\/\/stoic-curie.212-227-153-4.plesk.page\/de\/wp-json\/wp\/v2\/product\/734145\/revisions"}],"wp:featuredmedia":[{"embeddable":true,"href":"https:\/\/stoic-curie.212-227-153-4.plesk.page\/de\/wp-json\/wp\/v2\/media\/5937087"}],"wp:attachment":[{"href":"https:\/\/stoic-curie.212-227-153-4.plesk.page\/de\/wp-json\/wp\/v2\/media?parent=734145"}],"wp:term":[{"taxonomy":"product_brand","embeddable":true,"href":"https:\/\/stoic-curie.212-227-153-4.plesk.page\/de\/wp-json\/wp\/v2\/product_brand?post=734145"},{"taxonomy":"product_cat","embeddable":true,"href":"https:\/\/stoic-curie.212-227-153-4.plesk.page\/de\/wp-json\/wp\/v2\/product_cat?post=734145"},{"taxonomy":"product_tag","embeddable":true,"href":"https:\/\/stoic-curie.212-227-153-4.plesk.page\/de\/wp-json\/wp\/v2\/product_tag?post=734145"}],"curies":[{"name":"wp","href":"https:\/\/api.w.org\/{rel}","templated":true}]}}