{"id":734147,"date":"2025-03-03T16:22:51","date_gmt":"2025-03-03T15:22:51","guid":{"rendered":"https:\/\/stoic-curie.212-227-153-4.plesk.page\/producto\/edelstahl-3-boegen-tessilmare-bimini-weiss-180-x-170-x-h140cm\/"},"modified":"2026-02-24T23:34:51","modified_gmt":"2026-02-24T23:34:51","slug":"edelstahl-3-boegen-tessilmare-bimini-weiss-180-x-170-x-h140cm","status":"publish","type":"product","link":"https:\/\/stoic-curie.212-227-153-4.plesk.page\/de\/product\/edelstahl-3-boegen-tessilmare-bimini-weiss-180-x-170-x-h140cm\/","title":{"rendered":"Edelstahl 3 B\u00f6gen Tessilmare Bimini Wei\u00df 180 x 170 x H140cm"},"content":{"rendered":"<p>Edelstahl 3 B\u00f6gen Tessilmare Bimini Wei\u00df 180 x 170 x H140cm &#8211; <\/p>\n<p style=\"color: rgb(34, 34, 34); font-family: Arial, Helvetica, sans-serif; font-size: small;\">Das dreibogenartige Design ist \u00e4u\u00dferst stabil und kompakt, ausgestattet mit einem vollst\u00e4ndig wasserdichten Netz und einem sch\u00fctzenden Geh\u00e4use. Diese Konfiguration macht es einfach, es selbstst\u00e4ndig zu verwenden oder mit optionalen St\u00fctzpfosten dauerhaft zu installieren, was ideal f\u00fcr offene Boote und Fl\u00f6\u00dfe ist.<\/p>\n<p style=\"color: rgb(34, 34, 34); font-family: Arial, Helvetica, sans-serif; font-size: small;\">Beim Kauf des Biminox wird es zerlegt und sicher verpackt in einer Box geliefert. Dank eines speziellen Tessilmare-Patents ist der Zusammenbau ein Kinderspiel. Das Sonnen-Wasser-Bimini-Dach beinhaltet drei abnehmbare B\u00f6gen.<\/p>\n<p style=\"color: rgb(34, 34, 34); font-family: Arial, Helvetica, sans-serif; font-size: small;\">Es besteht aus einem robusten Rahmen aus 316 Edelstahl und 100 % PVC-beschichtetem Polyestergewebe, mit Rohren mit einem Durchmesser von 22 mm. Zudem kann das Bimini mit optionalen St\u00fctzpfosten geschlossen bleiben und sieht dann aus wie ein \u00dcberrollb\u00fcgel.<\/p>\n<p style=\"color: rgb(34, 34, 34); font-family: Arial, Helvetica, sans-serif; font-size: small;\"><strong>Voll Ausgestattete Tessilmare Sonnend\u00e4cher<\/strong><br \/>Tessilmare Sonnend\u00e4cher sind ein besonders stolzes Produkt des Unternehmens. Innovation und Kreativit\u00e4t stehen im Mittelpunkt ihres Herstellungsprozesses. Sie f\u00fchren sogar Windkanaltests durch, um sicherzustellen, dass sie die hohen Standards der Branche erf\u00fcllen.<\/p>\n<p style=\"color: rgb(34, 34, 34); font-family: Arial, Helvetica, sans-serif; font-size: small;\">Dieses Engagement f\u00fcr Qualit\u00e4t ist der Grund, warum Tessilmare auf seine Produkte eine lebenslange Garantie gew\u00e4hrt.<\/p>\n<p style=\"color: rgb(34, 34, 34); font-family: Arial, Helvetica, sans-serif; font-size: small;\">Das Label &#8220;Made in Italy&#8221; ist ein wichtiger Bestandteil ihrer Identit\u00e4t. Tessilmare bezieht Materialien aus lokalen M\u00e4rkten, pflegt starke Beziehungen zu italienischen Lieferanten und \u00fcbernimmt den gesamten Produktionsprozess intern.<\/p>\n<p style=\"color: rgb(34, 34, 34); font-family: Arial, Helvetica, sans-serif; font-size: small;\"><strong>Farbauswahl f\u00fcr Sonnend\u00e4cher<\/strong><\/p>\n<ul style=\"color: rgb(34, 34, 34); font-family: Arial, Helvetica, sans-serif; font-size: small;\">\n<li>Wei\u00df<\/li>\n<li>Marineblau<\/li>\n<\/ul>\n<p style=\"color: rgb(34, 34, 34); font-family: Arial, Helvetica, sans-serif; font-size: small;\"><strong>Verf\u00fcgbare Sonnendachbreiten<\/strong><\/p>\n<ul style=\"color: rgb(34, 34, 34); font-family: Arial, Helvetica, sans-serif; font-size: small;\">\n<li>150 cm<\/li>\n<li>170 cm<\/li>\n<li>185 cm<\/li>\n<li>200 cm<\/li>\n<li>215 cm<\/li>\n<li>230 cm<\/li>\n<li>245 cm<\/li>\n<\/ul>\n<p style=\"color: rgb(34, 34, 34); font-family: Arial, Helvetica, sans-serif; font-size: small;\"><strong>Material des Sonnendachs<\/strong><\/p>\n<ul style=\"color: rgb(34, 34, 34); font-family: Arial, Helvetica, sans-serif; font-size: small;\">\n<li>Inox 22mm<\/li>\n<\/ul>\n<p style=\"color: rgb(34, 34, 34); font-family: Arial, Helvetica, sans-serif; font-size: small;\"><strong>Maximale Geschwindigkeit<\/strong><\/p>\n<ul style=\"color: rgb(34, 34, 34); font-family: Arial, Helvetica, sans-serif; font-size: small;\">\n<li>60 km\/h<\/li>\n<\/ul>\n","protected":false},"excerpt":{"rendered":"<p>Edelstahl 3 B\u00f6gen Tessilmare Bimini Wei\u00df 180 x 170 x H140cm &#8211; Das dreibogenartige Design ist \u00e4u\u00dferst stabil und kompakt,<\/p>\n","protected":false},"featured_media":5939755,"comment_status":"open","ping_status":"closed","template":"","meta":[],"product_brand":[3480],"product_cat":[1402],"product_tag":[],"class_list":{"0":"post-734147","1":"product","2":"type-product","3":"status-publish","4":"has-post-thumbnail","6":"product_brand-tessilmare-de","7":"product_cat-bimini-verdecke","9":"first","10":"instock","11":"shipping-taxable","12":"purchasable","13":"product-type-simple"},"_links":{"self":[{"href":"https:\/\/stoic-curie.212-227-153-4.plesk.page\/de\/wp-json\/wp\/v2\/product\/734147","targetHints":{"allow":["GET"]}}],"collection":[{"href":"https:\/\/stoic-curie.212-227-153-4.plesk.page\/de\/wp-json\/wp\/v2\/product"}],"about":[{"href":"https:\/\/stoic-curie.212-227-153-4.plesk.page\/de\/wp-json\/wp\/v2\/types\/product"}],"replies":[{"embeddable":true,"href":"https:\/\/stoic-curie.212-227-153-4.plesk.page\/de\/wp-json\/wp\/v2\/comments?post=734147"}],"version-history":[{"count":0,"href":"https:\/\/stoic-curie.212-227-153-4.plesk.page\/de\/wp-json\/wp\/v2\/product\/734147\/revisions"}],"wp:featuredmedia":[{"embeddable":true,"href":"https:\/\/stoic-curie.212-227-153-4.plesk.page\/de\/wp-json\/wp\/v2\/media\/5939755"}],"wp:attachment":[{"href":"https:\/\/stoic-curie.212-227-153-4.plesk.page\/de\/wp-json\/wp\/v2\/media?parent=734147"}],"wp:term":[{"taxonomy":"product_brand","embeddable":true,"href":"https:\/\/stoic-curie.212-227-153-4.plesk.page\/de\/wp-json\/wp\/v2\/product_brand?post=734147"},{"taxonomy":"product_cat","embeddable":true,"href":"https:\/\/stoic-curie.212-227-153-4.plesk.page\/de\/wp-json\/wp\/v2\/product_cat?post=734147"},{"taxonomy":"product_tag","embeddable":true,"href":"https:\/\/stoic-curie.212-227-153-4.plesk.page\/de\/wp-json\/wp\/v2\/product_tag?post=734147"}],"curies":[{"name":"wp","href":"https:\/\/api.w.org\/{rel}","templated":true}]}}