{"id":734149,"date":"2025-03-03T16:22:52","date_gmt":"2025-03-03T15:22:52","guid":{"rendered":"https:\/\/stoic-curie.212-227-153-4.plesk.page\/producto\/edelstahl-3-boegen-tessilmare-bimini-weiss-180-x-230-x-h140cm\/"},"modified":"2026-02-24T23:34:51","modified_gmt":"2026-02-24T23:34:51","slug":"edelstahl-3-boegen-tessilmare-bimini-weiss-180-x-230-x-h140cm","status":"publish","type":"product","link":"https:\/\/stoic-curie.212-227-153-4.plesk.page\/de\/product\/edelstahl-3-boegen-tessilmare-bimini-weiss-180-x-230-x-h140cm\/","title":{"rendered":"Edelstahl 3 B\u00f6gen Tessilmare Bimini Wei\u00df 180 x 230 x H140cm"},"content":{"rendered":"<p>Edelstahl 3 B\u00f6gen Tessilmare Bimini Wei\u00df 180 x 230 x H140cm &#8211; <\/p>\n<p style=\"color: rgb(34, 34, 34); font-family: Arial, Helvetica, sans-serif; font-size: small;\">Die dreibogige Struktur ist sowohl robust als auch kompakt und verf\u00fcgt \u00fcber ein vollst\u00e4ndig wasserdichtes Netz sowie eine sch\u00fctzende H\u00fclle. Dieses Design erm\u00f6glicht eine unkomplizierte Stand-alone-Installation oder eine permanente Montage mit optionalen St\u00fctzpolen, was es ideal f\u00fcr offene Boote und Fl\u00f6\u00dfe macht.<\/p>\n<p style=\"color: rgb(34, 34, 34); font-family: Arial, Helvetica, sans-serif; font-size: small;\">Der Biminox wird im zerlegten Zustand, sicher verpackt in einer Box, geliefert. Dank eines speziellen Patents von Tessilmare ist der Aufbau ein Kinderspiel. Das Sonnenwasser-Bimini-Top enth\u00e4lt drei abnehmbare B\u00f6gen.<\/p>\n<p style=\"color: rgb(34, 34, 34); font-family: Arial, Helvetica, sans-serif; font-size: small;\">Hergestellt aus einem 316 Edelstahlrahmen und 100 % Polyester mit PVC-Beschichtung, haben die Rohre einen Durchmesser von 22 mm. Mit der Erg\u00e4nzung von optionalen Polst\u00fctzen kann das Bimini in einer geschlossenen Position verbleiben und \u00e4hnelt einem \u00dcberrollb\u00fcgel.<\/p>\n<p style=\"color: rgb(34, 34, 34); font-family: Arial, Helvetica, sans-serif; font-size: small;\"><strong>Vollst\u00e4ndig ausgestattete Tessilmare Sonnenverdecke<\/strong><br \/>Tessilmare Sonnenverdecke sind eine Quelle des Stolzes f\u00fcr das Unternehmen. Innovation und Kreativit\u00e4t sind grundlegende Prinzipien im Produktionsprozess von Tessilmare. Das Unternehmen f\u00fchrt regelm\u00e4\u00dfig Windkanaltests mit seinen Sonnenverdecken durch, um sicherzustellen, dass sie die hohen Standards des Marktes erf\u00fcllen.<\/p>\n<p style=\"color: rgb(34, 34, 34); font-family: Arial, Helvetica, sans-serif; font-size: small;\">Dieses starke Engagement f\u00fcr Qualit\u00e4t ist der Grund, warum Tessilmare eine lebenslange Garantie anbietet.<\/p>\n<p style=\"color: rgb(34, 34, 34); font-family: Arial, Helvetica, sans-serif; font-size: small;\">Das Etikett &#8220;Made in Italy&#8221; ist ein wesentlicher Bestandteil der Unternehmensidentit\u00e4t. Tessilmare bezieht Rohstoffe von lokalen M\u00e4rkten, pflegt dauerhafte Beziehungen zu italienischen Zulieferern und \u00fcberwacht den gesamten Produktionsprozess intern.<\/p>\n<p style=\"color: rgb(34, 34, 34); font-family: Arial, Helvetica, sans-serif; font-size: small;\"><strong>Farbauswahl f\u00fcr das Sonnenverdeck<\/strong><\/p>\n<ul style=\"color: rgb(34, 34, 34); font-family: Arial, Helvetica, sans-serif; font-size: small;\">\n<li>Wei\u00df<\/li>\n<li>Marineblau<\/li>\n<\/ul>\n<p style=\"color: rgb(34, 34, 34); font-family: Arial, Helvetica, sans-serif; font-size: small;\"><strong>Verf\u00fcgbare Breiten f\u00fcr das Sonnenverdeck<\/strong><\/p>\n<ul style=\"color: rgb(34, 34, 34); font-family: Arial, Helvetica, sans-serif; font-size: small;\">\n<li>150 cm<\/li>\n<li>170 cm<\/li>\n<li>185 cm<\/li>\n<li>200 cm<\/li>\n<li>215 cm<\/li>\n<li>230 cm<\/li>\n<li>245 cm<\/li>\n<\/ul>\n<p style=\"color: rgb(34, 34, 34); font-family: Arial, Helvetica, sans-serif; font-size: small;\"><strong>Material des Sonnenverdecks<\/strong><\/p>\n<ul style=\"color: rgb(34, 34, 34); font-family: Arial, Helvetica, sans-serif; font-size: small;\">\n<li>Inox 22 mm<\/li>\n<\/ul>\n<p style=\"color: rgb(34, 34, 34); font-family: Arial, Helvetica, sans-serif; font-size: small;\"><strong>Maximale Geschwindigkeitsf\u00e4higkeit<\/strong><\/p>\n<ul style=\"color: rgb(34, 34, 34); font-family: Arial, Helvetica, sans-serif; font-size: small;\">\n<li>60 km\/h<\/li>\n<\/ul>\n","protected":false},"excerpt":{"rendered":"<p>Edelstahl 3 B\u00f6gen Tessilmare Bimini Wei\u00df 180 x 230 x H140cm &#8211; Die dreibogige Struktur ist sowohl robust als auch<\/p>\n","protected":false},"featured_media":5939755,"comment_status":"open","ping_status":"closed","template":"","meta":[],"product_brand":[3480],"product_cat":[1402],"product_tag":[],"class_list":{"0":"post-734149","1":"product","2":"type-product","3":"status-publish","4":"has-post-thumbnail","6":"product_brand-tessilmare-de","7":"product_cat-bimini-verdecke","9":"first","10":"instock","11":"shipping-taxable","12":"purchasable","13":"product-type-simple"},"_links":{"self":[{"href":"https:\/\/stoic-curie.212-227-153-4.plesk.page\/de\/wp-json\/wp\/v2\/product\/734149","targetHints":{"allow":["GET"]}}],"collection":[{"href":"https:\/\/stoic-curie.212-227-153-4.plesk.page\/de\/wp-json\/wp\/v2\/product"}],"about":[{"href":"https:\/\/stoic-curie.212-227-153-4.plesk.page\/de\/wp-json\/wp\/v2\/types\/product"}],"replies":[{"embeddable":true,"href":"https:\/\/stoic-curie.212-227-153-4.plesk.page\/de\/wp-json\/wp\/v2\/comments?post=734149"}],"version-history":[{"count":0,"href":"https:\/\/stoic-curie.212-227-153-4.plesk.page\/de\/wp-json\/wp\/v2\/product\/734149\/revisions"}],"wp:featuredmedia":[{"embeddable":true,"href":"https:\/\/stoic-curie.212-227-153-4.plesk.page\/de\/wp-json\/wp\/v2\/media\/5939755"}],"wp:attachment":[{"href":"https:\/\/stoic-curie.212-227-153-4.plesk.page\/de\/wp-json\/wp\/v2\/media?parent=734149"}],"wp:term":[{"taxonomy":"product_brand","embeddable":true,"href":"https:\/\/stoic-curie.212-227-153-4.plesk.page\/de\/wp-json\/wp\/v2\/product_brand?post=734149"},{"taxonomy":"product_cat","embeddable":true,"href":"https:\/\/stoic-curie.212-227-153-4.plesk.page\/de\/wp-json\/wp\/v2\/product_cat?post=734149"},{"taxonomy":"product_tag","embeddable":true,"href":"https:\/\/stoic-curie.212-227-153-4.plesk.page\/de\/wp-json\/wp\/v2\/product_tag?post=734149"}],"curies":[{"name":"wp","href":"https:\/\/api.w.org\/{rel}","templated":true}]}}