{"id":734151,"date":"2025-03-03T16:22:52","date_gmt":"2025-03-03T15:22:52","guid":{"rendered":"https:\/\/stoic-curie.212-227-153-4.plesk.page\/producto\/tessilmare-bimini-blau-edelstahl-3-boegen-180-x-170-x-h140cm\/"},"modified":"2026-02-24T23:34:51","modified_gmt":"2026-02-24T23:34:51","slug":"tessilmare-bimini-blau-edelstahl-3-boegen-180-x-170-x-h140cm","status":"publish","type":"product","link":"https:\/\/stoic-curie.212-227-153-4.plesk.page\/de\/product\/tessilmare-bimini-blau-edelstahl-3-boegen-180-x-170-x-h140cm\/","title":{"rendered":"Tessilmare Bimini Blau Edelstahl 3 B\u00f6gen 180 x 170 x H140cm"},"content":{"rendered":"<p>Tessilmare Bimini Blau Edelstahl 3 B\u00f6gen 180 x 170 x H140cm &#8211; <\/p>\n<p style=\"color: rgb(34, 34, 34); font-family: Arial, Helvetica, sans-serif; font-size: small;\">Das Design mit drei B\u00f6gen ist sowohl robust als auch kompakt und verf\u00fcgt \u00fcber ein vollst\u00e4ndig wasserdichtes Netz sowie eine Schutzh\u00fclle. Diese Aufbauweise erm\u00f6glicht eine einfache Nutzung unabh\u00e4ngig oder eine permanente Installation mit optionalen St\u00fctzpfosten, wodurch es sich perfekt f\u00fcr offene Boote und Fl\u00f6\u00dfe eignet.<\/p>\n<p style=\"color: rgb(34, 34, 34); font-family: Arial, Helvetica, sans-serif; font-size: small;\">Wenn Sie den Biminox erhalten, kommt er zerlegt und sicher verpackt in einer Box. Dank eines speziellen Patents von Tessilmare ist das Zusammenbauen einfach und unkompliziert. Das sonnenschutzwasserfeste Bimini-Top beinhaltet drei abnehmbare B\u00f6gen.<\/p>\n<p style=\"color: rgb(34, 34, 34); font-family: Arial, Helvetica, sans-serif; font-size: small;\">Hergestellt aus strapazierf\u00e4higem 316 Edelstahl und 100 % Polyester mit PVC-Beschichtung hat das Rohr einen Durchmesser von 22 mm. Mit den optionalen St\u00fctzpfosten kann das Bimini geschlossen bleiben und \u00e4hnelt einem \u00dcberrollb\u00fcgel.<\/p>\n<p style=\"color: rgb(34, 34, 34); font-family: Arial, Helvetica, sans-serif; font-size: small;\"><strong>Vollst\u00e4ndig ausgestattete Tessilmare-Sonnentops<\/strong><br \/>Tessilmare legt gro\u00dfen Wert auf seine Sonnentops. Innovation und Kreativit\u00e4t sind entscheidend f\u00fcr ihren Produktionsprozess. Sie f\u00fchren sogar Windkanaltests an ihren Sonnentops durch, um sicherzustellen, dass sie hohen Branchenstandards entsprechen.<\/p>\n<p style=\"color: rgb(34, 34, 34); font-family: Arial, Helvetica, sans-serif; font-size: small;\">Dieses Engagement f\u00fcr Qualit\u00e4t ist der Grund, warum Tessilmare eine lebenslange Garantie auf seine Produkte anbietet.<\/p>\n<p style=\"color: rgb(34, 34, 34); font-family: Arial, Helvetica, sans-serif; font-size: small;\">Das Etikett &#8216;Made in Italy&#8217; ist ein wichtiger Bestandteil ihrer Identit\u00e4t. Tessilmare bezieht Materialien aus lokalen M\u00e4rkten, pflegt enge Beziehungen zu italienischen Lieferanten und verwaltet den gesamten Produktionsprozess intern.<\/p>\n<p style=\"color: rgb(34, 34, 34); font-family: Arial, Helvetica, sans-serif; font-size: small;\"><strong>Farbe der Sonnentops<\/strong><\/p>\n<ul style=\"color: rgb(34, 34, 34); font-family: Arial, Helvetica, sans-serif; font-size: small;\">\n<li>Wei\u00df<\/li>\n<li>Marineblau<\/li>\n<\/ul>\n<p style=\"color: rgb(34, 34, 34); font-family: Arial, Helvetica, sans-serif; font-size: small;\"><strong>Verf\u00fcgbare Breiten der Sonnentops<\/strong><\/p>\n<ul style=\"color: rgb(34, 34, 34); font-family: Arial, Helvetica, sans-serif; font-size: small;\">\n<li>150 cm<\/li>\n<li>170 cm<\/li>\n<li>185 cm<\/li>\n<li>200 cm<\/li>\n<li>215 cm<\/li>\n<li>230 cm<\/li>\n<li>245 cm<\/li>\n<\/ul>\n<p style=\"color: rgb(34, 34, 34); font-family: Arial, Helvetica, sans-serif; font-size: small;\"><strong>Material des Sonnentops<\/strong><\/p>\n<ul style=\"color: rgb(34, 34, 34); font-family: Arial, Helvetica, sans-serif; font-size: small;\">\n<li>Inox 22 mm<\/li>\n<\/ul>\n<p style=\"color: rgb(34, 34, 34); font-family: Arial, Helvetica, sans-serif; font-size: small;\"><strong>Maximale Geschwindigkeitsf\u00e4higkeit<\/strong><\/p>\n<ul style=\"color: rgb(34, 34, 34); font-family: Arial, Helvetica, sans-serif; font-size: small;\">\n<li>60 km\/h<\/li>\n<\/ul>\n","protected":false},"excerpt":{"rendered":"<p>Tessilmare Bimini Blau Edelstahl 3 B\u00f6gen 180 x 170 x H140cm &#8211; Das Design mit drei B\u00f6gen ist sowohl robust<\/p>\n","protected":false},"featured_media":5939760,"comment_status":"open","ping_status":"closed","template":"","meta":[],"product_brand":[3480],"product_cat":[1402],"product_tag":[],"class_list":{"0":"post-734151","1":"product","2":"type-product","3":"status-publish","4":"has-post-thumbnail","6":"product_brand-tessilmare-de","7":"product_cat-bimini-verdecke","9":"first","10":"instock","11":"shipping-taxable","12":"purchasable","13":"product-type-simple"},"_links":{"self":[{"href":"https:\/\/stoic-curie.212-227-153-4.plesk.page\/de\/wp-json\/wp\/v2\/product\/734151","targetHints":{"allow":["GET"]}}],"collection":[{"href":"https:\/\/stoic-curie.212-227-153-4.plesk.page\/de\/wp-json\/wp\/v2\/product"}],"about":[{"href":"https:\/\/stoic-curie.212-227-153-4.plesk.page\/de\/wp-json\/wp\/v2\/types\/product"}],"replies":[{"embeddable":true,"href":"https:\/\/stoic-curie.212-227-153-4.plesk.page\/de\/wp-json\/wp\/v2\/comments?post=734151"}],"version-history":[{"count":0,"href":"https:\/\/stoic-curie.212-227-153-4.plesk.page\/de\/wp-json\/wp\/v2\/product\/734151\/revisions"}],"wp:featuredmedia":[{"embeddable":true,"href":"https:\/\/stoic-curie.212-227-153-4.plesk.page\/de\/wp-json\/wp\/v2\/media\/5939760"}],"wp:attachment":[{"href":"https:\/\/stoic-curie.212-227-153-4.plesk.page\/de\/wp-json\/wp\/v2\/media?parent=734151"}],"wp:term":[{"taxonomy":"product_brand","embeddable":true,"href":"https:\/\/stoic-curie.212-227-153-4.plesk.page\/de\/wp-json\/wp\/v2\/product_brand?post=734151"},{"taxonomy":"product_cat","embeddable":true,"href":"https:\/\/stoic-curie.212-227-153-4.plesk.page\/de\/wp-json\/wp\/v2\/product_cat?post=734151"},{"taxonomy":"product_tag","embeddable":true,"href":"https:\/\/stoic-curie.212-227-153-4.plesk.page\/de\/wp-json\/wp\/v2\/product_tag?post=734151"}],"curies":[{"name":"wp","href":"https:\/\/api.w.org\/{rel}","templated":true}]}}