{"id":734152,"date":"2025-03-03T16:22:52","date_gmt":"2025-03-03T15:22:52","guid":{"rendered":"https:\/\/stoic-curie.212-227-153-4.plesk.page\/producto\/tessilmare-bimini-blau-edelstahl-3-boegen-180-x-200-x-h140cm\/"},"modified":"2026-02-24T23:34:51","modified_gmt":"2026-02-24T23:34:51","slug":"tessilmare-bimini-blau-edelstahl-3-boegen-180-x-200-x-h140cm","status":"publish","type":"product","link":"https:\/\/stoic-curie.212-227-153-4.plesk.page\/de\/product\/tessilmare-bimini-blau-edelstahl-3-boegen-180-x-200-x-h140cm\/","title":{"rendered":"Tessilmare Bimini Blau Edelstahl 3 B\u00f6gen 180 x 200 x H140cm"},"content":{"rendered":"<p>Tessilmare Bimini Blau Edelstahl 3 B\u00f6gen 180 x 200 x H140cm &#8211; <\/p>\n<p style=\"color: rgb(34, 34, 34); font-family: Arial, Helvetica, sans-serif; font-size: small;\">Der Biminox zeichnet sich durch ein bemerkenswertes Drei-Bogen-Design aus, das sowohl stark als auch kompakt ist, was ihn zu einer ausgezeichneten Wahl f\u00fcr Bootsbegeisterte macht. Diese innovative Struktur umfasst ein wasserdichtes Netz und eine sch\u00fctzende H\u00fclle, die daf\u00fcr sorgt, dass Ihre Ausr\u00fcstung sicher und trocken bleibt. Der Biminox kann unabh\u00e4ngig genutzt werden, was Flexibilit\u00e4t f\u00fcr verschiedene Boots-Situationen bietet, oder er kann dauerhaft mit optionalen St\u00fctzbauten installiert werden, wodurch er besonders f\u00fcr offene Boote und Fl\u00f6\u00dfe geeignet ist.<\/p>\n<p style=\"color: rgb(34, 34, 34); font-family: Arial, Helvetica, sans-serif; font-size: small;\">Wenn Sie das Produkt erhalten, kommt es zerlegt an; jedoch werden Sie feststellen, dass die Montage dank eines patentierten Designs von Tessilmare sehr einfach ist. Die Materialien, die f\u00fcr die Herstellung des Biminox verwendet werden, sind von h\u00f6chster Qualit\u00e4t, einschlie\u00dflich haltbarem 316-Edelstahl und 100% polyesterbeschichtetem PVC-Gewebe. Die Rohre des Biminox haben einen Durchmesser von 22 mm, was ein stabiles Ger\u00fcst f\u00fcr Ihre Bootsanforderungen bietet.<\/p>\n<p style=\"color: rgb(34, 34, 34); font-family: Arial, Helvetica, sans-serif; font-size: small;\">Tessilmare verpflichtet sich zu Innovation und Qualit\u00e4t, was sich in ihren strengen Windkanaltests und der lebenslangen Garantie auf ihre Produkte zeigt. Die Sonnentops sind in zwei klassischen Farben erh\u00e4ltlich: Wei\u00df und Marineblau und sie sind in verschiedenen Breiten von 150 cm bis 245 cm erh\u00e4ltlich. Dar\u00fcber hinaus ist der Biminox so konzipiert, dass er beeindruckende Geschwindigkeiten von bis zu 60 km\/h standh\u00e4lt, was ihn zu einer zuverl\u00e4ssigen Wahl f\u00fcr jedes Bootsabenteuer macht.<\/p>\n","protected":false},"excerpt":{"rendered":"<p>Tessilmare Bimini Blau Edelstahl 3 B\u00f6gen 180 x 200 x H140cm &#8211; Der Biminox zeichnet sich durch ein bemerkenswertes Drei-Bogen-Design<\/p>\n","protected":false},"featured_media":5939760,"comment_status":"open","ping_status":"closed","template":"","meta":[],"product_brand":[3480],"product_cat":[1402],"product_tag":[],"class_list":{"0":"post-734152","1":"product","2":"type-product","3":"status-publish","4":"has-post-thumbnail","6":"product_brand-tessilmare-de","7":"product_cat-bimini-verdecke","9":"first","10":"instock","11":"shipping-taxable","12":"purchasable","13":"product-type-simple"},"_links":{"self":[{"href":"https:\/\/stoic-curie.212-227-153-4.plesk.page\/de\/wp-json\/wp\/v2\/product\/734152","targetHints":{"allow":["GET"]}}],"collection":[{"href":"https:\/\/stoic-curie.212-227-153-4.plesk.page\/de\/wp-json\/wp\/v2\/product"}],"about":[{"href":"https:\/\/stoic-curie.212-227-153-4.plesk.page\/de\/wp-json\/wp\/v2\/types\/product"}],"replies":[{"embeddable":true,"href":"https:\/\/stoic-curie.212-227-153-4.plesk.page\/de\/wp-json\/wp\/v2\/comments?post=734152"}],"version-history":[{"count":0,"href":"https:\/\/stoic-curie.212-227-153-4.plesk.page\/de\/wp-json\/wp\/v2\/product\/734152\/revisions"}],"wp:featuredmedia":[{"embeddable":true,"href":"https:\/\/stoic-curie.212-227-153-4.plesk.page\/de\/wp-json\/wp\/v2\/media\/5939760"}],"wp:attachment":[{"href":"https:\/\/stoic-curie.212-227-153-4.plesk.page\/de\/wp-json\/wp\/v2\/media?parent=734152"}],"wp:term":[{"taxonomy":"product_brand","embeddable":true,"href":"https:\/\/stoic-curie.212-227-153-4.plesk.page\/de\/wp-json\/wp\/v2\/product_brand?post=734152"},{"taxonomy":"product_cat","embeddable":true,"href":"https:\/\/stoic-curie.212-227-153-4.plesk.page\/de\/wp-json\/wp\/v2\/product_cat?post=734152"},{"taxonomy":"product_tag","embeddable":true,"href":"https:\/\/stoic-curie.212-227-153-4.plesk.page\/de\/wp-json\/wp\/v2\/product_tag?post=734152"}],"curies":[{"name":"wp","href":"https:\/\/api.w.org\/{rel}","templated":true}]}}