{"id":734153,"date":"2025-03-03T16:22:53","date_gmt":"2025-03-03T15:22:53","guid":{"rendered":"https:\/\/stoic-curie.212-227-153-4.plesk.page\/producto\/tessilmare-bimini-blau-edelstahl-3-boegen-180-x-230-x-h140cm\/"},"modified":"2026-02-24T23:34:51","modified_gmt":"2026-02-24T23:34:51","slug":"tessilmare-bimini-blau-edelstahl-3-boegen-180-x-230-x-h140cm","status":"publish","type":"product","link":"https:\/\/stoic-curie.212-227-153-4.plesk.page\/de\/product\/tessilmare-bimini-blau-edelstahl-3-boegen-180-x-230-x-h140cm\/","title":{"rendered":"Tessilmare Bimini Blau Edelstahl 3 B\u00f6gen 180 x 230 x H140cm"},"content":{"rendered":"<p>Tessilmare Bimini Blau Edelstahl 3 B\u00f6gen 180 x 230 x H140cm &#8211; <\/p>\n<p style=\"color: rgb(34, 34, 34); font-family: Arial, Helvetica, sans-serif; font-size: small;\">Das Design mit drei B\u00f6gen ist sowohl stabil als auch kompakt und verf\u00fcgt \u00fcber ein vollst\u00e4ndig wasserdichtes Netz sowie eine Schutzh\u00fclle. Diese Konfiguration erm\u00f6glicht eine einfache eigenst\u00e4ndige Installation oder eine permanente Montage mit optionalen St\u00fctzpfosten, was sie perfekt f\u00fcr offene Boote und Fl\u00f6\u00dfe macht.<\/p>\n<p style=\"color: rgb(34, 34, 34); font-family: Arial, Helvetica, sans-serif; font-size: small;\">Das Biminox wird in zerlegtem Zustand sicher verpackt in einer Box geliefert. Dank eines einzigartigen Tessilmare-Patents ist der Zusammenbau einfach. Das Bimini-Top f\u00fcr Sonne und Wasser kommt mit drei abnehmbaren B\u00f6gen.<\/p>\n<p style=\"color: rgb(34, 34, 34); font-family: Arial, Helvetica, sans-serif; font-size: small;\">Hergestellt aus einem 316-Edelstahlrahmen und 100 % polyesterbeschichtetem PVC-Gewebe hat das Rohr einen Durchmesser von 22 mm. Mit der Erg\u00e4nzung von optionalen St\u00fctzpfosten kann das Bimini in geschlossener Position bleiben und einem \u00dcberrollb\u00fcgel \u00e4hneln.<\/p>\n<p style=\"color: rgb(34, 34, 34); font-family: Arial, Helvetica, sans-serif; font-size: small;\"><strong>Vollst\u00e4ndig ausgestattete Tessilmare-Sonnend\u00e4cher<\/strong><br \/>Tessilmare Sonnend\u00e4cher sind ein Stolz des Unternehmens. Innovation und Kreativit\u00e4t sind grundlegende Werte im Fertigungsprozess von Tessilmare. Das Unternehmen f\u00fchrt regelm\u00e4\u00dfig Windkanaltests an seinen Sonnend\u00e4chern durch, um sicherzustellen, dass sie den hohen Standards der Branche entsprechen.<\/p>\n<p style=\"color: rgb(34, 34, 34); font-family: Arial, Helvetica, sans-serif; font-size: small;\">Diese starke Hingabe an Qualit\u00e4t ist der Grund, warum Tessilmare eine lebenslange Garantie anbietet.<\/p>\n<p style=\"color: rgb(34, 34, 34); font-family: Arial, Helvetica, sans-serif; font-size: small;\">Das Label &#8220;Made in Italy&#8221; ist ein wesentlicher Teil der Identit\u00e4t des Unternehmens. Tessilmare bezieht Rohmaterialien aus lokalen M\u00e4rkten, pflegt langanhaltende Beziehungen zu italienischen Lieferanten und steuert den gesamten Produktionsprozess intern.<\/p>\n<p style=\"color: rgb(34, 34, 34); font-family: Arial, Helvetica, sans-serif; font-size: small;\"><strong>Farboptionen f\u00fcr Sonnend\u00e4cher<\/strong><\/p>\n<ul style=\"color: rgb(34, 34, 34); font-family: Arial, Helvetica, sans-serif; font-size: small;\">\n<li>Wei\u00df<\/li>\n<li>Marineblau<\/li>\n<\/ul>\n<p style=\"color: rgb(34, 34, 34); font-family: Arial, Helvetica, sans-serif; font-size: small;\"><strong>Verf\u00fcgbare Breiten f\u00fcr Sonnend\u00e4cher<\/strong><\/p>\n<ul style=\"color: rgb(34, 34, 34); font-family: Arial, Helvetica, sans-serif; font-size: small;\">\n<li>150 cm<\/li>\n<li>170 cm<\/li>\n<li>185 cm<\/li>\n<li>200 cm<\/li>\n<li>215 cm<\/li>\n<li>230 cm<\/li>\n<li>245 cm<\/li>\n<\/ul>\n<p style=\"color: rgb(34, 34, 34); font-family: Arial, Helvetica, sans-serif; font-size: small;\"><strong>Material des Sonnendachs<\/strong><\/p>\n<ul style=\"color: rgb(34, 34, 34); font-family: Arial, Helvetica, sans-serif; font-size: small;\">\n<li>Inox 22mm<\/li>\n<\/ul>\n<p style=\"color: rgb(34, 34, 34); font-family: Arial, Helvetica, sans-serif; font-size: small;\"><strong>Maximale Geschwindigkeit<\/strong><\/p>\n<ul style=\"color: rgb(34, 34, 34); font-family: Arial, Helvetica, sans-serif; font-size: small;\">\n<li>60 km\/h<\/li>\n<\/ul>\n","protected":false},"excerpt":{"rendered":"<p>Tessilmare Bimini Blau Edelstahl 3 B\u00f6gen 180 x 230 x H140cm &#8211; Das Design mit drei B\u00f6gen ist sowohl stabil<\/p>\n","protected":false},"featured_media":5939763,"comment_status":"open","ping_status":"closed","template":"","meta":[],"product_brand":[3480],"product_cat":[1402],"product_tag":[],"class_list":{"0":"post-734153","1":"product","2":"type-product","3":"status-publish","4":"has-post-thumbnail","6":"product_brand-tessilmare-de","7":"product_cat-bimini-verdecke","9":"first","10":"instock","11":"shipping-taxable","12":"purchasable","13":"product-type-simple"},"_links":{"self":[{"href":"https:\/\/stoic-curie.212-227-153-4.plesk.page\/de\/wp-json\/wp\/v2\/product\/734153","targetHints":{"allow":["GET"]}}],"collection":[{"href":"https:\/\/stoic-curie.212-227-153-4.plesk.page\/de\/wp-json\/wp\/v2\/product"}],"about":[{"href":"https:\/\/stoic-curie.212-227-153-4.plesk.page\/de\/wp-json\/wp\/v2\/types\/product"}],"replies":[{"embeddable":true,"href":"https:\/\/stoic-curie.212-227-153-4.plesk.page\/de\/wp-json\/wp\/v2\/comments?post=734153"}],"version-history":[{"count":0,"href":"https:\/\/stoic-curie.212-227-153-4.plesk.page\/de\/wp-json\/wp\/v2\/product\/734153\/revisions"}],"wp:featuredmedia":[{"embeddable":true,"href":"https:\/\/stoic-curie.212-227-153-4.plesk.page\/de\/wp-json\/wp\/v2\/media\/5939763"}],"wp:attachment":[{"href":"https:\/\/stoic-curie.212-227-153-4.plesk.page\/de\/wp-json\/wp\/v2\/media?parent=734153"}],"wp:term":[{"taxonomy":"product_brand","embeddable":true,"href":"https:\/\/stoic-curie.212-227-153-4.plesk.page\/de\/wp-json\/wp\/v2\/product_brand?post=734153"},{"taxonomy":"product_cat","embeddable":true,"href":"https:\/\/stoic-curie.212-227-153-4.plesk.page\/de\/wp-json\/wp\/v2\/product_cat?post=734153"},{"taxonomy":"product_tag","embeddable":true,"href":"https:\/\/stoic-curie.212-227-153-4.plesk.page\/de\/wp-json\/wp\/v2\/product_tag?post=734153"}],"curies":[{"name":"wp","href":"https:\/\/api.w.org\/{rel}","templated":true}]}}