{"id":734158,"date":"2025-03-03T16:22:53","date_gmt":"2025-03-03T15:22:53","guid":{"rendered":"https:\/\/stoic-curie.212-227-153-4.plesk.page\/producto\/bimini-tessilmare-weiss-4-boegen-aluminium-225-x-225-x-h140cm\/"},"modified":"2026-02-24T23:34:51","modified_gmt":"2026-02-24T23:34:51","slug":"bimini-tessilmare-weiss-4-boegen-aluminium-225-x-225-x-h140cm","status":"publish","type":"product","link":"https:\/\/stoic-curie.212-227-153-4.plesk.page\/de\/product\/bimini-tessilmare-weiss-4-boegen-aluminium-225-x-225-x-h140cm\/","title":{"rendered":"Bimini Tessilmare Wei\u00df 4 B\u00f6gen Aluminium 225 x 225 x H140cm"},"content":{"rendered":"<p>Bimini Tessilmare Wei\u00df 4 B\u00f6gen Aluminium 225 x 225 x H140cm &#8211; <\/p>\n<p style=\"color: rgb(34, 34, 34); font-family: Arial, Helvetica, sans-serif; font-size: small;\">Wir freuen uns, das Bimini Top Sixty mit 4 B\u00f6gen vorzustellen, das meisterhaft aus wei\u00df lackiertem Aluminium gefertigt ist \u2013 eine perfekte Kombination aus Stil und Robustheit f\u00fcr Ihr Wasserfahrzeug. Dieses Bimini-Top verf\u00fcgt \u00fcber einen Aluminiumrahmen mit wei\u00dfer Beschichtung, der nicht nur seinen \u00e4sthetischen Charme steigert, sondern auch dauerhafte St\u00e4rke gew\u00e4hrleistet. Das Dachmaterial besteht aus hochwertigem, 100% Polyesterstoff, der mit PVC behandelt wurde, um hervorragenden Widerstand gegen Abnutzung und Verschlei\u00df zu bieten und gleichzeitig sein makelloses Aussehen zu bewahren.<\/p>\n<p style=\"color: rgb(34, 34, 34); font-family: Arial, Helvetica, sans-serif; font-size: small;\">Hauptmerkmale:<\/p>\n<ul style=\"color: rgb(34, 34, 34); font-family: Arial, Helvetica, sans-serif; font-size: small;\">\n<li>Die Aluminiumrohre haben einen Durchmesser von 25 mm, was eine solide und zuverl\u00e4ssige Struktur gew\u00e4hrleistet.<\/li>\n<li>Das Dach ist aus wasserdichtem und UV-best\u00e4ndigem Material gefertigt, das vor sch\u00e4dlicher Sonneneinstrahlung und unerwarteten Regenschauern sch\u00fctzt.<\/li>\n<li>Die Rahmenkonstruktion hat eine Toleranz von +\/- 5 %, was eine ma\u00dfgeschneiderte Passform erm\u00f6glicht; ein 200 cm breiter Bogen kann beispielsweise zwischen 190 und 210 cm variieren.<\/li>\n<li>Das zusammenklappbare Design erm\u00f6glicht eine m\u00fchelose Lagerung, wenn es nicht benutzt wird, und ist somit ideal f\u00fcr Bootsfahrer, die Wert auf Komfort legen.<\/li>\n<li>Dieses Bimini-Top h\u00e4lt einer maximalen Einsatzgeschwindigkeit von 60 km\/h (33 Knoten) stand und erf\u00fcllt die Bed\u00fcrfnisse unterschiedlicher Bootsaktivit\u00e4ten.<\/li>\n<li>Jeder Kauf wird mit einer Schutzh\u00fclle, Befestigungen und Spannvorrichtungen geliefert, die alle wesentlichen Komponenten f\u00fcr Installation und Pflege bereitstellen.<\/li>\n<li>Das verwendete Material ist hochwertiges Aluminium, das sowohl leicht als auch langlebig ist.<\/li>\n<li>Es wiegt nur 12 kg, was die Handhabung und Installation einfach macht.<\/li>\n<li>Die elegante wei\u00dfe Oberfl\u00e4che verleiht Ihrem Boot einen Hauch von Raffinesse.<\/li>\n<\/ul>\n<p style=\"color: rgb(34, 34, 34); font-family: Arial, Helvetica, sans-serif; font-size: small;\">Dieses hochwertige Bimini-Top bietet nicht nur hervorragenden Schutz vor den Elementen, sondern hebt auch die visuelle Attraktivit\u00e4t und die Gesamtsophistizierung Ihres Fahrzeugs hervor, was es zu einem unverzichtbaren Zubeh\u00f6r f\u00fcr jeden Bootsfreund macht.<\/p>\n","protected":false},"excerpt":{"rendered":"<p>Bimini Tessilmare Wei\u00df 4 B\u00f6gen Aluminium 225 x 225 x H140cm &#8211; Wir freuen uns, das Bimini Top Sixty mit<\/p>\n","protected":false},"featured_media":5939766,"comment_status":"open","ping_status":"closed","template":"","meta":[],"product_brand":[3480],"product_cat":[1402],"product_tag":[],"class_list":{"0":"post-734158","1":"product","2":"type-product","3":"status-publish","4":"has-post-thumbnail","6":"product_brand-tessilmare-de","7":"product_cat-bimini-verdecke","9":"first","10":"outofstock","11":"shipping-taxable","12":"purchasable","13":"product-type-simple"},"_links":{"self":[{"href":"https:\/\/stoic-curie.212-227-153-4.plesk.page\/de\/wp-json\/wp\/v2\/product\/734158","targetHints":{"allow":["GET"]}}],"collection":[{"href":"https:\/\/stoic-curie.212-227-153-4.plesk.page\/de\/wp-json\/wp\/v2\/product"}],"about":[{"href":"https:\/\/stoic-curie.212-227-153-4.plesk.page\/de\/wp-json\/wp\/v2\/types\/product"}],"replies":[{"embeddable":true,"href":"https:\/\/stoic-curie.212-227-153-4.plesk.page\/de\/wp-json\/wp\/v2\/comments?post=734158"}],"version-history":[{"count":0,"href":"https:\/\/stoic-curie.212-227-153-4.plesk.page\/de\/wp-json\/wp\/v2\/product\/734158\/revisions"}],"wp:featuredmedia":[{"embeddable":true,"href":"https:\/\/stoic-curie.212-227-153-4.plesk.page\/de\/wp-json\/wp\/v2\/media\/5939766"}],"wp:attachment":[{"href":"https:\/\/stoic-curie.212-227-153-4.plesk.page\/de\/wp-json\/wp\/v2\/media?parent=734158"}],"wp:term":[{"taxonomy":"product_brand","embeddable":true,"href":"https:\/\/stoic-curie.212-227-153-4.plesk.page\/de\/wp-json\/wp\/v2\/product_brand?post=734158"},{"taxonomy":"product_cat","embeddable":true,"href":"https:\/\/stoic-curie.212-227-153-4.plesk.page\/de\/wp-json\/wp\/v2\/product_cat?post=734158"},{"taxonomy":"product_tag","embeddable":true,"href":"https:\/\/stoic-curie.212-227-153-4.plesk.page\/de\/wp-json\/wp\/v2\/product_tag?post=734158"}],"curies":[{"name":"wp","href":"https:\/\/api.w.org\/{rel}","templated":true}]}}