{"id":734164,"date":"2025-03-03T16:22:55","date_gmt":"2025-03-03T15:22:55","guid":{"rendered":"https:\/\/stoic-curie.212-227-153-4.plesk.page\/producto\/schalldaemm-und-waermeabsorptionsbeschichtung-mit-bleieinsatz-14mm-100-x-300cm\/"},"modified":"2026-02-24T23:34:51","modified_gmt":"2026-02-24T23:34:51","slug":"schalldaemm-und-waermeabsorptionsbeschichtung-mit-bleieinsatz-14mm-100-x-300cm","status":"publish","type":"product","link":"https:\/\/stoic-curie.212-227-153-4.plesk.page\/de\/product\/schalldaemm-und-waermeabsorptionsbeschichtung-mit-bleieinsatz-14mm-100-x-300cm\/","title":{"rendered":"Schalld\u00e4mm- und W\u00e4rmeabsorptionsbeschichtung mit Bleieinsatz 14mm 100 x 300cm"},"content":{"rendered":"<p>Schalld\u00e4mm- und W\u00e4rmeabsorptionsbeschichtung mit Bleieinsatz 14mm 100 x 300cm &#8211; <\/p>\n<p>Vetral Ger\u00e4usch-\/Thermoabsorberbeschichtung mit Bleieinlage. Isoliert von L\u00e4rm (20 dB) und W\u00e4rme. Aluminium-beschichtetes Glasfaser-Material, das hohen Temperaturen widersteht. Selbstverl\u00f6schend gem\u00e4\u00df UL94HF1-Vorschriften.<\/p>\n","protected":false},"excerpt":{"rendered":"<p>Schalld\u00e4mm- und W\u00e4rmeabsorptionsbeschichtung mit Bleieinsatz 14mm 100 x 300cm &#8211; Vetral Ger\u00e4usch-\/Thermoabsorberbeschichtung mit Bleieinlage. Isoliert von L\u00e4rm (20 dB) und<\/p>\n","protected":false},"featured_media":5939771,"comment_status":"open","ping_status":"closed","template":"","meta":[],"product_brand":[3290],"product_cat":[1523],"product_tag":[],"class_list":{"0":"post-734164","1":"product","2":"type-product","3":"status-publish","4":"has-post-thumbnail","6":"product_brand-quietlife-de","7":"product_cat-isolierung-und-schalldaemmung","9":"first","10":"instock","11":"shipping-taxable","12":"purchasable","13":"product-type-simple"},"_links":{"self":[{"href":"https:\/\/stoic-curie.212-227-153-4.plesk.page\/de\/wp-json\/wp\/v2\/product\/734164","targetHints":{"allow":["GET"]}}],"collection":[{"href":"https:\/\/stoic-curie.212-227-153-4.plesk.page\/de\/wp-json\/wp\/v2\/product"}],"about":[{"href":"https:\/\/stoic-curie.212-227-153-4.plesk.page\/de\/wp-json\/wp\/v2\/types\/product"}],"replies":[{"embeddable":true,"href":"https:\/\/stoic-curie.212-227-153-4.plesk.page\/de\/wp-json\/wp\/v2\/comments?post=734164"}],"version-history":[{"count":0,"href":"https:\/\/stoic-curie.212-227-153-4.plesk.page\/de\/wp-json\/wp\/v2\/product\/734164\/revisions"}],"wp:featuredmedia":[{"embeddable":true,"href":"https:\/\/stoic-curie.212-227-153-4.plesk.page\/de\/wp-json\/wp\/v2\/media\/5939771"}],"wp:attachment":[{"href":"https:\/\/stoic-curie.212-227-153-4.plesk.page\/de\/wp-json\/wp\/v2\/media?parent=734164"}],"wp:term":[{"taxonomy":"product_brand","embeddable":true,"href":"https:\/\/stoic-curie.212-227-153-4.plesk.page\/de\/wp-json\/wp\/v2\/product_brand?post=734164"},{"taxonomy":"product_cat","embeddable":true,"href":"https:\/\/stoic-curie.212-227-153-4.plesk.page\/de\/wp-json\/wp\/v2\/product_cat?post=734164"},{"taxonomy":"product_tag","embeddable":true,"href":"https:\/\/stoic-curie.212-227-153-4.plesk.page\/de\/wp-json\/wp\/v2\/product_tag?post=734164"}],"curies":[{"name":"wp","href":"https:\/\/api.w.org\/{rel}","templated":true}]}}