{"id":734165,"date":"2025-03-03T16:22:55","date_gmt":"2025-03-03T15:22:55","guid":{"rendered":"https:\/\/stoic-curie.212-227-153-4.plesk.page\/producto\/schalldaemm-und-waermeabsorptionsbeschichtung-agloabsorber-20-mm-100-x-200cm\/"},"modified":"2026-02-24T23:34:51","modified_gmt":"2026-02-24T23:34:51","slug":"schalldaemm-und-waermeabsorptionsbeschichtung-agloabsorber-20-mm-100-x-200cm","status":"publish","type":"product","link":"https:\/\/stoic-curie.212-227-153-4.plesk.page\/de\/product\/schalldaemm-und-waermeabsorptionsbeschichtung-agloabsorber-20-mm-100-x-200cm\/","title":{"rendered":"Schalld\u00e4mm- und W\u00e4rmeabsorptionsbeschichtung Agloabsorber 20 mm 100 x 200cm"},"content":{"rendered":"<p>Schalld\u00e4mm- und W\u00e4rmeabsorptionsbeschichtung Agloabsorber 20 mm 100 x 200cm &#8211; <\/p>\n<p>Agloabsorber professionelle Schalld\u00e4mm- und Thermod\u00e4mmbeschichtung. Leicht und effizient, ideal f\u00fcr Maschinenr\u00e4ume. Schalld\u00e4mmung von 25 dB f\u00fcr Platten bis zu 2 mm. Selbstl\u00f6schend, Feuerbest\u00e4ndigkeit gem\u00e4\u00df DIN 4102 &#8211; FMVSS302 &#8211; UL94 HBF &#8211; M4 Vorschriften. Mit einer temperaturbest\u00e4ndigen aluminisierten Glasfaserbeschichtung bis zu 180 \u00b0C.<\/p>\n","protected":false},"excerpt":{"rendered":"<p>Schalld\u00e4mm- und W\u00e4rmeabsorptionsbeschichtung Agloabsorber 20 mm 100 x 200cm &#8211; Agloabsorber professionelle Schalld\u00e4mm- und Thermod\u00e4mmbeschichtung. Leicht und effizient, ideal f\u00fcr<\/p>\n","protected":false},"featured_media":5939772,"comment_status":"open","ping_status":"closed","template":"","meta":[],"product_brand":[3290],"product_cat":[1523],"product_tag":[],"class_list":{"0":"post-734165","1":"product","2":"type-product","3":"status-publish","4":"has-post-thumbnail","6":"product_brand-quietlife-de","7":"product_cat-isolierung-und-schalldaemmung","9":"first","10":"instock","11":"shipping-taxable","12":"purchasable","13":"product-type-simple"},"_links":{"self":[{"href":"https:\/\/stoic-curie.212-227-153-4.plesk.page\/de\/wp-json\/wp\/v2\/product\/734165","targetHints":{"allow":["GET"]}}],"collection":[{"href":"https:\/\/stoic-curie.212-227-153-4.plesk.page\/de\/wp-json\/wp\/v2\/product"}],"about":[{"href":"https:\/\/stoic-curie.212-227-153-4.plesk.page\/de\/wp-json\/wp\/v2\/types\/product"}],"replies":[{"embeddable":true,"href":"https:\/\/stoic-curie.212-227-153-4.plesk.page\/de\/wp-json\/wp\/v2\/comments?post=734165"}],"version-history":[{"count":0,"href":"https:\/\/stoic-curie.212-227-153-4.plesk.page\/de\/wp-json\/wp\/v2\/product\/734165\/revisions"}],"wp:featuredmedia":[{"embeddable":true,"href":"https:\/\/stoic-curie.212-227-153-4.plesk.page\/de\/wp-json\/wp\/v2\/media\/5939772"}],"wp:attachment":[{"href":"https:\/\/stoic-curie.212-227-153-4.plesk.page\/de\/wp-json\/wp\/v2\/media?parent=734165"}],"wp:term":[{"taxonomy":"product_brand","embeddable":true,"href":"https:\/\/stoic-curie.212-227-153-4.plesk.page\/de\/wp-json\/wp\/v2\/product_brand?post=734165"},{"taxonomy":"product_cat","embeddable":true,"href":"https:\/\/stoic-curie.212-227-153-4.plesk.page\/de\/wp-json\/wp\/v2\/product_cat?post=734165"},{"taxonomy":"product_tag","embeddable":true,"href":"https:\/\/stoic-curie.212-227-153-4.plesk.page\/de\/wp-json\/wp\/v2\/product_tag?post=734165"}],"curies":[{"name":"wp","href":"https:\/\/api.w.org\/{rel}","templated":true}]}}