{"id":734167,"date":"2025-03-03T16:22:55","date_gmt":"2025-03-03T15:22:55","guid":{"rendered":"https:\/\/stoic-curie.212-227-153-4.plesk.page\/producto\/abgasisolierband-50-mm-x-25-m\/"},"modified":"2026-02-24T23:34:51","modified_gmt":"2026-02-24T23:34:51","slug":"abgasisolierband-50-mm-x-25-m","status":"publish","type":"product","link":"https:\/\/stoic-curie.212-227-153-4.plesk.page\/de\/product\/abgasisolierband-50-mm-x-25-m\/","title":{"rendered":"Abgasisolierband 50 mm x 25 m"},"content":{"rendered":"<p>Abgasisolierband 50 mm x 25 m &#8211; <\/p>\n<p>Dickes Schaumstoff-Hitzeschutzkeramikwollband f\u00fcr Auspuff- und Maschinenr\u00e4ume. H\u00e4lt Temperaturen von bis zu 750\u00c2\u00b0 stand. Dicke: 3 mm.<\/p>\n","protected":false},"excerpt":{"rendered":"<p>Abgasisolierband 50 mm x 25 m &#8211; Dickes Schaumstoff-Hitzeschutzkeramikwollband f\u00fcr Auspuff- und Maschinenr\u00e4ume. H\u00e4lt Temperaturen von bis zu 750\u00c2\u00b0 stand.<\/p>\n","protected":false},"featured_media":5939773,"comment_status":"open","ping_status":"closed","template":"","meta":[],"product_brand":[3290],"product_cat":[1523],"product_tag":[],"class_list":{"0":"post-734167","1":"product","2":"type-product","3":"status-publish","4":"has-post-thumbnail","6":"product_brand-quietlife-de","7":"product_cat-isolierung-und-schalldaemmung","9":"first","10":"outofstock","11":"shipping-taxable","12":"purchasable","13":"product-type-simple"},"_links":{"self":[{"href":"https:\/\/stoic-curie.212-227-153-4.plesk.page\/de\/wp-json\/wp\/v2\/product\/734167","targetHints":{"allow":["GET"]}}],"collection":[{"href":"https:\/\/stoic-curie.212-227-153-4.plesk.page\/de\/wp-json\/wp\/v2\/product"}],"about":[{"href":"https:\/\/stoic-curie.212-227-153-4.plesk.page\/de\/wp-json\/wp\/v2\/types\/product"}],"replies":[{"embeddable":true,"href":"https:\/\/stoic-curie.212-227-153-4.plesk.page\/de\/wp-json\/wp\/v2\/comments?post=734167"}],"version-history":[{"count":0,"href":"https:\/\/stoic-curie.212-227-153-4.plesk.page\/de\/wp-json\/wp\/v2\/product\/734167\/revisions"}],"wp:featuredmedia":[{"embeddable":true,"href":"https:\/\/stoic-curie.212-227-153-4.plesk.page\/de\/wp-json\/wp\/v2\/media\/5939773"}],"wp:attachment":[{"href":"https:\/\/stoic-curie.212-227-153-4.plesk.page\/de\/wp-json\/wp\/v2\/media?parent=734167"}],"wp:term":[{"taxonomy":"product_brand","embeddable":true,"href":"https:\/\/stoic-curie.212-227-153-4.plesk.page\/de\/wp-json\/wp\/v2\/product_brand?post=734167"},{"taxonomy":"product_cat","embeddable":true,"href":"https:\/\/stoic-curie.212-227-153-4.plesk.page\/de\/wp-json\/wp\/v2\/product_cat?post=734167"},{"taxonomy":"product_tag","embeddable":true,"href":"https:\/\/stoic-curie.212-227-153-4.plesk.page\/de\/wp-json\/wp\/v2\/product_tag?post=734167"}],"curies":[{"name":"wp","href":"https:\/\/api.w.org\/{rel}","templated":true}]}}