{"id":734170,"date":"2025-03-03T16:22:56","date_gmt":"2025-03-03T15:22:56","guid":{"rendered":"https:\/\/stoic-curie.212-227-153-4.plesk.page\/producto\/thermoabsorptionsbeschichtung-100-x-150-cm-10-mm\/"},"modified":"2026-02-24T23:34:51","modified_gmt":"2026-02-24T23:34:51","slug":"thermoabsorptionsbeschichtung-100-x-150-cm-10-mm","status":"publish","type":"product","link":"https:\/\/stoic-curie.212-227-153-4.plesk.page\/de\/product\/thermoabsorptionsbeschichtung-100-x-150-cm-10-mm\/","title":{"rendered":"Thermoabsorptionsbeschichtung 100 x 150 cm (10 mm)"},"content":{"rendered":"<p>Thermoabsorptionsbeschichtung 100 x 150 cm (10 mm) &#8211; <\/p>\n<p>Hochwertige thermische Kapazit\u00e4t aus gequilter aluminisierter Glasfaserbeschichteter Glasfaserleinwand. Nicht brennbar. Ideal f\u00fcr Maschinenr\u00e4ume.<\/p>\n","protected":false},"excerpt":{"rendered":"<p>Thermoabsorptionsbeschichtung 100 x 150 cm (10 mm) &#8211; Hochwertige thermische Kapazit\u00e4t aus gequilter aluminisierter Glasfaserbeschichteter Glasfaserleinwand. Nicht brennbar. Ideal f\u00fcr<\/p>\n","protected":false},"featured_media":5939778,"comment_status":"open","ping_status":"closed","template":"","meta":[],"product_brand":[3290],"product_cat":[1523],"product_tag":[],"class_list":{"0":"post-734170","1":"product","2":"type-product","3":"status-publish","4":"has-post-thumbnail","6":"product_brand-quietlife-de","7":"product_cat-isolierung-und-schalldaemmung","9":"first","10":"instock","11":"shipping-taxable","12":"purchasable","13":"product-type-simple"},"_links":{"self":[{"href":"https:\/\/stoic-curie.212-227-153-4.plesk.page\/de\/wp-json\/wp\/v2\/product\/734170","targetHints":{"allow":["GET"]}}],"collection":[{"href":"https:\/\/stoic-curie.212-227-153-4.plesk.page\/de\/wp-json\/wp\/v2\/product"}],"about":[{"href":"https:\/\/stoic-curie.212-227-153-4.plesk.page\/de\/wp-json\/wp\/v2\/types\/product"}],"replies":[{"embeddable":true,"href":"https:\/\/stoic-curie.212-227-153-4.plesk.page\/de\/wp-json\/wp\/v2\/comments?post=734170"}],"version-history":[{"count":0,"href":"https:\/\/stoic-curie.212-227-153-4.plesk.page\/de\/wp-json\/wp\/v2\/product\/734170\/revisions"}],"wp:featuredmedia":[{"embeddable":true,"href":"https:\/\/stoic-curie.212-227-153-4.plesk.page\/de\/wp-json\/wp\/v2\/media\/5939778"}],"wp:attachment":[{"href":"https:\/\/stoic-curie.212-227-153-4.plesk.page\/de\/wp-json\/wp\/v2\/media?parent=734170"}],"wp:term":[{"taxonomy":"product_brand","embeddable":true,"href":"https:\/\/stoic-curie.212-227-153-4.plesk.page\/de\/wp-json\/wp\/v2\/product_brand?post=734170"},{"taxonomy":"product_cat","embeddable":true,"href":"https:\/\/stoic-curie.212-227-153-4.plesk.page\/de\/wp-json\/wp\/v2\/product_cat?post=734170"},{"taxonomy":"product_tag","embeddable":true,"href":"https:\/\/stoic-curie.212-227-153-4.plesk.page\/de\/wp-json\/wp\/v2\/product_tag?post=734170"}],"curies":[{"name":"wp","href":"https:\/\/api.w.org\/{rel}","templated":true}]}}