{"id":734171,"date":"2025-03-03T16:22:56","date_gmt":"2025-03-03T15:22:56","guid":{"rendered":"https:\/\/stoic-curie.212-227-153-4.plesk.page\/producto\/abdeckung-fuer-turbolader-180-200-mm\/"},"modified":"2026-02-24T23:34:51","modified_gmt":"2026-02-24T23:34:51","slug":"abdeckung-fuer-turbolader-180-200-mm","status":"publish","type":"product","link":"https:\/\/stoic-curie.212-227-153-4.plesk.page\/de\/product\/abdeckung-fuer-turbolader-180-200-mm\/","title":{"rendered":"Abdeckung f\u00fcr Turbolader 180-200 mm"},"content":{"rendered":"<p>Abdeckung f\u00fcr Turbolader 180-200 mm &#8211; <\/p>\n<p>Glasleinw\u00e4nde und Keramikfaser-Turbodeckel. Sie k\u00f6nnen Temperaturen von bis zu 800 \u00b0C standhalten. Edelstahl-Montagefeder enthalten.<\/p>\n","protected":false},"excerpt":{"rendered":"<p>Abdeckung f\u00fcr Turbolader 180-200 mm &#8211; Glasleinw\u00e4nde und Keramikfaser-Turbodeckel. Sie k\u00f6nnen Temperaturen von bis zu 800 \u00b0C standhalten. Edelstahl-Montagefeder enthalten.<\/p>\n","protected":false},"featured_media":5939781,"comment_status":"open","ping_status":"closed","template":"","meta":[],"product_brand":[3290],"product_cat":[1523],"product_tag":[],"class_list":{"0":"post-734171","1":"product","2":"type-product","3":"status-publish","4":"has-post-thumbnail","6":"product_brand-quietlife-de","7":"product_cat-isolierung-und-schalldaemmung","9":"first","10":"instock","11":"shipping-taxable","12":"purchasable","13":"product-type-simple"},"_links":{"self":[{"href":"https:\/\/stoic-curie.212-227-153-4.plesk.page\/de\/wp-json\/wp\/v2\/product\/734171","targetHints":{"allow":["GET"]}}],"collection":[{"href":"https:\/\/stoic-curie.212-227-153-4.plesk.page\/de\/wp-json\/wp\/v2\/product"}],"about":[{"href":"https:\/\/stoic-curie.212-227-153-4.plesk.page\/de\/wp-json\/wp\/v2\/types\/product"}],"replies":[{"embeddable":true,"href":"https:\/\/stoic-curie.212-227-153-4.plesk.page\/de\/wp-json\/wp\/v2\/comments?post=734171"}],"version-history":[{"count":0,"href":"https:\/\/stoic-curie.212-227-153-4.plesk.page\/de\/wp-json\/wp\/v2\/product\/734171\/revisions"}],"wp:featuredmedia":[{"embeddable":true,"href":"https:\/\/stoic-curie.212-227-153-4.plesk.page\/de\/wp-json\/wp\/v2\/media\/5939781"}],"wp:attachment":[{"href":"https:\/\/stoic-curie.212-227-153-4.plesk.page\/de\/wp-json\/wp\/v2\/media?parent=734171"}],"wp:term":[{"taxonomy":"product_brand","embeddable":true,"href":"https:\/\/stoic-curie.212-227-153-4.plesk.page\/de\/wp-json\/wp\/v2\/product_brand?post=734171"},{"taxonomy":"product_cat","embeddable":true,"href":"https:\/\/stoic-curie.212-227-153-4.plesk.page\/de\/wp-json\/wp\/v2\/product_cat?post=734171"},{"taxonomy":"product_tag","embeddable":true,"href":"https:\/\/stoic-curie.212-227-153-4.plesk.page\/de\/wp-json\/wp\/v2\/product_tag?post=734171"}],"curies":[{"name":"wp","href":"https:\/\/api.w.org\/{rel}","templated":true}]}}