{"id":734184,"date":"2025-03-03T16:22:58","date_gmt":"2025-03-03T15:22:58","guid":{"rendered":"https:\/\/stoic-curie.212-227-153-4.plesk.page\/producto\/internationale-flaggen-nach-dem-flaggenalphabet-40-polyester-signalflaggen-30-x-45-cm\/"},"modified":"2026-02-24T23:34:51","modified_gmt":"2026-02-24T23:34:51","slug":"internationale-flaggen-nach-dem-flaggenalphabet-40-polyester-signalflaggen-30-x-45-cm","status":"publish","type":"product","link":"https:\/\/stoic-curie.212-227-153-4.plesk.page\/de\/product\/internationale-flaggen-nach-dem-flaggenalphabet-40-polyester-signalflaggen-30-x-45-cm\/","title":{"rendered":"Internationale Flaggen nach dem Flaggenalphabet, 40 Polyester-Signalflaggen 30 x 45 cm"},"content":{"rendered":"<p>Internationale Flaggen nach dem Flaggenalphabet, 40 Polyester-Signalflaggen 30 x 45 cm &#8211; <\/p>\n<p>Set mit internationalen maritimen Signalfahnen. Enth\u00e4lt 40 Fahnen. Leicht und g\u00fcnstig aus Nylon gefertigt, dick und widerstandsf\u00e4hig aus Polyester.<\/p>\n","protected":false},"excerpt":{"rendered":"<p>Internationale Flaggen nach dem Flaggenalphabet, 40 Polyester-Signalflaggen 30 x 45 cm &#8211; Set mit internationalen maritimen Signalfahnen. Enth\u00e4lt 40 Fahnen.<\/p>\n","protected":false},"featured_media":5939816,"comment_status":"open","ping_status":"closed","template":"","meta":[],"product_brand":[3115],"product_cat":[1494],"product_tag":[],"class_list":{"0":"post-734184","1":"product","2":"type-product","3":"status-publish","4":"has-post-thumbnail","6":"product_brand-marine-flags-de","7":"product_cat-signalflaggen","9":"first","10":"instock","11":"shipping-taxable","12":"purchasable","13":"product-type-simple"},"_links":{"self":[{"href":"https:\/\/stoic-curie.212-227-153-4.plesk.page\/de\/wp-json\/wp\/v2\/product\/734184","targetHints":{"allow":["GET"]}}],"collection":[{"href":"https:\/\/stoic-curie.212-227-153-4.plesk.page\/de\/wp-json\/wp\/v2\/product"}],"about":[{"href":"https:\/\/stoic-curie.212-227-153-4.plesk.page\/de\/wp-json\/wp\/v2\/types\/product"}],"replies":[{"embeddable":true,"href":"https:\/\/stoic-curie.212-227-153-4.plesk.page\/de\/wp-json\/wp\/v2\/comments?post=734184"}],"version-history":[{"count":0,"href":"https:\/\/stoic-curie.212-227-153-4.plesk.page\/de\/wp-json\/wp\/v2\/product\/734184\/revisions"}],"wp:featuredmedia":[{"embeddable":true,"href":"https:\/\/stoic-curie.212-227-153-4.plesk.page\/de\/wp-json\/wp\/v2\/media\/5939816"}],"wp:attachment":[{"href":"https:\/\/stoic-curie.212-227-153-4.plesk.page\/de\/wp-json\/wp\/v2\/media?parent=734184"}],"wp:term":[{"taxonomy":"product_brand","embeddable":true,"href":"https:\/\/stoic-curie.212-227-153-4.plesk.page\/de\/wp-json\/wp\/v2\/product_brand?post=734184"},{"taxonomy":"product_cat","embeddable":true,"href":"https:\/\/stoic-curie.212-227-153-4.plesk.page\/de\/wp-json\/wp\/v2\/product_cat?post=734184"},{"taxonomy":"product_tag","embeddable":true,"href":"https:\/\/stoic-curie.212-227-153-4.plesk.page\/de\/wp-json\/wp\/v2\/product_tag?post=734184"}],"curies":[{"name":"wp","href":"https:\/\/api.w.org\/{rel}","templated":true}]}}