{"id":734187,"date":"2025-03-03T16:22:59","date_gmt":"2025-03-03T15:22:59","guid":{"rendered":"https:\/\/stoic-curie.212-227-153-4.plesk.page\/producto\/umlenkrolle-einzeln-sprenger-70mm-fuer-leinen-bis-14mm\/"},"modified":"2026-02-24T23:34:51","modified_gmt":"2026-02-24T23:34:51","slug":"umlenkrolle-einzeln-sprenger-70mm-fuer-leinen-bis-14mm","status":"publish","type":"product","link":"https:\/\/stoic-curie.212-227-153-4.plesk.page\/de\/product\/umlenkrolle-einzeln-sprenger-70mm-fuer-leinen-bis-14mm\/","title":{"rendered":"Umlenkrolle Einzeln Sprenger 70mm f\u00fcr Leinen bis 14mm"},"content":{"rendered":"<p>Umlenkrolle Einzeln Sprenger 70mm f\u00fcr Leinen bis 14mm &#8211; <\/p>\n<p>Gleitlager HS-Bl\u00f6cke f\u00fcr Seile bis zu 14 mm. <br \/>Gleitlager: UV-best\u00e4ndiger Hi-Q-Kunststoff <br \/>Riemendurchmesser 70 mm: UV-best\u00e4ndiger Hi-Q-Kunststoff <br \/>Backen: UV-best\u00e4ndiger Hi-Q-Kunststoff und Edelstahlriemen <br \/>Bruchlast: 2500 kg.<\/p>\n","protected":false},"excerpt":{"rendered":"<p>Umlenkrolle Einzeln Sprenger 70mm f\u00fcr Leinen bis 14mm &#8211; Gleitlager HS-Bl\u00f6cke f\u00fcr Seile bis zu 14 mm. Gleitlager: UV-best\u00e4ndiger Hi-Q-Kunststoff<\/p>\n","protected":false},"featured_media":5939884,"comment_status":"open","ping_status":"closed","template":"","meta":[],"product_brand":[3430],"product_cat":[1482],"product_tag":[],"class_list":{"0":"post-734187","1":"product","2":"type-product","3":"status-publish","4":"has-post-thumbnail","6":"product_brand-sprenger-hs-de","7":"product_cat-sprenger-bloecke","9":"first","10":"instock","11":"shipping-taxable","12":"purchasable","13":"product-type-simple"},"_links":{"self":[{"href":"https:\/\/stoic-curie.212-227-153-4.plesk.page\/de\/wp-json\/wp\/v2\/product\/734187","targetHints":{"allow":["GET"]}}],"collection":[{"href":"https:\/\/stoic-curie.212-227-153-4.plesk.page\/de\/wp-json\/wp\/v2\/product"}],"about":[{"href":"https:\/\/stoic-curie.212-227-153-4.plesk.page\/de\/wp-json\/wp\/v2\/types\/product"}],"replies":[{"embeddable":true,"href":"https:\/\/stoic-curie.212-227-153-4.plesk.page\/de\/wp-json\/wp\/v2\/comments?post=734187"}],"version-history":[{"count":0,"href":"https:\/\/stoic-curie.212-227-153-4.plesk.page\/de\/wp-json\/wp\/v2\/product\/734187\/revisions"}],"wp:featuredmedia":[{"embeddable":true,"href":"https:\/\/stoic-curie.212-227-153-4.plesk.page\/de\/wp-json\/wp\/v2\/media\/5939884"}],"wp:attachment":[{"href":"https:\/\/stoic-curie.212-227-153-4.plesk.page\/de\/wp-json\/wp\/v2\/media?parent=734187"}],"wp:term":[{"taxonomy":"product_brand","embeddable":true,"href":"https:\/\/stoic-curie.212-227-153-4.plesk.page\/de\/wp-json\/wp\/v2\/product_brand?post=734187"},{"taxonomy":"product_cat","embeddable":true,"href":"https:\/\/stoic-curie.212-227-153-4.plesk.page\/de\/wp-json\/wp\/v2\/product_cat?post=734187"},{"taxonomy":"product_tag","embeddable":true,"href":"https:\/\/stoic-curie.212-227-153-4.plesk.page\/de\/wp-json\/wp\/v2\/product_tag?post=734187"}],"curies":[{"name":"wp","href":"https:\/\/api.w.org\/{rel}","templated":true}]}}