{"id":734189,"date":"2025-03-03T16:22:59","date_gmt":"2025-03-03T15:22:59","guid":{"rendered":"https:\/\/stoic-curie.212-227-153-4.plesk.page\/producto\/sprenger-fiddle-block-70-mm-fuer-leinen-bis-zu-14-mm\/"},"modified":"2026-02-24T23:34:51","modified_gmt":"2026-02-24T23:34:51","slug":"sprenger-fiddle-block-70-mm-fuer-leinen-bis-zu-14-mm","status":"publish","type":"product","link":"https:\/\/stoic-curie.212-227-153-4.plesk.page\/de\/product\/sprenger-fiddle-block-70-mm-fuer-leinen-bis-zu-14-mm\/","title":{"rendered":"Sprenger Fiddle Block 70 mm f\u00fcr Leinen bis zu 14 mm"},"content":{"rendered":"<p>Sprenger Fiddle Block 70 mm f\u00fcr Leinen bis zu 14 mm &#8211; <\/p>\n<p>Gleitlager-HS-Bl\u00f6cke f\u00fcr Seile bis zu 14 mm. Gleitlager: UV-best\u00e4ndiger Hi-Q Kunststoff. Scheibendurchmesser 70 mm: UV-best\u00e4ndiger Hi-Q Kunststoff. Backen: UV-best\u00e4ndiger Hi-Q Kunststoff und Edelstahlriemen. Bruchlast: 2500 kg.<\/p>\n","protected":false},"excerpt":{"rendered":"<p>Sprenger Fiddle Block 70 mm f\u00fcr Leinen bis zu 14 mm &#8211; Gleitlager-HS-Bl\u00f6cke f\u00fcr Seile bis zu 14 mm. Gleitlager:<\/p>\n","protected":false},"featured_media":5939886,"comment_status":"open","ping_status":"closed","template":"","meta":[],"product_brand":[3430],"product_cat":[1482],"product_tag":[],"class_list":{"0":"post-734189","1":"product","2":"type-product","3":"status-publish","4":"has-post-thumbnail","6":"product_brand-sprenger-hs-de","7":"product_cat-sprenger-bloecke","9":"first","10":"instock","11":"shipping-taxable","12":"purchasable","13":"product-type-simple"},"_links":{"self":[{"href":"https:\/\/stoic-curie.212-227-153-4.plesk.page\/de\/wp-json\/wp\/v2\/product\/734189","targetHints":{"allow":["GET"]}}],"collection":[{"href":"https:\/\/stoic-curie.212-227-153-4.plesk.page\/de\/wp-json\/wp\/v2\/product"}],"about":[{"href":"https:\/\/stoic-curie.212-227-153-4.plesk.page\/de\/wp-json\/wp\/v2\/types\/product"}],"replies":[{"embeddable":true,"href":"https:\/\/stoic-curie.212-227-153-4.plesk.page\/de\/wp-json\/wp\/v2\/comments?post=734189"}],"version-history":[{"count":0,"href":"https:\/\/stoic-curie.212-227-153-4.plesk.page\/de\/wp-json\/wp\/v2\/product\/734189\/revisions"}],"wp:featuredmedia":[{"embeddable":true,"href":"https:\/\/stoic-curie.212-227-153-4.plesk.page\/de\/wp-json\/wp\/v2\/media\/5939886"}],"wp:attachment":[{"href":"https:\/\/stoic-curie.212-227-153-4.plesk.page\/de\/wp-json\/wp\/v2\/media?parent=734189"}],"wp:term":[{"taxonomy":"product_brand","embeddable":true,"href":"https:\/\/stoic-curie.212-227-153-4.plesk.page\/de\/wp-json\/wp\/v2\/product_brand?post=734189"},{"taxonomy":"product_cat","embeddable":true,"href":"https:\/\/stoic-curie.212-227-153-4.plesk.page\/de\/wp-json\/wp\/v2\/product_cat?post=734189"},{"taxonomy":"product_tag","embeddable":true,"href":"https:\/\/stoic-curie.212-227-153-4.plesk.page\/de\/wp-json\/wp\/v2\/product_tag?post=734189"}],"curies":[{"name":"wp","href":"https:\/\/api.w.org\/{rel}","templated":true}]}}