{"id":734191,"date":"2025-03-03T16:22:59","date_gmt":"2025-03-03T15:22:59","guid":{"rendered":"https:\/\/stoic-curie.212-227-153-4.plesk.page\/producto\/sprenger-block-fiddle-mit-schwenkbuegel-klemmhebel-und-achterstagblock-70-mm-fuer-14-mm-leinen\/"},"modified":"2026-02-24T23:34:51","modified_gmt":"2026-02-24T23:34:51","slug":"sprenger-block-fiddle-mit-schwenkbuegel-klemmhebel-und-achterstagblock-70-mm-fuer-14-mm-leinen","status":"publish","type":"product","link":"https:\/\/stoic-curie.212-227-153-4.plesk.page\/de\/product\/sprenger-block-fiddle-mit-schwenkbuegel-klemmhebel-und-achterstagblock-70-mm-fuer-14-mm-leinen\/","title":{"rendered":"Sprenger Block Fiddle mit Schwenkb\u00fcgel, Klemmhebel und Achterstagblock 70 mm f\u00fcr 14 mm Leinen"},"content":{"rendered":"<p>Sprenger Block Fiddle mit Schwenkb\u00fcgel, Klemmhebel und Achterstagblock 70 mm f\u00fcr 14 mm Leinen &#8211; <\/p>\n<p>Kugellager HS-Bl\u00f6cke f\u00fcr Stahlseile und Dyneema-Latten bis 4 mm. Kugellager: Edelstahl. Rolle Durchmesser 19 mm: Edelstahl. Backen: Edelstahl. Bruchlast: 450 kg.<\/p>\n","protected":false},"excerpt":{"rendered":"<p>Sprenger Block Fiddle mit Schwenkb\u00fcgel, Klemmhebel und Achterstagblock 70 mm f\u00fcr 14 mm Leinen &#8211; Kugellager HS-Bl\u00f6cke f\u00fcr Stahlseile und<\/p>\n","protected":false},"featured_media":5939888,"comment_status":"open","ping_status":"closed","template":"","meta":[],"product_brand":[3430],"product_cat":[1482],"product_tag":[],"class_list":{"0":"post-734191","1":"product","2":"type-product","3":"status-publish","4":"has-post-thumbnail","6":"product_brand-sprenger-hs-de","7":"product_cat-sprenger-bloecke","9":"first","10":"instock","11":"shipping-taxable","12":"purchasable","13":"product-type-simple"},"_links":{"self":[{"href":"https:\/\/stoic-curie.212-227-153-4.plesk.page\/de\/wp-json\/wp\/v2\/product\/734191","targetHints":{"allow":["GET"]}}],"collection":[{"href":"https:\/\/stoic-curie.212-227-153-4.plesk.page\/de\/wp-json\/wp\/v2\/product"}],"about":[{"href":"https:\/\/stoic-curie.212-227-153-4.plesk.page\/de\/wp-json\/wp\/v2\/types\/product"}],"replies":[{"embeddable":true,"href":"https:\/\/stoic-curie.212-227-153-4.plesk.page\/de\/wp-json\/wp\/v2\/comments?post=734191"}],"version-history":[{"count":0,"href":"https:\/\/stoic-curie.212-227-153-4.plesk.page\/de\/wp-json\/wp\/v2\/product\/734191\/revisions"}],"wp:featuredmedia":[{"embeddable":true,"href":"https:\/\/stoic-curie.212-227-153-4.plesk.page\/de\/wp-json\/wp\/v2\/media\/5939888"}],"wp:attachment":[{"href":"https:\/\/stoic-curie.212-227-153-4.plesk.page\/de\/wp-json\/wp\/v2\/media?parent=734191"}],"wp:term":[{"taxonomy":"product_brand","embeddable":true,"href":"https:\/\/stoic-curie.212-227-153-4.plesk.page\/de\/wp-json\/wp\/v2\/product_brand?post=734191"},{"taxonomy":"product_cat","embeddable":true,"href":"https:\/\/stoic-curie.212-227-153-4.plesk.page\/de\/wp-json\/wp\/v2\/product_cat?post=734191"},{"taxonomy":"product_tag","embeddable":true,"href":"https:\/\/stoic-curie.212-227-153-4.plesk.page\/de\/wp-json\/wp\/v2\/product_tag?post=734191"}],"curies":[{"name":"wp","href":"https:\/\/api.w.org\/{rel}","templated":true}]}}