{"id":734194,"date":"2025-03-03T16:23:00","date_gmt":"2025-03-03T15:23:00","guid":{"rendered":"https:\/\/stoic-curie.212-227-153-4.plesk.page\/producto\/umlenkrolle-dreifach-mit-schaekel-sprenger-28mm-fuer-leinen-bis-8mm\/"},"modified":"2026-02-24T23:34:52","modified_gmt":"2026-02-24T23:34:52","slug":"umlenkrolle-dreifach-mit-schaekel-sprenger-28mm-fuer-leinen-bis-8mm","status":"publish","type":"product","link":"https:\/\/stoic-curie.212-227-153-4.plesk.page\/de\/product\/umlenkrolle-dreifach-mit-schaekel-sprenger-28mm-fuer-leinen-bis-8mm\/","title":{"rendered":"Umlenkrolle Dreifach mit Sch\u00e4kel Sprenger 28mm f\u00fcr Leinen bis 8mm"},"content":{"rendered":"<p>Umlenkrolle Dreifach mit Sch\u00e4kel Sprenger 28mm f\u00fcr Leinen bis 8mm &#8211; <\/p>\n<p>Kugelgelagerte HS-Bl\u00f6cke f\u00fcr Seile bis zu 8 mm. <br \/>Kugellager: Edelstahl <br \/>Scheibendurchmesser 28 mm: UV-best\u00e4ndiger Hi-Q-Kunststoff <br \/>Backen: UV-best\u00e4ndiger Hi-Q-Kunststoff und Edelstahlb\u00e4nder <br \/>Bruchlast: 600 kg. <\/p>\n","protected":false},"excerpt":{"rendered":"<p>Umlenkrolle Dreifach mit Sch\u00e4kel Sprenger 28mm f\u00fcr Leinen bis 8mm &#8211; Kugelgelagerte HS-Bl\u00f6cke f\u00fcr Seile bis zu 8 mm. Kugellager:<\/p>\n","protected":false},"featured_media":5939954,"comment_status":"open","ping_status":"closed","template":"","meta":[],"product_brand":[2218,3430],"product_cat":[1482],"product_tag":[],"class_list":{"0":"post-734194","1":"product","2":"type-product","3":"status-publish","4":"has-post-thumbnail","6":"product_brand-sprenger-hs","7":"product_brand-sprenger-hs-de","8":"product_cat-sprenger-bloecke","10":"first","11":"instock","12":"shipping-taxable","13":"purchasable","14":"product-type-simple"},"_links":{"self":[{"href":"https:\/\/stoic-curie.212-227-153-4.plesk.page\/de\/wp-json\/wp\/v2\/product\/734194","targetHints":{"allow":["GET"]}}],"collection":[{"href":"https:\/\/stoic-curie.212-227-153-4.plesk.page\/de\/wp-json\/wp\/v2\/product"}],"about":[{"href":"https:\/\/stoic-curie.212-227-153-4.plesk.page\/de\/wp-json\/wp\/v2\/types\/product"}],"replies":[{"embeddable":true,"href":"https:\/\/stoic-curie.212-227-153-4.plesk.page\/de\/wp-json\/wp\/v2\/comments?post=734194"}],"version-history":[{"count":0,"href":"https:\/\/stoic-curie.212-227-153-4.plesk.page\/de\/wp-json\/wp\/v2\/product\/734194\/revisions"}],"wp:featuredmedia":[{"embeddable":true,"href":"https:\/\/stoic-curie.212-227-153-4.plesk.page\/de\/wp-json\/wp\/v2\/media\/5939954"}],"wp:attachment":[{"href":"https:\/\/stoic-curie.212-227-153-4.plesk.page\/de\/wp-json\/wp\/v2\/media?parent=734194"}],"wp:term":[{"taxonomy":"product_brand","embeddable":true,"href":"https:\/\/stoic-curie.212-227-153-4.plesk.page\/de\/wp-json\/wp\/v2\/product_brand?post=734194"},{"taxonomy":"product_cat","embeddable":true,"href":"https:\/\/stoic-curie.212-227-153-4.plesk.page\/de\/wp-json\/wp\/v2\/product_cat?post=734194"},{"taxonomy":"product_tag","embeddable":true,"href":"https:\/\/stoic-curie.212-227-153-4.plesk.page\/de\/wp-json\/wp\/v2\/product_tag?post=734194"}],"curies":[{"name":"wp","href":"https:\/\/api.w.org\/{rel}","templated":true}]}}