{"id":734195,"date":"2025-03-03T16:23:00","date_gmt":"2025-03-03T15:23:00","guid":{"rendered":"https:\/\/stoic-curie.212-227-153-4.plesk.page\/producto\/sprenger-pulley-triple-swivel-mit-cam-cleat-und-becket-28mm-fuer-8mm-linien\/"},"modified":"2026-02-24T23:34:52","modified_gmt":"2026-02-24T23:34:52","slug":"sprenger-pulley-triple-swivel-mit-cam-cleat-und-becket-28mm-fuer-8mm-linien","status":"publish","type":"product","link":"https:\/\/stoic-curie.212-227-153-4.plesk.page\/de\/product\/sprenger-pulley-triple-swivel-mit-cam-cleat-und-becket-28mm-fuer-8mm-linien\/","title":{"rendered":"Sprenger Pulley Triple Swivel mit Cam Cleat und Becket 28mm f\u00fcr 8mm linien"},"content":{"rendered":"<p>Sprenger Pulley Triple Swivel mit Cam Cleat und Becket 28mm f\u00fcr 8mm linien &#8211; <\/p>\n<p>Kugellager HS-Bl\u00f6cke f\u00fcr Seile bis zu 8 mm. <br \/>Kugellager: Edelstahl <br \/>Riemenscheibendurchmesser 28 mm: UV-best\u00e4ndiger Hi-Q-Kunststoff <br \/>Seitenw\u00e4nde: UV-best\u00e4ndiger Hi-Q-Kunststoff und Edelstahlb\u00e4nder <br \/>Bruchlast: 600 Kg.<\/p>\n","protected":false},"excerpt":{"rendered":"<p>Sprenger Pulley Triple Swivel mit Cam Cleat und Becket 28mm f\u00fcr 8mm linien &#8211; Kugellager HS-Bl\u00f6cke f\u00fcr Seile bis zu<\/p>\n","protected":false},"featured_media":5939956,"comment_status":"open","ping_status":"closed","template":"","meta":[],"product_brand":[3430],"product_cat":[1482],"product_tag":[],"class_list":{"0":"post-734195","1":"product","2":"type-product","3":"status-publish","4":"has-post-thumbnail","6":"product_brand-sprenger-hs-de","7":"product_cat-sprenger-bloecke","9":"first","10":"instock","11":"shipping-taxable","12":"purchasable","13":"product-type-simple"},"_links":{"self":[{"href":"https:\/\/stoic-curie.212-227-153-4.plesk.page\/de\/wp-json\/wp\/v2\/product\/734195","targetHints":{"allow":["GET"]}}],"collection":[{"href":"https:\/\/stoic-curie.212-227-153-4.plesk.page\/de\/wp-json\/wp\/v2\/product"}],"about":[{"href":"https:\/\/stoic-curie.212-227-153-4.plesk.page\/de\/wp-json\/wp\/v2\/types\/product"}],"replies":[{"embeddable":true,"href":"https:\/\/stoic-curie.212-227-153-4.plesk.page\/de\/wp-json\/wp\/v2\/comments?post=734195"}],"version-history":[{"count":0,"href":"https:\/\/stoic-curie.212-227-153-4.plesk.page\/de\/wp-json\/wp\/v2\/product\/734195\/revisions"}],"wp:featuredmedia":[{"embeddable":true,"href":"https:\/\/stoic-curie.212-227-153-4.plesk.page\/de\/wp-json\/wp\/v2\/media\/5939956"}],"wp:attachment":[{"href":"https:\/\/stoic-curie.212-227-153-4.plesk.page\/de\/wp-json\/wp\/v2\/media?parent=734195"}],"wp:term":[{"taxonomy":"product_brand","embeddable":true,"href":"https:\/\/stoic-curie.212-227-153-4.plesk.page\/de\/wp-json\/wp\/v2\/product_brand?post=734195"},{"taxonomy":"product_cat","embeddable":true,"href":"https:\/\/stoic-curie.212-227-153-4.plesk.page\/de\/wp-json\/wp\/v2\/product_cat?post=734195"},{"taxonomy":"product_tag","embeddable":true,"href":"https:\/\/stoic-curie.212-227-153-4.plesk.page\/de\/wp-json\/wp\/v2\/product_tag?post=734195"}],"curies":[{"name":"wp","href":"https:\/\/api.w.org\/{rel}","templated":true}]}}