{"id":734197,"date":"2025-03-03T16:23:01","date_gmt":"2025-03-03T15:23:01","guid":{"rendered":"https:\/\/stoic-curie.212-227-153-4.plesk.page\/producto\/umlenkrolle-fiddle-sprenger-36mm-fuer-leinen-bis-10mm\/"},"modified":"2026-02-24T23:34:52","modified_gmt":"2026-02-24T23:34:52","slug":"umlenkrolle-fiddle-sprenger-36mm-fuer-leinen-bis-10mm","status":"publish","type":"product","link":"https:\/\/stoic-curie.212-227-153-4.plesk.page\/de\/product\/umlenkrolle-fiddle-sprenger-36mm-fuer-leinen-bis-10mm\/","title":{"rendered":"Umlenkrolle Fiddle Sprenger 36mm f\u00fcr Leinen bis 10mm"},"content":{"rendered":"<p>Umlenkrolle Fiddle Sprenger 36mm f\u00fcr Leinen bis 10mm &#8211; <\/p>\n<p>Kugellager HS-Bl\u00f6cke f\u00fcr Seile bis zu 10 mm.<br \/>Kugellager: Edelstahl<br \/>Riemenscheibendurchmesser 36 mm: UV-best\u00e4ndiger Hi-Q-Kunststoff<br \/>Backen: UV-best\u00e4ndiger Hi-Q-Kunststoff und Edelstahlb\u00e4nder<br \/>Bruchlast: 850 kg.<\/p>\n","protected":false},"excerpt":{"rendered":"<p>Umlenkrolle Fiddle Sprenger 36mm f\u00fcr Leinen bis 10mm &#8211; Kugellager HS-Bl\u00f6cke f\u00fcr Seile bis zu 10 mm.Kugellager: EdelstahlRiemenscheibendurchmesser 36 mm:<\/p>\n","protected":false},"featured_media":5939960,"comment_status":"open","ping_status":"closed","template":"","meta":[],"product_brand":[2218,3430],"product_cat":[1482],"product_tag":[],"class_list":{"0":"post-734197","1":"product","2":"type-product","3":"status-publish","4":"has-post-thumbnail","6":"product_brand-sprenger-hs","7":"product_brand-sprenger-hs-de","8":"product_cat-sprenger-bloecke","10":"first","11":"instock","12":"shipping-taxable","13":"purchasable","14":"product-type-simple"},"_links":{"self":[{"href":"https:\/\/stoic-curie.212-227-153-4.plesk.page\/de\/wp-json\/wp\/v2\/product\/734197","targetHints":{"allow":["GET"]}}],"collection":[{"href":"https:\/\/stoic-curie.212-227-153-4.plesk.page\/de\/wp-json\/wp\/v2\/product"}],"about":[{"href":"https:\/\/stoic-curie.212-227-153-4.plesk.page\/de\/wp-json\/wp\/v2\/types\/product"}],"replies":[{"embeddable":true,"href":"https:\/\/stoic-curie.212-227-153-4.plesk.page\/de\/wp-json\/wp\/v2\/comments?post=734197"}],"version-history":[{"count":0,"href":"https:\/\/stoic-curie.212-227-153-4.plesk.page\/de\/wp-json\/wp\/v2\/product\/734197\/revisions"}],"wp:featuredmedia":[{"embeddable":true,"href":"https:\/\/stoic-curie.212-227-153-4.plesk.page\/de\/wp-json\/wp\/v2\/media\/5939960"}],"wp:attachment":[{"href":"https:\/\/stoic-curie.212-227-153-4.plesk.page\/de\/wp-json\/wp\/v2\/media?parent=734197"}],"wp:term":[{"taxonomy":"product_brand","embeddable":true,"href":"https:\/\/stoic-curie.212-227-153-4.plesk.page\/de\/wp-json\/wp\/v2\/product_brand?post=734197"},{"taxonomy":"product_cat","embeddable":true,"href":"https:\/\/stoic-curie.212-227-153-4.plesk.page\/de\/wp-json\/wp\/v2\/product_cat?post=734197"},{"taxonomy":"product_tag","embeddable":true,"href":"https:\/\/stoic-curie.212-227-153-4.plesk.page\/de\/wp-json\/wp\/v2\/product_tag?post=734197"}],"curies":[{"name":"wp","href":"https:\/\/api.w.org\/{rel}","templated":true}]}}