{"id":734203,"date":"2025-03-03T16:23:02","date_gmt":"2025-03-03T15:23:02","guid":{"rendered":"https:\/\/stoic-curie.212-227-153-4.plesk.page\/producto\/umlenkrolle-fiddle-sprenger-50mm-fuer-leinen-bis-12mm\/"},"modified":"2026-02-24T23:34:52","modified_gmt":"2026-02-24T23:34:52","slug":"umlenkrolle-fiddle-sprenger-50mm-fuer-leinen-bis-12mm","status":"publish","type":"product","link":"https:\/\/stoic-curie.212-227-153-4.plesk.page\/de\/product\/umlenkrolle-fiddle-sprenger-50mm-fuer-leinen-bis-12mm\/","title":{"rendered":"Umlenkrolle Fiddle Sprenger 50mm f\u00fcr Leinen bis 12mm"},"content":{"rendered":"<p>Umlenkrolle Fiddle Sprenger 50mm f\u00fcr Leinen bis 12mm &#8211; <\/p>\n<p>Kugellager-HS-Bl\u00f6cke f\u00fcr Seile bis zu 12 mm. Kugellager: Edelstahl. Scheibendurchmesser 50 mm: UV-best\u00e4ndiger Hi-Q-Kunststoff. Backen: UV-best\u00e4ndiger Hi-Q-Kunststoff und Edelstahlb\u00e4nder. Bruchlast: 1000 kg.<\/p>\n","protected":false},"excerpt":{"rendered":"<p>Umlenkrolle Fiddle Sprenger 50mm f\u00fcr Leinen bis 12mm &#8211; Kugellager-HS-Bl\u00f6cke f\u00fcr Seile bis zu 12 mm. Kugellager: Edelstahl. Scheibendurchmesser 50<\/p>\n","protected":false},"featured_media":5939980,"comment_status":"open","ping_status":"closed","template":"","meta":[],"product_brand":[3430],"product_cat":[1482],"product_tag":[],"class_list":{"0":"post-734203","1":"product","2":"type-product","3":"status-publish","4":"has-post-thumbnail","6":"product_brand-sprenger-hs-de","7":"product_cat-sprenger-bloecke","9":"first","10":"instock","11":"shipping-taxable","12":"purchasable","13":"product-type-simple"},"_links":{"self":[{"href":"https:\/\/stoic-curie.212-227-153-4.plesk.page\/de\/wp-json\/wp\/v2\/product\/734203","targetHints":{"allow":["GET"]}}],"collection":[{"href":"https:\/\/stoic-curie.212-227-153-4.plesk.page\/de\/wp-json\/wp\/v2\/product"}],"about":[{"href":"https:\/\/stoic-curie.212-227-153-4.plesk.page\/de\/wp-json\/wp\/v2\/types\/product"}],"replies":[{"embeddable":true,"href":"https:\/\/stoic-curie.212-227-153-4.plesk.page\/de\/wp-json\/wp\/v2\/comments?post=734203"}],"version-history":[{"count":0,"href":"https:\/\/stoic-curie.212-227-153-4.plesk.page\/de\/wp-json\/wp\/v2\/product\/734203\/revisions"}],"wp:featuredmedia":[{"embeddable":true,"href":"https:\/\/stoic-curie.212-227-153-4.plesk.page\/de\/wp-json\/wp\/v2\/media\/5939980"}],"wp:attachment":[{"href":"https:\/\/stoic-curie.212-227-153-4.plesk.page\/de\/wp-json\/wp\/v2\/media?parent=734203"}],"wp:term":[{"taxonomy":"product_brand","embeddable":true,"href":"https:\/\/stoic-curie.212-227-153-4.plesk.page\/de\/wp-json\/wp\/v2\/product_brand?post=734203"},{"taxonomy":"product_cat","embeddable":true,"href":"https:\/\/stoic-curie.212-227-153-4.plesk.page\/de\/wp-json\/wp\/v2\/product_cat?post=734203"},{"taxonomy":"product_tag","embeddable":true,"href":"https:\/\/stoic-curie.212-227-153-4.plesk.page\/de\/wp-json\/wp\/v2\/product_tag?post=734203"}],"curies":[{"name":"wp","href":"https:\/\/api.w.org\/{rel}","templated":true}]}}