{"id":734212,"date":"2025-03-03T16:23:04","date_gmt":"2025-03-03T15:23:04","guid":{"rendered":"https:\/\/stoic-curie.212-227-153-4.plesk.page\/producto\/stopper-antal-v-grip-doppel-8\/"},"modified":"2026-02-24T23:34:52","modified_gmt":"2026-02-24T23:34:52","slug":"stopper-antal-v-grip-doppel-8","status":"publish","type":"product","link":"https:\/\/stoic-curie.212-227-153-4.plesk.page\/de\/product\/stopper-antal-v-grip-doppel-8\/","title":{"rendered":"Stopper Antal V-Grip Doppel 8<12mm"},"content":{"rendered":"<p>Stopper Antal V-Grip Doppel 8<12mm - \n\n<p>Der Antal V-Grip-Stopper verf\u00fcgt \u00fcber eine erh\u00f6hte Haltekraft. Er verursacht keine Sch\u00e4den an der Leinenabdeckung und ist perfekt f\u00fcr Verbundstoffleinen wie Kevlar, Vectran und Spectra geeignet. Hervorragend geeignet f\u00fcr Polyester. Mit einer inneren Konstruktion aus Stahl. Kein Rutschen der Leine. Erm\u00f6glicht das L\u00f6sen der Leine bei maximaler Belastung ohne Verwendung einer Winde. Die Leine kann auch durch den Stopper gezogen werden, ohne den Cam-Mechanismus zu \u00f6ffnen. Nur 6,5 cm K\u00f6rperh\u00f6he.<\/p>\n","protected":false},"excerpt":{"rendered":"<p>Stopper Antal V-Grip Doppel 8<\/p>\n","protected":false},"featured_media":5939998,"comment_status":"open","ping_status":"closed","template":"","meta":[],"product_brand":[2785],"product_cat":[1485],"product_tag":[],"class_list":{"0":"post-734212","1":"product","2":"type-product","3":"status-publish","4":"has-post-thumbnail","6":"product_brand-antal-de","7":"product_cat-stopper-und-klemmen","9":"first","10":"instock","11":"shipping-taxable","12":"purchasable","13":"product-type-simple"},"_links":{"self":[{"href":"https:\/\/stoic-curie.212-227-153-4.plesk.page\/de\/wp-json\/wp\/v2\/product\/734212","targetHints":{"allow":["GET"]}}],"collection":[{"href":"https:\/\/stoic-curie.212-227-153-4.plesk.page\/de\/wp-json\/wp\/v2\/product"}],"about":[{"href":"https:\/\/stoic-curie.212-227-153-4.plesk.page\/de\/wp-json\/wp\/v2\/types\/product"}],"replies":[{"embeddable":true,"href":"https:\/\/stoic-curie.212-227-153-4.plesk.page\/de\/wp-json\/wp\/v2\/comments?post=734212"}],"version-history":[{"count":0,"href":"https:\/\/stoic-curie.212-227-153-4.plesk.page\/de\/wp-json\/wp\/v2\/product\/734212\/revisions"}],"wp:featuredmedia":[{"embeddable":true,"href":"https:\/\/stoic-curie.212-227-153-4.plesk.page\/de\/wp-json\/wp\/v2\/media\/5939998"}],"wp:attachment":[{"href":"https:\/\/stoic-curie.212-227-153-4.plesk.page\/de\/wp-json\/wp\/v2\/media?parent=734212"}],"wp:term":[{"taxonomy":"product_brand","embeddable":true,"href":"https:\/\/stoic-curie.212-227-153-4.plesk.page\/de\/wp-json\/wp\/v2\/product_brand?post=734212"},{"taxonomy":"product_cat","embeddable":true,"href":"https:\/\/stoic-curie.212-227-153-4.plesk.page\/de\/wp-json\/wp\/v2\/product_cat?post=734212"},{"taxonomy":"product_tag","embeddable":true,"href":"https:\/\/stoic-curie.212-227-153-4.plesk.page\/de\/wp-json\/wp\/v2\/product_tag?post=734212"}],"curies":[{"name":"wp","href":"https:\/\/api.w.org\/{rel}","templated":true}]}}