{"id":734226,"date":"2025-03-03T16:23:08","date_gmt":"2025-03-03T15:23:08","guid":{"rendered":"https:\/\/stoic-curie.212-227-153-4.plesk.page\/producto\/deck-organizer-antal-v-cam-814-4-rollen-fuer-14mm-leinen\/"},"modified":"2026-02-24T23:34:52","modified_gmt":"2026-02-24T23:34:52","slug":"deck-organizer-antal-v-cam-814-4-rollen-fuer-14mm-leinen","status":"publish","type":"product","link":"https:\/\/stoic-curie.212-227-153-4.plesk.page\/de\/product\/deck-organizer-antal-v-cam-814-4-rollen-fuer-14mm-leinen\/","title":{"rendered":"Deck-Organizer Antal V-cam 814 4 Rollen f\u00fcr 14mm Leinen"},"content":{"rendered":"<p>Deck-Organizer Antal V-cam 814 4 Rollen f\u00fcr 14mm Leinen &#8211; <\/p>\n<p>Organizer, der es erm\u00f6glicht, die Leine zum Winde zu lenken. Schwarz br\u00fcniertes Aluminiumgeh\u00e4use und Scheiben mit Kugellagern. Maximale Arbeitslast 400 kg.<\/p>\n","protected":false},"excerpt":{"rendered":"<p>Deck-Organizer Antal V-cam 814 4 Rollen f\u00fcr 14mm Leinen &#8211; Organizer, der es erm\u00f6glicht, die Leine zum Winde zu lenken.<\/p>\n","protected":false},"featured_media":5940020,"comment_status":"open","ping_status":"closed","template":"","meta":[],"product_brand":[2785],"product_cat":[1475,1473],"product_tag":[],"class_list":{"0":"post-734226","1":"product","2":"type-product","3":"status-publish","4":"has-post-thumbnail","6":"product_brand-antal-de","7":"product_cat-antal-bloecke","8":"product_cat-deck-organizer","10":"first","11":"outofstock","12":"shipping-taxable","13":"purchasable","14":"product-type-simple"},"_links":{"self":[{"href":"https:\/\/stoic-curie.212-227-153-4.plesk.page\/de\/wp-json\/wp\/v2\/product\/734226","targetHints":{"allow":["GET"]}}],"collection":[{"href":"https:\/\/stoic-curie.212-227-153-4.plesk.page\/de\/wp-json\/wp\/v2\/product"}],"about":[{"href":"https:\/\/stoic-curie.212-227-153-4.plesk.page\/de\/wp-json\/wp\/v2\/types\/product"}],"replies":[{"embeddable":true,"href":"https:\/\/stoic-curie.212-227-153-4.plesk.page\/de\/wp-json\/wp\/v2\/comments?post=734226"}],"version-history":[{"count":0,"href":"https:\/\/stoic-curie.212-227-153-4.plesk.page\/de\/wp-json\/wp\/v2\/product\/734226\/revisions"}],"wp:featuredmedia":[{"embeddable":true,"href":"https:\/\/stoic-curie.212-227-153-4.plesk.page\/de\/wp-json\/wp\/v2\/media\/5940020"}],"wp:attachment":[{"href":"https:\/\/stoic-curie.212-227-153-4.plesk.page\/de\/wp-json\/wp\/v2\/media?parent=734226"}],"wp:term":[{"taxonomy":"product_brand","embeddable":true,"href":"https:\/\/stoic-curie.212-227-153-4.plesk.page\/de\/wp-json\/wp\/v2\/product_brand?post=734226"},{"taxonomy":"product_cat","embeddable":true,"href":"https:\/\/stoic-curie.212-227-153-4.plesk.page\/de\/wp-json\/wp\/v2\/product_cat?post=734226"},{"taxonomy":"product_tag","embeddable":true,"href":"https:\/\/stoic-curie.212-227-153-4.plesk.page\/de\/wp-json\/wp\/v2\/product_tag?post=734226"}],"curies":[{"name":"wp","href":"https:\/\/api.w.org\/{rel}","templated":true}]}}