{"id":734236,"date":"2025-03-03T16:23:13","date_gmt":"2025-03-03T15:23:13","guid":{"rendered":"https:\/\/stoic-curie.212-227-153-4.plesk.page\/producto\/eva-stossstange-b70-finger-80x14x4cm\/"},"modified":"2026-02-24T23:34:52","modified_gmt":"2026-02-24T23:34:52","slug":"eva-stossstange-b70-finger-80x14x4cm","status":"publish","type":"product","link":"https:\/\/stoic-curie.212-227-153-4.plesk.page\/de\/product\/eva-stossstange-b70-finger-80x14x4cm\/","title":{"rendered":"EVA Sto\u00dfstange B70 Finger &#8211; 80x14x4cm"},"content":{"rendered":"<p>EVA Sto\u00dfstange B70 Finger &#8211; 80x14x4cm &#8211; <\/p>\n<p>B70 modul\u00e4re und d\u00fcnne Sto\u00dfstange f\u00fcr Liegepl\u00e4tze, Pontons, Fingerstege und Transportanlagen. Hergestellt aus extra starkem E.V.A. weichem Schaumstoff, der seine urspr\u00fcngliche Form auch nach starker Biegung zur\u00fcckerh\u00e4lt. Widerstandsf\u00e4hig gegen Witterungseinfl\u00fcsse, \u00d6le und L\u00f6sungsmittel.<\/p>\n","protected":false},"excerpt":{"rendered":"<p>EVA Sto\u00dfstange B70 Finger &#8211; 80x14x4cm &#8211; B70 modul\u00e4re und d\u00fcnne Sto\u00dfstange f\u00fcr Liegepl\u00e4tze, Pontons, Fingerstege und Transportanlagen. Hergestellt aus<\/p>\n","protected":false},"featured_media":5940056,"comment_status":"open","ping_status":"closed","template":"","meta":[],"product_brand":[3090],"product_cat":[1562],"product_tag":[],"class_list":{"0":"post-734236","1":"product","2":"type-product","3":"status-publish","4":"has-post-thumbnail","6":"product_brand-majoni-de","7":"product_cat-anlegestossdaempfer","9":"first","10":"instock","11":"shipping-taxable","12":"purchasable","13":"product-type-simple"},"_links":{"self":[{"href":"https:\/\/stoic-curie.212-227-153-4.plesk.page\/de\/wp-json\/wp\/v2\/product\/734236","targetHints":{"allow":["GET"]}}],"collection":[{"href":"https:\/\/stoic-curie.212-227-153-4.plesk.page\/de\/wp-json\/wp\/v2\/product"}],"about":[{"href":"https:\/\/stoic-curie.212-227-153-4.plesk.page\/de\/wp-json\/wp\/v2\/types\/product"}],"replies":[{"embeddable":true,"href":"https:\/\/stoic-curie.212-227-153-4.plesk.page\/de\/wp-json\/wp\/v2\/comments?post=734236"}],"version-history":[{"count":0,"href":"https:\/\/stoic-curie.212-227-153-4.plesk.page\/de\/wp-json\/wp\/v2\/product\/734236\/revisions"}],"wp:featuredmedia":[{"embeddable":true,"href":"https:\/\/stoic-curie.212-227-153-4.plesk.page\/de\/wp-json\/wp\/v2\/media\/5940056"}],"wp:attachment":[{"href":"https:\/\/stoic-curie.212-227-153-4.plesk.page\/de\/wp-json\/wp\/v2\/media?parent=734236"}],"wp:term":[{"taxonomy":"product_brand","embeddable":true,"href":"https:\/\/stoic-curie.212-227-153-4.plesk.page\/de\/wp-json\/wp\/v2\/product_brand?post=734236"},{"taxonomy":"product_cat","embeddable":true,"href":"https:\/\/stoic-curie.212-227-153-4.plesk.page\/de\/wp-json\/wp\/v2\/product_cat?post=734236"},{"taxonomy":"product_tag","embeddable":true,"href":"https:\/\/stoic-curie.212-227-153-4.plesk.page\/de\/wp-json\/wp\/v2\/product_tag?post=734236"}],"curies":[{"name":"wp","href":"https:\/\/api.w.org\/{rel}","templated":true}]}}