{"id":734237,"date":"2025-03-03T16:23:13","date_gmt":"2025-03-03T15:23:13","guid":{"rendered":"https:\/\/stoic-curie.212-227-153-4.plesk.page\/producto\/eva-stossstange-b80-linear-85x12x8cm\/"},"modified":"2026-02-24T23:34:52","modified_gmt":"2026-02-24T23:34:52","slug":"eva-stossstange-b80-linear-85x12x8cm","status":"publish","type":"product","link":"https:\/\/stoic-curie.212-227-153-4.plesk.page\/de\/product\/eva-stossstange-b80-linear-85x12x8cm\/","title":{"rendered":"EVA Sto\u00dfstange B80 Linear &#8211; 85x12x8cm"},"content":{"rendered":"<p>EVA Sto\u00dfstange B80 Linear &#8211; 85x12x8cm &#8211; <\/p>\n<p>B80\/90 langer und schlanker Sto\u00dff\u00e4nger f\u00fcr Liegepl\u00e4tze, Pontons, Fingerstege und Transportdocks. Aus extra starkem E.V.A. weichem Schaumstoff, der seine urspr\u00fcngliche Form wiedererlangt, selbst wenn er stark gebogen wird. Wetterbest\u00e4ndig und resistent gegen\u00fcber \u00d6len und L\u00f6sungsmitteln.<\/p>\n","protected":false},"excerpt":{"rendered":"<p>EVA Sto\u00dfstange B80 Linear &#8211; 85x12x8cm &#8211; B80\/90 langer und schlanker Sto\u00dff\u00e4nger f\u00fcr Liegepl\u00e4tze, Pontons, Fingerstege und Transportdocks. Aus extra<\/p>\n","protected":false},"featured_media":5940059,"comment_status":"open","ping_status":"closed","template":"","meta":[],"product_brand":[3090],"product_cat":[1562],"product_tag":[],"class_list":{"0":"post-734237","1":"product","2":"type-product","3":"status-publish","4":"has-post-thumbnail","6":"product_brand-majoni-de","7":"product_cat-anlegestossdaempfer","9":"first","10":"outofstock","11":"shipping-taxable","12":"purchasable","13":"product-type-simple"},"_links":{"self":[{"href":"https:\/\/stoic-curie.212-227-153-4.plesk.page\/de\/wp-json\/wp\/v2\/product\/734237","targetHints":{"allow":["GET"]}}],"collection":[{"href":"https:\/\/stoic-curie.212-227-153-4.plesk.page\/de\/wp-json\/wp\/v2\/product"}],"about":[{"href":"https:\/\/stoic-curie.212-227-153-4.plesk.page\/de\/wp-json\/wp\/v2\/types\/product"}],"replies":[{"embeddable":true,"href":"https:\/\/stoic-curie.212-227-153-4.plesk.page\/de\/wp-json\/wp\/v2\/comments?post=734237"}],"version-history":[{"count":0,"href":"https:\/\/stoic-curie.212-227-153-4.plesk.page\/de\/wp-json\/wp\/v2\/product\/734237\/revisions"}],"wp:featuredmedia":[{"embeddable":true,"href":"https:\/\/stoic-curie.212-227-153-4.plesk.page\/de\/wp-json\/wp\/v2\/media\/5940059"}],"wp:attachment":[{"href":"https:\/\/stoic-curie.212-227-153-4.plesk.page\/de\/wp-json\/wp\/v2\/media?parent=734237"}],"wp:term":[{"taxonomy":"product_brand","embeddable":true,"href":"https:\/\/stoic-curie.212-227-153-4.plesk.page\/de\/wp-json\/wp\/v2\/product_brand?post=734237"},{"taxonomy":"product_cat","embeddable":true,"href":"https:\/\/stoic-curie.212-227-153-4.plesk.page\/de\/wp-json\/wp\/v2\/product_cat?post=734237"},{"taxonomy":"product_tag","embeddable":true,"href":"https:\/\/stoic-curie.212-227-153-4.plesk.page\/de\/wp-json\/wp\/v2\/product_tag?post=734237"}],"curies":[{"name":"wp","href":"https:\/\/api.w.org\/{rel}","templated":true}]}}