{"id":734239,"date":"2025-03-03T16:23:14","date_gmt":"2025-03-03T15:23:14","guid":{"rendered":"https:\/\/stoic-curie.212-227-153-4.plesk.page\/producto\/eva-stossstange-b100-95x35x18cm\/"},"modified":"2026-02-24T23:34:52","modified_gmt":"2026-02-24T23:34:52","slug":"eva-stossstange-b100-95x35x18cm","status":"publish","type":"product","link":"https:\/\/stoic-curie.212-227-153-4.plesk.page\/de\/product\/eva-stossstange-b100-95x35x18cm\/","title":{"rendered":"EVA Sto\u00dfstange B100 &#8211; 95x35x18cm"},"content":{"rendered":"<p>EVA Sto\u00dfstange B100 &#8211; 95x35x18cm &#8211; <\/p>\n<p>B60\/100 gro\u00dfer kompakter Puffer f\u00fcr Liegepl\u00e4tze, Pontons und Ladeeinrichtungen. Hergestellt aus extra starkem E.V.A.-Schaumstoff, der auch bei starker Verformung seine urspr\u00fcngliche Form zur\u00fcckgewinnt. Wetterbest\u00e4ndig und resistent gegen \u00d6le und L\u00f6sungsmittel.<\/p>\n","protected":false},"excerpt":{"rendered":"<p>EVA Sto\u00dfstange B100 &#8211; 95x35x18cm &#8211; B60\/100 gro\u00dfer kompakter Puffer f\u00fcr Liegepl\u00e4tze, Pontons und Ladeeinrichtungen. Hergestellt aus extra starkem E.V.A.-Schaumstoff,<\/p>\n","protected":false},"featured_media":5940071,"comment_status":"open","ping_status":"closed","template":"","meta":[],"product_brand":[3090],"product_cat":[1562],"product_tag":[],"class_list":{"0":"post-734239","1":"product","2":"type-product","3":"status-publish","4":"has-post-thumbnail","6":"product_brand-majoni-de","7":"product_cat-anlegestossdaempfer","9":"first","10":"instock","11":"shipping-taxable","12":"purchasable","13":"product-type-simple"},"_links":{"self":[{"href":"https:\/\/stoic-curie.212-227-153-4.plesk.page\/de\/wp-json\/wp\/v2\/product\/734239","targetHints":{"allow":["GET"]}}],"collection":[{"href":"https:\/\/stoic-curie.212-227-153-4.plesk.page\/de\/wp-json\/wp\/v2\/product"}],"about":[{"href":"https:\/\/stoic-curie.212-227-153-4.plesk.page\/de\/wp-json\/wp\/v2\/types\/product"}],"replies":[{"embeddable":true,"href":"https:\/\/stoic-curie.212-227-153-4.plesk.page\/de\/wp-json\/wp\/v2\/comments?post=734239"}],"version-history":[{"count":0,"href":"https:\/\/stoic-curie.212-227-153-4.plesk.page\/de\/wp-json\/wp\/v2\/product\/734239\/revisions"}],"wp:featuredmedia":[{"embeddable":true,"href":"https:\/\/stoic-curie.212-227-153-4.plesk.page\/de\/wp-json\/wp\/v2\/media\/5940071"}],"wp:attachment":[{"href":"https:\/\/stoic-curie.212-227-153-4.plesk.page\/de\/wp-json\/wp\/v2\/media?parent=734239"}],"wp:term":[{"taxonomy":"product_brand","embeddable":true,"href":"https:\/\/stoic-curie.212-227-153-4.plesk.page\/de\/wp-json\/wp\/v2\/product_brand?post=734239"},{"taxonomy":"product_cat","embeddable":true,"href":"https:\/\/stoic-curie.212-227-153-4.plesk.page\/de\/wp-json\/wp\/v2\/product_cat?post=734239"},{"taxonomy":"product_tag","embeddable":true,"href":"https:\/\/stoic-curie.212-227-153-4.plesk.page\/de\/wp-json\/wp\/v2\/product_tag?post=734239"}],"curies":[{"name":"wp","href":"https:\/\/api.w.org\/{rel}","templated":true}]}}