{"id":734240,"date":"2025-03-03T16:23:14","date_gmt":"2025-03-03T15:23:14","guid":{"rendered":"https:\/\/stoic-curie.212-227-153-4.plesk.page\/producto\/eva-stossstange-bc60-eckig-30x60x13cm\/"},"modified":"2026-02-24T23:34:52","modified_gmt":"2026-02-24T23:34:52","slug":"eva-stossstange-bc60-eckig-30x60x13cm","status":"publish","type":"product","link":"https:\/\/stoic-curie.212-227-153-4.plesk.page\/de\/product\/eva-stossstange-bc60-eckig-30x60x13cm\/","title":{"rendered":"EVA Sto\u00dfstange BC60 Eckig &#8211; 30x60x13cm"},"content":{"rendered":"<p>EVA Sto\u00dfstange BC60 Eckig &#8211; 30x60x13cm &#8211; <\/p>\n<p>BC60-Eckpuffer bietet perfekten Schutz f\u00fcr Pontons, Liegepl\u00e4tze und die Ecken und Kanten von Docks. Hergestellt aus extra starkem E.V.A.-Schaumstoff, der seine urspr\u00fcngliche Form selbst nach starker Biegung wiederherstellt. Wetterfest, \u00f6l- und l\u00f6sungsmittelbest\u00e4ndig.<\/p>\n","protected":false},"excerpt":{"rendered":"<p>EVA Sto\u00dfstange BC60 Eckig &#8211; 30x60x13cm &#8211; BC60-Eckpuffer bietet perfekten Schutz f\u00fcr Pontons, Liegepl\u00e4tze und die Ecken und Kanten von<\/p>\n","protected":false},"featured_media":5940076,"comment_status":"open","ping_status":"closed","template":"","meta":[],"product_brand":[3090],"product_cat":[1562],"product_tag":[],"class_list":{"0":"post-734240","1":"product","2":"type-product","3":"status-publish","4":"has-post-thumbnail","6":"product_brand-majoni-de","7":"product_cat-anlegestossdaempfer","9":"first","10":"instock","11":"shipping-taxable","12":"purchasable","13":"product-type-simple"},"_links":{"self":[{"href":"https:\/\/stoic-curie.212-227-153-4.plesk.page\/de\/wp-json\/wp\/v2\/product\/734240","targetHints":{"allow":["GET"]}}],"collection":[{"href":"https:\/\/stoic-curie.212-227-153-4.plesk.page\/de\/wp-json\/wp\/v2\/product"}],"about":[{"href":"https:\/\/stoic-curie.212-227-153-4.plesk.page\/de\/wp-json\/wp\/v2\/types\/product"}],"replies":[{"embeddable":true,"href":"https:\/\/stoic-curie.212-227-153-4.plesk.page\/de\/wp-json\/wp\/v2\/comments?post=734240"}],"version-history":[{"count":0,"href":"https:\/\/stoic-curie.212-227-153-4.plesk.page\/de\/wp-json\/wp\/v2\/product\/734240\/revisions"}],"wp:featuredmedia":[{"embeddable":true,"href":"https:\/\/stoic-curie.212-227-153-4.plesk.page\/de\/wp-json\/wp\/v2\/media\/5940076"}],"wp:attachment":[{"href":"https:\/\/stoic-curie.212-227-153-4.plesk.page\/de\/wp-json\/wp\/v2\/media?parent=734240"}],"wp:term":[{"taxonomy":"product_brand","embeddable":true,"href":"https:\/\/stoic-curie.212-227-153-4.plesk.page\/de\/wp-json\/wp\/v2\/product_brand?post=734240"},{"taxonomy":"product_cat","embeddable":true,"href":"https:\/\/stoic-curie.212-227-153-4.plesk.page\/de\/wp-json\/wp\/v2\/product_cat?post=734240"},{"taxonomy":"product_tag","embeddable":true,"href":"https:\/\/stoic-curie.212-227-153-4.plesk.page\/de\/wp-json\/wp\/v2\/product_tag?post=734240"}],"curies":[{"name":"wp","href":"https:\/\/api.w.org\/{rel}","templated":true}]}}