{"id":734241,"date":"2025-03-03T16:23:14","date_gmt":"2025-03-03T15:23:14","guid":{"rendered":"https:\/\/stoic-curie.212-227-153-4.plesk.page\/producto\/polyform-f3-745x215mm\/"},"modified":"2026-02-24T23:34:52","modified_gmt":"2026-02-24T23:34:52","slug":"polyform-f3-745x215mm","status":"publish","type":"product","link":"https:\/\/stoic-curie.212-227-153-4.plesk.page\/de\/product\/polyform-f3-745x215mm\/","title":{"rendered":"Polyform F3"},"content":{"rendered":"<p>Polyform F3 &#8211; <\/p>\n<p>Polyform F3 (745x215mm). Der POLYFORM\u00ae F3 ist ein hochwertiger, nahtloser, robuster Fender mit einem stabilen, vorgefertigten Spritzguss-Seilanschluss. Dieser Fender und sein ribbenverst\u00e4rkter Seilanschluss werden mit unserer patentierten POLYMATIQ-Technologie integriert. Die F-Serie Fender bestehen aus einer einzigartigen Mischung aus langlebigen, flexiblen Vinylmaterialien, die sie gegen alle Wetterbedingungen widerstandsf\u00e4hig machen.<\/p>\n<p>Weltweit eingesetzt, sind die F-Serie Fender ideal f\u00fcr Motorboote, Yachten, Arbeitboote und Lotsenboote. Die gr\u00f6\u00dften Modelle werden sogar von nationalen Marinen f\u00fcr Schiffe mit einem Gewicht von bis zu 1.500 Tonnen genutzt.<\/p>\n<p><strong>Produktdetails:<\/strong><\/p>\n<ul>\n<li>Artikelnummer: F3<\/li>\n<li>Maximaler Durchmesser: 220 mm<\/li>\n<li>H\u00f6he: 745 mm<\/li>\n<li>Nenngewicht: 2,1 kg<\/li>\n<li>Augen Durchmesser f\u00fcr Seilanschluss: 28 mm<\/li>\n<li>Ventiltyp: V10<\/li>\n<li>Bruttovolumen: 22 L<\/li>\n<\/ul>\n<p><strong>Technische Spezifikationen:<\/strong><\/p>\n<ul>\n<li>Zugbelastung f\u00fcr Seilanschluss: 1400 kp<\/li>\n<li>Materialh\u00e4rte des K\u00f6rpers: Shore A 66<\/li>\n<li>Zugfestigkeit: 13,9 MPa<\/li>\n<li>Dehnung beim Bruch: 587%<\/li>\n<li>K\u00e4ltetemperaturbest\u00e4ndigkeit: -33\u00b0C<\/li>\n<li>Empfohlene H\u00f6chsttemperatur: 40\u00b0C<\/li>\n<li>Maximale Temperatur: 50\u00b0C<\/li>\n<li>Spezifisches Gewicht: 1,17<\/li>\n<\/ul>\n<p>Sowohl der K\u00f6rper als auch der Seilanschluss bestehen aus PVC, was sicherstellt, dass sie frei von FCKWs und Cadmium sind. Hergestellt von Polymatic\u00ae<\/p>\n","protected":false},"excerpt":{"rendered":"<p>Polyform F3 &#8211; Polyform F3 (745x215mm). Der POLYFORM\u00ae F3 ist ein hochwertiger, nahtloser, robuster Fender mit einem stabilen, vorgefertigten Spritzguss-Seilanschluss.<\/p>\n","protected":false},"featured_media":5940078,"comment_status":"open","ping_status":"closed","template":"","meta":[],"product_brand":[3270],"product_cat":[1561],"product_tag":[],"class_list":{"0":"post-734241","1":"product","2":"type-product","3":"status-publish","4":"has-post-thumbnail","6":"product_brand-polyform-de","7":"product_cat-fender","9":"first","10":"instock","11":"shipping-taxable","12":"purchasable","13":"product-type-simple"},"_links":{"self":[{"href":"https:\/\/stoic-curie.212-227-153-4.plesk.page\/de\/wp-json\/wp\/v2\/product\/734241","targetHints":{"allow":["GET"]}}],"collection":[{"href":"https:\/\/stoic-curie.212-227-153-4.plesk.page\/de\/wp-json\/wp\/v2\/product"}],"about":[{"href":"https:\/\/stoic-curie.212-227-153-4.plesk.page\/de\/wp-json\/wp\/v2\/types\/product"}],"replies":[{"embeddable":true,"href":"https:\/\/stoic-curie.212-227-153-4.plesk.page\/de\/wp-json\/wp\/v2\/comments?post=734241"}],"version-history":[{"count":0,"href":"https:\/\/stoic-curie.212-227-153-4.plesk.page\/de\/wp-json\/wp\/v2\/product\/734241\/revisions"}],"wp:featuredmedia":[{"embeddable":true,"href":"https:\/\/stoic-curie.212-227-153-4.plesk.page\/de\/wp-json\/wp\/v2\/media\/5940078"}],"wp:attachment":[{"href":"https:\/\/stoic-curie.212-227-153-4.plesk.page\/de\/wp-json\/wp\/v2\/media?parent=734241"}],"wp:term":[{"taxonomy":"product_brand","embeddable":true,"href":"https:\/\/stoic-curie.212-227-153-4.plesk.page\/de\/wp-json\/wp\/v2\/product_brand?post=734241"},{"taxonomy":"product_cat","embeddable":true,"href":"https:\/\/stoic-curie.212-227-153-4.plesk.page\/de\/wp-json\/wp\/v2\/product_cat?post=734241"},{"taxonomy":"product_tag","embeddable":true,"href":"https:\/\/stoic-curie.212-227-153-4.plesk.page\/de\/wp-json\/wp\/v2\/product_tag?post=734241"}],"curies":[{"name":"wp","href":"https:\/\/api.w.org\/{rel}","templated":true}]}}