{"id":734242,"date":"2025-03-03T16:23:14","date_gmt":"2025-03-03T15:23:14","guid":{"rendered":"https:\/\/stoic-curie.212-227-153-4.plesk.page\/producto\/polyform-f4-1050x215mm\/"},"modified":"2026-02-24T23:34:52","modified_gmt":"2026-02-24T23:34:52","slug":"polyform-f4-1050x215mm","status":"publish","type":"product","link":"https:\/\/stoic-curie.212-227-153-4.plesk.page\/de\/product\/polyform-f4-1050x215mm\/","title":{"rendered":"Polyform F4"},"content":{"rendered":"<p>Polyform F4 &#8211; <\/p>\n<p>Polyform F4 (1050x215mm). Der POLYFORM\u00ae F4 ist ein hochwertiger, nahtloser, robuster Fender mit einem vorgefertigten, spritzgegossenen Seilgriff. Dieser Fender und sein verst\u00e4rkter Seilgriff werden mit unserer patentierten POLYMATIQ-Technologie integriert. Die F-Serie Fender sind aus einer einzigartigen Mischung hochwertiger, flexibler Vinylmaterialien gefertigt, die Haltbarkeit unter allen Wetterbedingungen gew\u00e4hrleisten. Diese Fender werden weltweit f\u00fcr verschiedene Anwendungen eingesetzt, darunter Freizeitboote, Jachten, Arbeitsboote und Lotsenboote. Die gr\u00f6\u00dften F-Serie Fender werden sogar von nationalen Marinen f\u00fcr Schiffe mit einem Gewicht von bis zu 1500 Tonnen eingesetzt.<\/p>\n<p><strong>Produktspezifikationen:<\/strong><\/p>\n<ul>\n<li>Artikelnummer: F4<\/li>\n<li>Maximaler Durchmesser: 220 mm<\/li>\n<li>Maximale H\u00f6he: 1040 mm<\/li>\n<li>Nenngewicht: 2,9 kg<\/li>\n<li>\u00d6ffnungsdurchmesser f\u00fcr Seilgriff: 28 mm<\/li>\n<li>Ventiltyp: V10<\/li>\n<li>Bruttovolumen: 35 L<\/li>\n<\/ul>\n<p><strong>Technische Informationen:<\/strong><\/p>\n<ul>\n<li>Zugbelastung f\u00fcr Seilgriff: 1400 kp<\/li>\n<li>H\u00e4rte des K\u00f6rpermaterials (Shore A): 66<\/li>\n<li>Zugfestigkeit: 13,9 MPa<\/li>\n<li>Dehnung bis zum Bruch: 587%<\/li>\n<li>K\u00e4lteflextemperatur: -33\u00b0C<\/li>\n<li>Empfohlene max. Temperatur: 40\u00b0C<\/li>\n<li>Maximale Temperatur: 50\u00b0C<\/li>\n<li>Spezifisches Gewicht: 1,17<\/li>\n<\/ul>\n<p>Der K\u00f6rper und der Seilgriff bestehen aus PVC, was sicherstellt, dass keine FCKW verwendet werden und cadmiumfrei ist.<\/p>\n","protected":false},"excerpt":{"rendered":"<p>Polyform F4 &#8211; Polyform F4 (1050x215mm). Der POLYFORM\u00ae F4 ist ein hochwertiger, nahtloser, robuster Fender mit einem vorgefertigten, spritzgegossenen Seilgriff.<\/p>\n","protected":false},"featured_media":5940078,"comment_status":"open","ping_status":"closed","template":"","meta":[],"product_brand":[3270],"product_cat":[1561],"product_tag":[],"class_list":{"0":"post-734242","1":"product","2":"type-product","3":"status-publish","4":"has-post-thumbnail","6":"product_brand-polyform-de","7":"product_cat-fender","9":"first","10":"instock","11":"shipping-taxable","12":"purchasable","13":"product-type-simple"},"_links":{"self":[{"href":"https:\/\/stoic-curie.212-227-153-4.plesk.page\/de\/wp-json\/wp\/v2\/product\/734242","targetHints":{"allow":["GET"]}}],"collection":[{"href":"https:\/\/stoic-curie.212-227-153-4.plesk.page\/de\/wp-json\/wp\/v2\/product"}],"about":[{"href":"https:\/\/stoic-curie.212-227-153-4.plesk.page\/de\/wp-json\/wp\/v2\/types\/product"}],"replies":[{"embeddable":true,"href":"https:\/\/stoic-curie.212-227-153-4.plesk.page\/de\/wp-json\/wp\/v2\/comments?post=734242"}],"version-history":[{"count":0,"href":"https:\/\/stoic-curie.212-227-153-4.plesk.page\/de\/wp-json\/wp\/v2\/product\/734242\/revisions"}],"wp:featuredmedia":[{"embeddable":true,"href":"https:\/\/stoic-curie.212-227-153-4.plesk.page\/de\/wp-json\/wp\/v2\/media\/5940078"}],"wp:attachment":[{"href":"https:\/\/stoic-curie.212-227-153-4.plesk.page\/de\/wp-json\/wp\/v2\/media?parent=734242"}],"wp:term":[{"taxonomy":"product_brand","embeddable":true,"href":"https:\/\/stoic-curie.212-227-153-4.plesk.page\/de\/wp-json\/wp\/v2\/product_brand?post=734242"},{"taxonomy":"product_cat","embeddable":true,"href":"https:\/\/stoic-curie.212-227-153-4.plesk.page\/de\/wp-json\/wp\/v2\/product_cat?post=734242"},{"taxonomy":"product_tag","embeddable":true,"href":"https:\/\/stoic-curie.212-227-153-4.plesk.page\/de\/wp-json\/wp\/v2\/product_tag?post=734242"}],"curies":[{"name":"wp","href":"https:\/\/api.w.org\/{rel}","templated":true}]}}