{"id":734243,"date":"2025-03-03T16:23:14","date_gmt":"2025-03-03T15:23:14","guid":{"rendered":"https:\/\/stoic-curie.212-227-153-4.plesk.page\/producto\/polyform-f5-770x300mm\/"},"modified":"2026-02-24T23:34:52","modified_gmt":"2026-02-24T23:34:52","slug":"polyform-f5-770x300mm","status":"publish","type":"product","link":"https:\/\/stoic-curie.212-227-153-4.plesk.page\/de\/product\/polyform-f5-770x300mm\/","title":{"rendered":"Polyform F5"},"content":{"rendered":"<p>Polyform F5 &#8211; <\/p>\n<p>Polyform F5 (770x300mm). Der POLYFORM\u00ae F5 ist ein erstklassiger, schwerer Fender, der \u00fcber einen robusten, vorgefertigten Spritzguss-Ropehold verf\u00fcgt. Dieser Fender und sein verst\u00e4rkter Ropehold sind nahtlos mit unserer propriet\u00e4ren Rotomolding WELCOTEC-Technologie integriert. Die F-Serie wird aus einer einzigartigen Mischung hochwertiger, flexibler Vinylmaterialien hergestellt, die eine Langlebigkeit unter allen Wetterbedingungen garantieren. Diese Fender werden weltweit zum Schutz von Freizeitbooten, Yachten, Arbeitsbooten und Lotsenbooten eingesetzt. Die gr\u00f6\u00dften Fender der F-Serie werden sogar von den Marinen nationaler Staaten f\u00fcr Schiffe mit einem Gewicht von bis zu 1.500 Tonnen verwendet.<\/p>\n<p><strong>Produkspezifikationen:<\/strong><\/p>\n<ul>\n<li>Artikelnummer: F5<\/li>\n<li>Maximaler Durchmesser: 290 mm<\/li>\n<li>Maximale H\u00f6he: 775 mm<\/li>\n<li>Nettogewicht: 3,0 kg<\/li>\n<li>Augendurchmesser f\u00fcr Ropehold: 28 mm<\/li>\n<li>Ventiltyp: V10<\/li>\n<li>Bruttovolumen: 35 L<\/li>\n<\/ul>\n<p><strong>Technische Informationen:<\/strong><\/p>\n<ul>\n<li>Bruchlast f\u00fcr Ropehold: 1400 kp<\/li>\n<li>H\u00e4rte des Fenderk\u00f6rpers: Shore A 66<\/li>\n<li>Zugfestigkeit: 13,9 MPa<\/li>\n<li>Dehnung beim Bruch: 587%<\/li>\n<li>K\u00e4lteflex-Temperatur: -33\u00b0C<\/li>\n<li>Empfohlene H\u00f6chsttemperatur: 40\u00b0C<\/li>\n<li>Maximale Temperatur: 50\u00b0C<\/li>\n<li>Spezifisches Gewicht: 1,17<\/li>\n<\/ul>\n<p>Sowohl der K\u00f6rper als auch der Ropehold sind aus PVC gefertigt und frei von FCKW und Cadmium.<\/p>\n","protected":false},"excerpt":{"rendered":"<p>Polyform F5 &#8211; Polyform F5 (770x300mm). Der POLYFORM\u00ae F5 ist ein erstklassiger, schwerer Fender, der \u00fcber einen robusten, vorgefertigten Spritzguss-Ropehold<\/p>\n","protected":false},"featured_media":5940078,"comment_status":"open","ping_status":"closed","template":"","meta":[],"product_brand":[3270],"product_cat":[1561],"product_tag":[],"class_list":{"0":"post-734243","1":"product","2":"type-product","3":"status-publish","4":"has-post-thumbnail","6":"product_brand-polyform-de","7":"product_cat-fender","9":"first","10":"instock","11":"shipping-taxable","12":"purchasable","13":"product-type-simple"},"_links":{"self":[{"href":"https:\/\/stoic-curie.212-227-153-4.plesk.page\/de\/wp-json\/wp\/v2\/product\/734243","targetHints":{"allow":["GET"]}}],"collection":[{"href":"https:\/\/stoic-curie.212-227-153-4.plesk.page\/de\/wp-json\/wp\/v2\/product"}],"about":[{"href":"https:\/\/stoic-curie.212-227-153-4.plesk.page\/de\/wp-json\/wp\/v2\/types\/product"}],"replies":[{"embeddable":true,"href":"https:\/\/stoic-curie.212-227-153-4.plesk.page\/de\/wp-json\/wp\/v2\/comments?post=734243"}],"version-history":[{"count":0,"href":"https:\/\/stoic-curie.212-227-153-4.plesk.page\/de\/wp-json\/wp\/v2\/product\/734243\/revisions"}],"wp:featuredmedia":[{"embeddable":true,"href":"https:\/\/stoic-curie.212-227-153-4.plesk.page\/de\/wp-json\/wp\/v2\/media\/5940078"}],"wp:attachment":[{"href":"https:\/\/stoic-curie.212-227-153-4.plesk.page\/de\/wp-json\/wp\/v2\/media?parent=734243"}],"wp:term":[{"taxonomy":"product_brand","embeddable":true,"href":"https:\/\/stoic-curie.212-227-153-4.plesk.page\/de\/wp-json\/wp\/v2\/product_brand?post=734243"},{"taxonomy":"product_cat","embeddable":true,"href":"https:\/\/stoic-curie.212-227-153-4.plesk.page\/de\/wp-json\/wp\/v2\/product_cat?post=734243"},{"taxonomy":"product_tag","embeddable":true,"href":"https:\/\/stoic-curie.212-227-153-4.plesk.page\/de\/wp-json\/wp\/v2\/product_tag?post=734243"}],"curies":[{"name":"wp","href":"https:\/\/api.w.org\/{rel}","templated":true}]}}